{"id":2386,"date":"2021-03-31T14:02:17","date_gmt":"2021-03-31T12:02:17","guid":{"rendered":"https:\/\/visiotruck.com\/localizacion-de-visiotruck\/"},"modified":"2025-01-16T13:13:05","modified_gmt":"2025-01-16T12:13:05","slug":"localizacion-de-visiotruck","status":"publish","type":"page","link":"https:\/\/visiotruck.com\/es\/localizacion-de-visiotruck\/","title":{"rendered":"Localizaci\u00f3n de Visiotruck"},"content":{"rendered":"<style type=\"text\/css\"><\/style>\n<div class=\"kc-elm kc-css-1574432 kc-row-container module\">\n<div class=\"wc-row row\">\n<div class=\"kc-wrap-columns\">\n<div class=\"kc-elm kc-css-1595376 small-12 columns small-12\">\n<div class=\"kc-col-container\">\n<div class=\"kc-elm kc-css-235297 kc_text_block\">\n<p style=\"text-align: center;\"><strong>\u00bfEst\u00e1s renovando tu tienda?  <\/strong><\/p>\n<p style=\"text-align: center;\"><strong>\u00a1No cierres!<\/strong><\/p>\n<p style=\"text-align: center;\"><strong>Qu\u00e9date con el 70% de tus ventas<\/strong><\/p>\n<p style=\"text-align: center;\"><strong>Visiotruck alquila un cami\u00f3n totalmente equipado para que aparque delante de tu escaparate y puedas permanecer abierto.<br \/><\/strong><\/p>\n<p style=\"text-align: center;\"><strong>     <\/strong><\/p>\n<\/div>\n<div class=\"kc-elm kc-css-3876447 kc_shortcode kc_single_image\">\n<p>        <img decoding=\"async\" src=\"https:\/\/visiotruck.com\/wp-content\/uploads\/2023\/09\/visiotruck-location.jpg\" class=\"\" alt=\"alquiler de camiones para \u00f3pticos\">    <\/div>\n<div class=\"kc-elm kc-css-2832076 kc_shortcode kc_single_image\">\n<p>        <img decoding=\"async\" src=\"https:\/\/visiotruck.com\/wp-content\/uploads\/2023\/07\/louer-camion-opticien.jpg\" class=\"\" alt=\"\">    <\/div>\n<div class=\"kc-elm kc-css-951721 kc_shortcode kc_single_image\">\n<p>        <img decoding=\"async\" src=\"https:\/\/visiotruck.com\/wp-content\/uploads\/2023\/07\/camion-optique-location.jpg\" class=\"\" alt=\"\">    <\/div>\n<div class=\"kc-elm kc-css-2195396 kc_text_block\">\n<p style=\"text-align: center;\"><strong> <\/strong><\/p>\n<p style=\"text-align: center;\"><strong>El equipo<\/strong><\/p>\n<table style=\"height: 255px;\" width=\"589\">\n<tbody>\n<tr>\n<td width=\"254\">Wifi 5G Orange<\/td>\n<td width=\"232\"> <\/td>\n<\/tr>\n<tr>\n<td>&#8211; 3 mesas de venta: 2 sentadas y 1 de pie<\/td>\n<td>&#8211; Silla de exploraci\u00f3n ocular + 1 reposacabezas<\/td>\n<\/tr>\n<tr>\n<td>&#8211; Impresora<\/td>\n<td>&#8211; Aire acondicionado<\/td>\n<\/tr>\n<tr>\n<td>&#8211; Persianas exteriores<\/td>\n<td>&#8211; Caja de pruebas<\/td>\n<\/tr>\n<tr>\n<td>&#8211; Bandeja de almacenamiento para 1000 marcos<\/td>\n<td>&#8211; Mucho espacio de almacenamiento<\/td>\n<\/tr>\n<tr>\n<td>&#8211; Pantalla de prueba visual<\/td>\n<td>&#8211; Frontofoc\u00f3metro<\/td>\n<\/tr>\n<tr>\n<td>&#8211; Calentador<\/td>\n<td>&#8211; Pinzas<\/td>\n<\/tr>\n<tr>\n<td>&#8211; Destornilladores<\/td>\n<td>&#8211; Barcaza<\/td>\n<\/tr>\n<\/tbody>\n<\/table>\n<\/div>\n<div class=\"kc-elm kc-css-3742019\" style=\"height: 62px; clear: both; width:100%;\"><\/div>\n<div class=\"kc-elm kc-css-3375868 kc_text_block\">\n<p style=\"text-align: center;\"><em><strong>Visiotruck Ubicaci\u00f3n en Mende en agosto de 2023: m\u00e1s de 250 recetas y m\u00e1s de 400 ventas validadas: gafas, lentillas, gafas de sol, etc.<\/strong><\/em><\/p>\n<\/p>\n<\/div>\n<div class=\"kc-elm kc-css-4226805 kc_shortcode kc_single_image\">\n<p>        <img decoding=\"async\" src=\"https:\/\/visiotruck.com\/wp-content\/uploads\/2023\/09\/camion-opticien-location.jpg\" class=\"\" alt=\"alquiler de camiones para \u00f3pticos\">    <\/div>\n<\/div>\n<\/div>\n<\/div>\n<\/div>\n<\/div>\n<div class=\"kc-elm kc-css-2196073 kc-row-container module\">\n<div class=\"wc-row row\">\n<div class=\"kc-wrap-columns\">\n<div class=\"kc-elm kc-css-3728467 small-12 columns small-12\">\n<div class=\"kc-col-container\">\n<div class=\"kc-elm kc-css-3028823\" style=\"height: 62px; clear: both; width:100%;\"><\/div>\n<div class=\"kc-elm kc-css-1835973 kc_text_block\">\n<p style=\"text-align: center;\"><em><strong>Localizaci\u00f3n de Visiotruck para Look Optic: aumento del 72% de las ventas<br \/><\/strong><\/em><\/p>\n<\/p>\n<\/div>\n<div class=\"kc-image-gallery kc-elm kc-css-101882\">\n<div class=\"kc_image_gallery kc-carousel-image kc-grid \" data-image_masonry=\"yes\">\n<div class=\"item-grid grid-2\"><a href=\"https:\/\/visiotruck.com\/wp-content\/uploads\/2024\/01\/visiotruck-magasin-opticien.jpg\" target=\"_blank\"><img decoding=\"async\" src=\"https:\/\/visiotruck.com\/wp-content\/uploads\/2024\/01\/visiotruck-magasin-opticien.jpg\" alt=\"\"><\/a><\/div>\n<div class=\"item-grid grid-2\"><a href=\"https:\/\/visiotruck.com\/wp-content\/uploads\/2024\/01\/visiotruck-camion.jpg\" target=\"_blank\"><img decoding=\"async\" src=\"https:\/\/visiotruck.com\/wp-content\/uploads\/2024\/01\/visiotruck-camion.jpg\" alt=\"\"><\/a><\/div>\n<div class=\"item-grid grid-2\"><a href=\"https:\/\/visiotruck.com\/wp-content\/uploads\/2024\/01\/visiotruck-camion-opticien.jpg\" target=\"_blank\"><img decoding=\"async\" src=\"https:\/\/visiotruck.com\/wp-content\/uploads\/2024\/01\/visiotruck-camion-opticien.jpg\" alt=\"\"><\/a><\/div>\n<div class=\"item-grid grid-2\"><a href=\"https:\/\/visiotruck.com\/wp-content\/uploads\/2024\/01\/magasin-doptique-visiotruck.jpg\" target=\"_blank\"><img decoding=\"async\" src=\"https:\/\/visiotruck.com\/wp-content\/uploads\/2024\/01\/magasin-doptique-visiotruck.jpg\" alt=\"\"><\/a><\/div>\n<div class=\"item-grid grid-2\"><a href=\"https:\/\/visiotruck.com\/wp-content\/uploads\/2024\/01\/camions-optiques-visiotruck.jpg\" target=\"_blank\"><img decoding=\"async\" src=\"https:\/\/visiotruck.com\/wp-content\/uploads\/2024\/01\/camions-optiques-visiotruck.jpg\" alt=\"\"><\/a><\/div>\n<\/div>\n<\/div>\n<div class=\"kc-elm kc-css-427558\" style=\"height: 62px; clear: both; width:100%;\"><\/div>\n<div class=\"kc-elm kc-css-3782122 kc_text_block\">\n<p style=\"text-align: center;\"><em><strong>Localizaci\u00f3n de Visiotruck para la Gira Afflelou: aumento del 65% de las ventas<br \/><\/strong><\/em><\/p>\n<\/p>\n<\/div>\n<div class=\"kc-image-gallery kc-elm kc-css-3524232\">\n<div class=\"kc_image_gallery kc-carousel-image kc-grid \" data-image_masonry=\"yes\">\n<div class=\"item-grid grid-2\"><a href=\"https:\/\/visiotruck.com\/wp-content\/uploads\/2024\/09\/camion-opticien-afflelou.jpg\" target=\"_blank\"><img decoding=\"async\" src=\"https:\/\/visiotruck.com\/wp-content\/uploads\/2024\/09\/camion-opticien-afflelou.jpg\" alt=\"\"><\/a><\/div>\n<div class=\"item-grid grid-2\"><a href=\"https:\/\/visiotruck.com\/wp-content\/uploads\/2024\/09\/camion-opticien-afflelou-tour.jpg\" target=\"_blank\"><img decoding=\"async\" src=\"https:\/\/visiotruck.com\/wp-content\/uploads\/2024\/09\/camion-opticien-afflelou-tour.jpg\" alt=\"\"><\/a><\/div>\n<\/div>\n<\/div>\n<div class=\"kc-elm kc-css-1865147\" style=\"height: 62px; clear: both; width:100%;\"><\/div>\n<div class=\"kc-elm kc-css-3714373 kc_text_block\">\n<p style=\"text-align: center;\"><em><strong>Localizaci\u00f3n de Visiotruck para Krys Nantes: aumento del 68% de las ventas<br \/><\/strong><\/em><\/p>\n<\/p>\n<\/div>\n<div class=\"kc-image-gallery kc-elm kc-css-107522\">\n<div class=\"kc_image_gallery kc-carousel-image kc-grid \" data-image_masonry=\"yes\">\n<div class=\"item-grid grid-2\"><a href=\"https:\/\/visiotruck.com\/wp-content\/uploads\/2024\/09\/camion-optique-krys.jpg\" target=\"_blank\"><img decoding=\"async\" src=\"https:\/\/visiotruck.com\/wp-content\/uploads\/2024\/09\/camion-optique-krys.jpg\" alt=\"\"><\/a><\/div>\n<div class=\"item-grid grid-2\"><a href=\"https:\/\/visiotruck.com\/wp-content\/uploads\/2024\/09\/camion-opticien-krys.jpg\" target=\"_blank\"><img decoding=\"async\" src=\"https:\/\/visiotruck.com\/wp-content\/uploads\/2024\/09\/camion-opticien-krys.jpg\" alt=\"\"><\/a><\/div>\n<div class=\"item-grid grid-2\"><a href=\"https:\/\/visiotruck.com\/wp-content\/uploads\/2024\/09\/camion-opticien-krys-visiotruck.jpg\" target=\"_blank\"><img decoding=\"async\" src=\"https:\/\/visiotruck.com\/wp-content\/uploads\/2024\/09\/camion-opticien-krys-visiotruck.jpg\" alt=\"\"><\/a><\/div>\n<\/div>\n<\/div>\n<\/div>\n<\/div>\n<\/div>\n<\/div>\n<\/div>\n","protected":false},"excerpt":{"rendered":"<p>\u00bfEst\u00e1s renovando tu tienda? \u00a1No cierres! Qu\u00e9date con el 70% de tus ventas Visiotruck alquila un cami\u00f3n totalmente equipado para que aparque delante de tu escaparate y puedas permanecer abierto. El equipo Wifi 5G Orange &#8211; 3 mesas de venta: 2 sentadas y 1 de pie &#8211; Silla de exploraci\u00f3n <a class=\"read-more\" href=\"https:\/\/visiotruck.com\/es\/localizacion-de-visiotruck\/\">Read More&#8230;<\/a><\/p>\n","protected":false},"author":1,"featured_media":0,"parent":0,"menu_order":0,"comment_status":"closed","ping_status":"closed","template":"","meta":{"_uag_custom_page_level_css":"","footnotes":""},"class_list":["post-2386","page","type-page","status-publish","hentry"],"yoast_head":"<!-- This site is optimized with the Yoast SEO plugin v27.4 - https:\/\/yoast.com\/product\/yoast-seo-wordpress\/ -->\n<title>Visiotruck. Alquiler de furgoneta de \u00f3ptico. Venta para profesionales<\/title>\n<meta name=\"description\" content=\"Visiotruck. Alquiler de camiones para \u00f3pticos. Venta para profesionales. Cami\u00f3n \u00f3ptico. Cami\u00f3n \u00f3ptico. Gafas de prueba, pupil\u00f3metro\" \/>\n<meta name=\"robots\" content=\"index, follow, max-snippet:-1, max-image-preview:large, max-video-preview:-1\" \/>\n<link rel=\"canonical\" href=\"https:\/\/visiotruck.com\/es\/localizacion-de-visiotruck\/\" \/>\n<meta property=\"og:locale\" content=\"es_ES\" \/>\n<meta property=\"og:type\" content=\"article\" \/>\n<meta property=\"og:title\" content=\"Visiotruck. Alquiler de furgoneta de \u00f3ptico. Venta para profesionales\" \/>\n<meta property=\"og:description\" content=\"Visiotruck. Alquiler de camiones para \u00f3pticos. Venta para profesionales. Cami\u00f3n \u00f3ptico. Cami\u00f3n \u00f3ptico. Gafas de prueba, pupil\u00f3metro\" \/>\n<meta property=\"og:url\" content=\"https:\/\/visiotruck.com\/es\/localizacion-de-visiotruck\/\" \/>\n<meta property=\"og:site_name\" content=\"VisioTruck\" \/>\n<meta property=\"article:modified_time\" content=\"2025-01-16T12:13:05+00:00\" \/>\n<meta property=\"og:image\" content=\"https:\/\/visiotruck.com\/wp-content\/uploads\/2023\/09\/visiotruck-location.jpg\" \/>\n<meta name=\"twitter:card\" content=\"summary_large_image\" \/>\n<meta name=\"twitter:label1\" content=\"Tiempo de lectura\" \/>\n\t<meta name=\"twitter:data1\" content=\"1 minuto\" \/>\n<script type=\"application\/ld+json\" class=\"yoast-schema-graph\">{\"@context\":\"https:\\\/\\\/schema.org\",\"@graph\":[{\"@type\":\"WebPage\",\"@id\":\"https:\\\/\\\/visiotruck.com\\\/es\\\/localizacion-de-visiotruck\\\/\",\"url\":\"https:\\\/\\\/visiotruck.com\\\/es\\\/localizacion-de-visiotruck\\\/\",\"name\":\"Visiotruck. Alquiler de furgoneta de \u00f3ptico. Venta para profesionales\",\"isPartOf\":{\"@id\":\"https:\\\/\\\/visiotruck.com\\\/es\\\/#website\"},\"primaryImageOfPage\":{\"@id\":\"https:\\\/\\\/visiotruck.com\\\/es\\\/localizacion-de-visiotruck\\\/#primaryimage\"},\"image\":{\"@id\":\"https:\\\/\\\/visiotruck.com\\\/es\\\/localizacion-de-visiotruck\\\/#primaryimage\"},\"thumbnailUrl\":\"https:\\\/\\\/visiotruck.com\\\/wp-content\\\/uploads\\\/2023\\\/09\\\/visiotruck-location.jpg\",\"datePublished\":\"2021-03-31T12:02:17+00:00\",\"dateModified\":\"2025-01-16T12:13:05+00:00\",\"description\":\"Visiotruck. Alquiler de camiones para \u00f3pticos. Venta para profesionales. Cami\u00f3n \u00f3ptico. Cami\u00f3n \u00f3ptico. Gafas de prueba, pupil\u00f3metro\",\"breadcrumb\":{\"@id\":\"https:\\\/\\\/visiotruck.com\\\/es\\\/localizacion-de-visiotruck\\\/#breadcrumb\"},\"inLanguage\":\"es\",\"potentialAction\":[{\"@type\":\"ReadAction\",\"target\":[\"https:\\\/\\\/visiotruck.com\\\/es\\\/localizacion-de-visiotruck\\\/\"]}]},{\"@type\":\"ImageObject\",\"inLanguage\":\"es\",\"@id\":\"https:\\\/\\\/visiotruck.com\\\/es\\\/localizacion-de-visiotruck\\\/#primaryimage\",\"url\":\"https:\\\/\\\/visiotruck.com\\\/wp-content\\\/uploads\\\/2023\\\/09\\\/visiotruck-location.jpg\",\"contentUrl\":\"https:\\\/\\\/visiotruck.com\\\/wp-content\\\/uploads\\\/2023\\\/09\\\/visiotruck-location.jpg\"},{\"@type\":\"BreadcrumbList\",\"@id\":\"https:\\\/\\\/visiotruck.com\\\/es\\\/localizacion-de-visiotruck\\\/#breadcrumb\",\"itemListElement\":[{\"@type\":\"ListItem\",\"position\":1,\"name\":\"Accueil\",\"item\":\"https:\\\/\\\/visiotruck.com\\\/es\\\/?page_id=2309\"},{\"@type\":\"ListItem\",\"position\":2,\"name\":\"Localizaci\u00f3n de Visiotruck\"}]},{\"@type\":\"WebSite\",\"@id\":\"https:\\\/\\\/visiotruck.com\\\/es\\\/#website\",\"url\":\"https:\\\/\\\/visiotruck.com\\\/es\\\/\",\"name\":\"VisioTruck\",\"description\":\"Votre camion d\u2019opticien cl\u00e9 en main !\",\"publisher\":{\"@id\":\"https:\\\/\\\/visiotruck.com\\\/es\\\/#organization\"},\"potentialAction\":[{\"@type\":\"SearchAction\",\"target\":{\"@type\":\"EntryPoint\",\"urlTemplate\":\"https:\\\/\\\/visiotruck.com\\\/es\\\/?s={search_term_string}\"},\"query-input\":{\"@type\":\"PropertyValueSpecification\",\"valueRequired\":true,\"valueName\":\"search_term_string\"}}],\"inLanguage\":\"es\"},{\"@type\":\"Organization\",\"@id\":\"https:\\\/\\\/visiotruck.com\\\/es\\\/#organization\",\"name\":\"Visiotruck - Camion Opticien\",\"url\":\"https:\\\/\\\/visiotruck.com\\\/es\\\/\",\"logo\":{\"@type\":\"ImageObject\",\"inLanguage\":\"es\",\"@id\":\"https:\\\/\\\/visiotruck.com\\\/es\\\/#\\\/schema\\\/logo\\\/image\\\/\",\"url\":\"https:\\\/\\\/visiotruck.com\\\/wp-content\\\/uploads\\\/2021\\\/03\\\/cropped-logo-visiotruck_Page_01-1.png\",\"contentUrl\":\"https:\\\/\\\/visiotruck.com\\\/wp-content\\\/uploads\\\/2021\\\/03\\\/cropped-logo-visiotruck_Page_01-1.png\",\"width\":512,\"height\":512,\"caption\":\"Visiotruck - Camion Opticien\"},\"image\":{\"@id\":\"https:\\\/\\\/visiotruck.com\\\/es\\\/#\\\/schema\\\/logo\\\/image\\\/\"}}]}<\/script>\n<!-- \/ Yoast SEO plugin. -->","yoast_head_json":{"title":"Visiotruck. Alquiler de furgoneta de \u00f3ptico. Venta para profesionales","description":"Visiotruck. Alquiler de camiones para \u00f3pticos. Venta para profesionales. Cami\u00f3n \u00f3ptico. Cami\u00f3n \u00f3ptico. Gafas de prueba, pupil\u00f3metro","robots":{"index":"index","follow":"follow","max-snippet":"max-snippet:-1","max-image-preview":"max-image-preview:large","max-video-preview":"max-video-preview:-1"},"canonical":"https:\/\/visiotruck.com\/es\/localizacion-de-visiotruck\/","og_locale":"es_ES","og_type":"article","og_title":"Visiotruck. Alquiler de furgoneta de \u00f3ptico. Venta para profesionales","og_description":"Visiotruck. Alquiler de camiones para \u00f3pticos. Venta para profesionales. Cami\u00f3n \u00f3ptico. Cami\u00f3n \u00f3ptico. Gafas de prueba, pupil\u00f3metro","og_url":"https:\/\/visiotruck.com\/es\/localizacion-de-visiotruck\/","og_site_name":"VisioTruck","article_modified_time":"2025-01-16T12:13:05+00:00","og_image":[{"url":"https:\/\/visiotruck.com\/wp-content\/uploads\/2023\/09\/visiotruck-location.jpg","type":"","width":"","height":""}],"twitter_card":"summary_large_image","twitter_misc":{"Tiempo de lectura":"1 minuto"},"schema":{"@context":"https:\/\/schema.org","@graph":[{"@type":"WebPage","@id":"https:\/\/visiotruck.com\/es\/localizacion-de-visiotruck\/","url":"https:\/\/visiotruck.com\/es\/localizacion-de-visiotruck\/","name":"Visiotruck. Alquiler de furgoneta de \u00f3ptico. Venta para profesionales","isPartOf":{"@id":"https:\/\/visiotruck.com\/es\/#website"},"primaryImageOfPage":{"@id":"https:\/\/visiotruck.com\/es\/localizacion-de-visiotruck\/#primaryimage"},"image":{"@id":"https:\/\/visiotruck.com\/es\/localizacion-de-visiotruck\/#primaryimage"},"thumbnailUrl":"https:\/\/visiotruck.com\/wp-content\/uploads\/2023\/09\/visiotruck-location.jpg","datePublished":"2021-03-31T12:02:17+00:00","dateModified":"2025-01-16T12:13:05+00:00","description":"Visiotruck. Alquiler de camiones para \u00f3pticos. Venta para profesionales. Cami\u00f3n \u00f3ptico. Cami\u00f3n \u00f3ptico. Gafas de prueba, pupil\u00f3metro","breadcrumb":{"@id":"https:\/\/visiotruck.com\/es\/localizacion-de-visiotruck\/#breadcrumb"},"inLanguage":"es","potentialAction":[{"@type":"ReadAction","target":["https:\/\/visiotruck.com\/es\/localizacion-de-visiotruck\/"]}]},{"@type":"ImageObject","inLanguage":"es","@id":"https:\/\/visiotruck.com\/es\/localizacion-de-visiotruck\/#primaryimage","url":"https:\/\/visiotruck.com\/wp-content\/uploads\/2023\/09\/visiotruck-location.jpg","contentUrl":"https:\/\/visiotruck.com\/wp-content\/uploads\/2023\/09\/visiotruck-location.jpg"},{"@type":"BreadcrumbList","@id":"https:\/\/visiotruck.com\/es\/localizacion-de-visiotruck\/#breadcrumb","itemListElement":[{"@type":"ListItem","position":1,"name":"Accueil","item":"https:\/\/visiotruck.com\/es\/?page_id=2309"},{"@type":"ListItem","position":2,"name":"Localizaci\u00f3n de Visiotruck"}]},{"@type":"WebSite","@id":"https:\/\/visiotruck.com\/es\/#website","url":"https:\/\/visiotruck.com\/es\/","name":"VisioTruck","description":"Votre camion d\u2019opticien cl\u00e9 en main !","publisher":{"@id":"https:\/\/visiotruck.com\/es\/#organization"},"potentialAction":[{"@type":"SearchAction","target":{"@type":"EntryPoint","urlTemplate":"https:\/\/visiotruck.com\/es\/?s={search_term_string}"},"query-input":{"@type":"PropertyValueSpecification","valueRequired":true,"valueName":"search_term_string"}}],"inLanguage":"es"},{"@type":"Organization","@id":"https:\/\/visiotruck.com\/es\/#organization","name":"Visiotruck - Camion Opticien","url":"https:\/\/visiotruck.com\/es\/","logo":{"@type":"ImageObject","inLanguage":"es","@id":"https:\/\/visiotruck.com\/es\/#\/schema\/logo\/image\/","url":"https:\/\/visiotruck.com\/wp-content\/uploads\/2021\/03\/cropped-logo-visiotruck_Page_01-1.png","contentUrl":"https:\/\/visiotruck.com\/wp-content\/uploads\/2021\/03\/cropped-logo-visiotruck_Page_01-1.png","width":512,"height":512,"caption":"Visiotruck - Camion Opticien"},"image":{"@id":"https:\/\/visiotruck.com\/es\/#\/schema\/logo\/image\/"}}]}},"uagb_featured_image_src":{"full":null,"thumbnail":null,"medium":null,"medium_large":null,"large":null,"1536x1536":null,"2048x2048":null,"post-thumbnail":null,"wc-blog-page":null,"wc-blog-small":null,"wc-testimonial-thumb":null,"wc-service-small-thumb":null,"wc-doctor-thumbnail":null},"uagb_author_info":{"display_name":"Mathieu Jaubert","author_link":"https:\/\/visiotruck.com\/es\/author\/admin5466\/"},"uagb_comment_info":0,"uagb_excerpt":"\u00bfEst\u00e1s renovando tu tienda? \u00a1No cierres! Qu\u00e9date con el 70% de tus ventas Visiotruck alquila un cami\u00f3n totalmente equipado para que aparque delante de tu escaparate y puedas permanecer abierto. El equipo Wifi 5G Orange &#8211; 3 mesas de venta: 2 sentadas y 1 de pie &#8211; Silla de exploraci\u00f3n Read More...","_links":{"self":[{"href":"https:\/\/visiotruck.com\/es\/wp-json\/wp\/v2\/pages\/2386","targetHints":{"allow":["GET"]}}],"collection":[{"href":"https:\/\/visiotruck.com\/es\/wp-json\/wp\/v2\/pages"}],"about":[{"href":"https:\/\/visiotruck.com\/es\/wp-json\/wp\/v2\/types\/page"}],"author":[{"embeddable":true,"href":"https:\/\/visiotruck.com\/es\/wp-json\/wp\/v2\/users\/1"}],"replies":[{"embeddable":true,"href":"https:\/\/visiotruck.com\/es\/wp-json\/wp\/v2\/comments?post=2386"}],"version-history":[{"count":1,"href":"https:\/\/visiotruck.com\/es\/wp-json\/wp\/v2\/pages\/2386\/revisions"}],"predecessor-version":[{"id":2391,"href":"https:\/\/visiotruck.com\/es\/wp-json\/wp\/v2\/pages\/2386\/revisions\/2391"}],"wp:attachment":[{"href":"https:\/\/visiotruck.com\/es\/wp-json\/wp\/v2\/media?parent=2386"}],"curies":[{"name":"wp","href":"https:\/\/api.w.org\/{rel}","templated":true}]}}