{"id":2384,"date":"2021-03-31T14:00:58","date_gmt":"2021-03-31T12:00:58","guid":{"rendered":"https:\/\/visiotruck.com\/optica-y-audicion-visiotruck\/"},"modified":"2025-01-16T13:13:03","modified_gmt":"2025-01-16T12:13:03","slug":"optica-y-audicion-visiotruck","status":"publish","type":"page","link":"https:\/\/visiotruck.com\/es\/optica-y-audicion-visiotruck\/","title":{"rendered":"\u00d3ptica y audici\u00f3n Visiotruck"},"content":{"rendered":"<style type=\"text\/css\">@media only screen and (min-width: 1000px) and (max-width: 5000px){body.kc-css-system .kc-css-1403232{width: 50%;}body.kc-css-system .kc-css-899754{width: 50%;}body.kc-css-system .kc-css-2455516{width: 25%;}body.kc-css-system .kc-css-593592{width: 25%;}body.kc-css-system .kc-css-4088911{width: 25%;}body.kc-css-system .kc-css-1668584{width: 25%;}}<\/style>\n<div class=\"kc-elm kc-css-3157518 kc-row-container module\">\n<div class=\"wc-row row\">\n<div class=\"kc-wrap-columns\">\n<div class=\"kc-elm kc-css-4292508 small-12 columns small-12\">\n<div class=\"kc-col-container\">\n<div class=\"kc-elm kc-css-2914767 kc_text_block\">\n<p align=\"justify\">Para afrontar este nuevo reto como \u00f3pticos itinerantes, trabajamos con fabricantes de \u00f3pticas de todo el mundo.  <\/p>\n<p align=\"justify\">Para disponer de camiones confortables y de una cabina totalmente adaptada y personalizada, contamos con el asesoramiento y las competencias de varios \u00f3pticos titulados, as\u00ed como con m\u00e1s de 15 a\u00f1os de experiencia en la venta, instalaci\u00f3n y servicio posventa de gafas y servicios \u00f3pticos.<\/p>\n<p align=\"justify\">Para que nuestros camiones sean lo m\u00e1s c\u00f3modos posible en la cabina, nos mantenemos regularmente al d\u00eda de los avances tecnol\u00f3gicos y las novedades del mercado, para poder ofrecerte los productos m\u00e1s adecuados.<\/p>\n<p align=\"justify\"><strong>Nuestra filosof\u00eda Visiotruck<\/strong>: respeto, escucha y satisfacci\u00f3n del cliente.<\/p>\n<p align=\"justify\"><strong>Nuestro objetivo <\/strong>: mejorar el confort de nuestros camiones para nuestros clientes.<\/p>\n<p align=\"justify\"><strong>Nuestro equipo de \u00d3ptica y Audici\u00f3n:<\/strong> ver foto abajo<\/p>\n<p align=\"justify\">A continuaci\u00f3n se muestran fotos de la cabina de un cami\u00f3n totalmente construido.  <strong>Haz clic en las im\u00e1genes para ampliarlas<\/strong><\/p>\n<\/div>\n<\/div>\n<\/div>\n<\/div>\n<\/div>\n<\/div>\n<div class=\"kc-elm kc-css-2159828 kc-row-container module\">\n<div class=\"wc-row row\">\n<div class=\"kc-wrap-columns\">\n<div class=\"kc-elm kc-css-1403232 small-12 columns small-12\">\n<div class=\"kc-col-container\">\n<div class=\"kc-elm kc-css-2244774 kc_shortcode kc_single_image\">\n<p>        <a rel=\"prettyPhoto\" class=\"kc-pretty-photo\" href=\"https:\/\/visiotruck.com\/wp-content\/uploads\/2021\/10\/camion-opticien-1.jpg\" title=\"cami\u00f3n \u00f3ptico\" target=\"\"><br \/>\n        <img decoding=\"async\" src=\"https:\/\/visiotruck.com\/wp-content\/uploads\/2021\/10\/camion-opticien-1.jpg\" class=\"\" alt=\"cami\u00f3n \u00f3ptico\">    <\/a>\n    <\/div>\n<\/div>\n<\/div>\n<div class=\"kc-elm kc-css-899754 small-12 columns small-12\">\n<div class=\"kc-col-container\">\n<div class=\"kc-elm kc-css-2170848 kc_shortcode kc_single_image\">\n<p>        <a rel=\"prettyPhoto\" class=\"kc-pretty-photo\" href=\"https:\/\/visiotruck.com\/wp-content\/uploads\/2021\/10\/camion-optique-2.jpg\" title=\"cami\u00f3n \u00f3ptico\" target=\"\"><br \/>\n        <img decoding=\"async\" src=\"https:\/\/visiotruck.com\/wp-content\/uploads\/2021\/10\/camion-optique-2.jpg\" class=\"\" alt=\"cami\u00f3n \u00f3ptico\">    <\/a>\n    <\/div>\n<\/div>\n<\/div>\n<\/div>\n<\/div>\n<\/div>\n<div class=\"kc-elm kc-css-4090002 kc-row-container module\">\n<div class=\"wc-row row\">\n<div class=\"kc-wrap-columns\">\n<div class=\"kc-elm kc-css-2455516 small-12 columns small-12\">\n<div class=\"kc-col-container\">\n<div class=\"kc-elm kc-css-3245303 kc_shortcode kc_single_image\">\n<p>        <a rel=\"prettyPhoto\" class=\"kc-pretty-photo\" href=\"https:\/\/visiotruck.com\/wp-content\/uploads\/2021\/10\/opticien-a-domicile-1.jpg\" title=\"\u00f3ptica a domicilio\" target=\"\"><br \/>\n        <img decoding=\"async\" src=\"https:\/\/visiotruck.com\/wp-content\/uploads\/2021\/10\/opticien-a-domicile-1.jpg\" class=\"\" alt=\"\u00f3ptica a domicilio\">    <\/a>\n    <\/div>\n<\/div>\n<\/div>\n<div class=\"kc-elm kc-css-593592 small-12 columns small-12\">\n<div class=\"kc-col-container\">\n<div class=\"kc-elm kc-css-2307282 kc_shortcode kc_single_image\">\n<p>        <a rel=\"prettyPhoto\" class=\"kc-pretty-photo\" href=\"https:\/\/visiotruck.com\/wp-content\/uploads\/2021\/10\/opticien-a-domicile-2.jpg\" title=\"\u00f3ptico a domicilio\" target=\"\"><br \/>\n        <img decoding=\"async\" src=\"https:\/\/visiotruck.com\/wp-content\/uploads\/2021\/10\/opticien-a-domicile-2.jpg\" class=\"\" alt=\"\u00f3ptico a domicilio\">    <\/a>\n    <\/div>\n<\/div>\n<\/div>\n<div class=\"kc-elm kc-css-4088911 small-12 columns small-12\">\n<div class=\"kc-col-container\">\n<div class=\"kc-elm kc-css-2670593 kc_shortcode kc_single_image\">\n<p>        <a rel=\"prettyPhoto\" class=\"kc-pretty-photo\" href=\"https:\/\/visiotruck.com\/wp-content\/uploads\/2021\/10\/optique-a-domicile-1.jpg\" title=\"\u00f3ptica en casa\" target=\"\"><br \/>\n        <img decoding=\"async\" src=\"https:\/\/visiotruck.com\/wp-content\/uploads\/2021\/10\/optique-a-domicile-1.jpg\" class=\"\" alt=\"\u00f3ptica en casa\">    <\/a>\n    <\/div>\n<\/div>\n<\/div>\n<div class=\"kc-elm kc-css-1668584 small-12 columns small-12\">\n<div class=\"kc-col-container\">\n<div class=\"kc-elm kc-css-1080959 kc_shortcode kc_single_image\">\n<p>        <a href=\"https:\/\/visiotruck.com\/wp-content\/uploads\/2021\/10\/opticien-a-domicile-visiotruck.jpg\" title=\"\u00f3ptico a domicilio visiotruck\" target=\"\"><br \/>\n        <img decoding=\"async\" src=\"https:\/\/visiotruck.com\/wp-content\/uploads\/2021\/10\/opticien-a-domicile-visiotruck.jpg\" class=\"\" alt=\"\u00f3ptico a domicilio visiotruck\">    <\/a>\n    <\/div>\n<\/div>\n<\/div>\n<\/div>\n<\/div>\n<\/div>\n<div class=\"kc-elm kc-css-269563 kc-row-container module\">\n<div class=\"wc-row row\">\n<div class=\"kc-wrap-columns\">\n<div class=\"kc-elm kc-css-1134840 small-12 columns small-12\">\n<div class=\"kc-col-container\">\n<div class=\"kc-elm kc-css-494914 kc_shortcode kc_single_image\">\n<p>        <img decoding=\"async\" src=\"https:\/\/visiotruck.com\/wp-content\/uploads\/2022\/12\/VISIOTRUCK-OPTIQUE-ET-AUDITION-3D-V2-AVEC-SIEGE-ECHELLE-ACUITEES.png\" class=\"\" alt=\"\">    <\/div>\n<div class=\"kc-elm kc-css-3481437 kc_shortcode kc_single_image\">\n<p>        <img decoding=\"async\" src=\"https:\/\/visiotruck.com\/wp-content\/uploads\/2022\/12\/VISIOTRUCK-OPTIQUE-ET-AUDITION.png\" class=\"\" alt=\"\">    <\/div>\n<\/div>\n<\/div>\n<\/div>\n<\/div>\n<\/div>\n","protected":false},"excerpt":{"rendered":"<p>Para afrontar este nuevo reto como \u00f3pticos itinerantes, trabajamos con fabricantes de \u00f3pticas de todo el mundo. Para disponer de camiones confortables y de una cabina totalmente adaptada y personalizada, contamos con el asesoramiento y las competencias de varios \u00f3pticos titulados, as\u00ed como con m\u00e1s de 15 a\u00f1os de experiencia <a class=\"read-more\" href=\"https:\/\/visiotruck.com\/es\/optica-y-audicion-visiotruck\/\">Read More&#8230;<\/a><\/p>\n","protected":false},"author":1,"featured_media":0,"parent":0,"menu_order":0,"comment_status":"closed","ping_status":"closed","template":"","meta":{"_uag_custom_page_level_css":"","footnotes":""},"class_list":["post-2384","page","type-page","status-publish","hentry"],"yoast_head":"<!-- This site is optimized with the Yoast SEO plugin v27.4 - https:\/\/yoast.com\/product\/yoast-seo-wordpress\/ -->\n<title>Visiotruck. Cami\u00f3n \u00f3ptico nuevo y usado. \u00d3ptica a domicilio.<\/title>\n<meta name=\"description\" content=\"Visiotruck. Cami\u00f3n \u00f3ptico nuevo y usado. Cami\u00f3n \u00f3ptico m\u00f3vil. \u00d3ptica a domicilio. Cami\u00f3n \u00f3ptico m\u00f3vil. Cami\u00f3n \u00f3ptico\" \/>\n<meta name=\"robots\" content=\"index, follow, max-snippet:-1, max-image-preview:large, max-video-preview:-1\" \/>\n<link rel=\"canonical\" href=\"https:\/\/visiotruck.com\/es\/optica-y-audicion-visiotruck\/\" \/>\n<meta property=\"og:locale\" content=\"es_ES\" \/>\n<meta property=\"og:type\" content=\"article\" \/>\n<meta property=\"og:title\" content=\"Visiotruck. Cami\u00f3n \u00f3ptico nuevo y usado. \u00d3ptica a domicilio.\" \/>\n<meta property=\"og:description\" content=\"Visiotruck. Cami\u00f3n \u00f3ptico nuevo y usado. Cami\u00f3n \u00f3ptico m\u00f3vil. \u00d3ptica a domicilio. Cami\u00f3n \u00f3ptico m\u00f3vil. Cami\u00f3n \u00f3ptico\" \/>\n<meta property=\"og:url\" content=\"https:\/\/visiotruck.com\/es\/optica-y-audicion-visiotruck\/\" \/>\n<meta property=\"og:site_name\" content=\"VisioTruck\" \/>\n<meta property=\"article:modified_time\" content=\"2025-01-16T12:13:03+00:00\" \/>\n<meta property=\"og:image\" content=\"https:\/\/visiotruck.com\/wp-content\/uploads\/2021\/10\/camion-opticien-1.jpg\" \/>\n<meta name=\"twitter:card\" content=\"summary_large_image\" \/>\n<meta name=\"twitter:label1\" content=\"Tiempo de lectura\" \/>\n\t<meta name=\"twitter:data1\" content=\"1 minuto\" \/>\n<script type=\"application\/ld+json\" class=\"yoast-schema-graph\">{\"@context\":\"https:\\\/\\\/schema.org\",\"@graph\":[{\"@type\":\"WebPage\",\"@id\":\"https:\\\/\\\/visiotruck.com\\\/es\\\/optica-y-audicion-visiotruck\\\/\",\"url\":\"https:\\\/\\\/visiotruck.com\\\/es\\\/optica-y-audicion-visiotruck\\\/\",\"name\":\"Visiotruck. Cami\u00f3n \u00f3ptico nuevo y usado. \u00d3ptica a domicilio.\",\"isPartOf\":{\"@id\":\"https:\\\/\\\/visiotruck.com\\\/es\\\/#website\"},\"primaryImageOfPage\":{\"@id\":\"https:\\\/\\\/visiotruck.com\\\/es\\\/optica-y-audicion-visiotruck\\\/#primaryimage\"},\"image\":{\"@id\":\"https:\\\/\\\/visiotruck.com\\\/es\\\/optica-y-audicion-visiotruck\\\/#primaryimage\"},\"thumbnailUrl\":\"https:\\\/\\\/visiotruck.com\\\/wp-content\\\/uploads\\\/2021\\\/10\\\/camion-opticien-1.jpg\",\"datePublished\":\"2021-03-31T12:00:58+00:00\",\"dateModified\":\"2025-01-16T12:13:03+00:00\",\"description\":\"Visiotruck. Cami\u00f3n \u00f3ptico nuevo y usado. Cami\u00f3n \u00f3ptico m\u00f3vil. \u00d3ptica a domicilio. Cami\u00f3n \u00f3ptico m\u00f3vil. Cami\u00f3n \u00f3ptico\",\"breadcrumb\":{\"@id\":\"https:\\\/\\\/visiotruck.com\\\/es\\\/optica-y-audicion-visiotruck\\\/#breadcrumb\"},\"inLanguage\":\"es\",\"potentialAction\":[{\"@type\":\"ReadAction\",\"target\":[\"https:\\\/\\\/visiotruck.com\\\/es\\\/optica-y-audicion-visiotruck\\\/\"]}]},{\"@type\":\"ImageObject\",\"inLanguage\":\"es\",\"@id\":\"https:\\\/\\\/visiotruck.com\\\/es\\\/optica-y-audicion-visiotruck\\\/#primaryimage\",\"url\":\"https:\\\/\\\/visiotruck.com\\\/wp-content\\\/uploads\\\/2021\\\/10\\\/camion-opticien-1.jpg\",\"contentUrl\":\"https:\\\/\\\/visiotruck.com\\\/wp-content\\\/uploads\\\/2021\\\/10\\\/camion-opticien-1.jpg\"},{\"@type\":\"BreadcrumbList\",\"@id\":\"https:\\\/\\\/visiotruck.com\\\/es\\\/optica-y-audicion-visiotruck\\\/#breadcrumb\",\"itemListElement\":[{\"@type\":\"ListItem\",\"position\":1,\"name\":\"Accueil\",\"item\":\"https:\\\/\\\/visiotruck.com\\\/es\\\/?page_id=2309\"},{\"@type\":\"ListItem\",\"position\":2,\"name\":\"\u00d3ptica y audici\u00f3n Visiotruck\"}]},{\"@type\":\"WebSite\",\"@id\":\"https:\\\/\\\/visiotruck.com\\\/es\\\/#website\",\"url\":\"https:\\\/\\\/visiotruck.com\\\/es\\\/\",\"name\":\"VisioTruck\",\"description\":\"Votre camion d\u2019opticien cl\u00e9 en main !\",\"publisher\":{\"@id\":\"https:\\\/\\\/visiotruck.com\\\/es\\\/#organization\"},\"potentialAction\":[{\"@type\":\"SearchAction\",\"target\":{\"@type\":\"EntryPoint\",\"urlTemplate\":\"https:\\\/\\\/visiotruck.com\\\/es\\\/?s={search_term_string}\"},\"query-input\":{\"@type\":\"PropertyValueSpecification\",\"valueRequired\":true,\"valueName\":\"search_term_string\"}}],\"inLanguage\":\"es\"},{\"@type\":\"Organization\",\"@id\":\"https:\\\/\\\/visiotruck.com\\\/es\\\/#organization\",\"name\":\"Visiotruck - Camion Opticien\",\"url\":\"https:\\\/\\\/visiotruck.com\\\/es\\\/\",\"logo\":{\"@type\":\"ImageObject\",\"inLanguage\":\"es\",\"@id\":\"https:\\\/\\\/visiotruck.com\\\/es\\\/#\\\/schema\\\/logo\\\/image\\\/\",\"url\":\"https:\\\/\\\/visiotruck.com\\\/wp-content\\\/uploads\\\/2021\\\/03\\\/cropped-logo-visiotruck_Page_01-1.png\",\"contentUrl\":\"https:\\\/\\\/visiotruck.com\\\/wp-content\\\/uploads\\\/2021\\\/03\\\/cropped-logo-visiotruck_Page_01-1.png\",\"width\":512,\"height\":512,\"caption\":\"Visiotruck - Camion Opticien\"},\"image\":{\"@id\":\"https:\\\/\\\/visiotruck.com\\\/es\\\/#\\\/schema\\\/logo\\\/image\\\/\"}}]}<\/script>\n<!-- \/ Yoast SEO plugin. -->","yoast_head_json":{"title":"Visiotruck. Cami\u00f3n \u00f3ptico nuevo y usado. \u00d3ptica a domicilio.","description":"Visiotruck. Cami\u00f3n \u00f3ptico nuevo y usado. Cami\u00f3n \u00f3ptico m\u00f3vil. \u00d3ptica a domicilio. Cami\u00f3n \u00f3ptico m\u00f3vil. Cami\u00f3n \u00f3ptico","robots":{"index":"index","follow":"follow","max-snippet":"max-snippet:-1","max-image-preview":"max-image-preview:large","max-video-preview":"max-video-preview:-1"},"canonical":"https:\/\/visiotruck.com\/es\/optica-y-audicion-visiotruck\/","og_locale":"es_ES","og_type":"article","og_title":"Visiotruck. Cami\u00f3n \u00f3ptico nuevo y usado. \u00d3ptica a domicilio.","og_description":"Visiotruck. Cami\u00f3n \u00f3ptico nuevo y usado. Cami\u00f3n \u00f3ptico m\u00f3vil. \u00d3ptica a domicilio. Cami\u00f3n \u00f3ptico m\u00f3vil. Cami\u00f3n \u00f3ptico","og_url":"https:\/\/visiotruck.com\/es\/optica-y-audicion-visiotruck\/","og_site_name":"VisioTruck","article_modified_time":"2025-01-16T12:13:03+00:00","og_image":[{"url":"https:\/\/visiotruck.com\/wp-content\/uploads\/2021\/10\/camion-opticien-1.jpg","type":"","width":"","height":""}],"twitter_card":"summary_large_image","twitter_misc":{"Tiempo de lectura":"1 minuto"},"schema":{"@context":"https:\/\/schema.org","@graph":[{"@type":"WebPage","@id":"https:\/\/visiotruck.com\/es\/optica-y-audicion-visiotruck\/","url":"https:\/\/visiotruck.com\/es\/optica-y-audicion-visiotruck\/","name":"Visiotruck. Cami\u00f3n \u00f3ptico nuevo y usado. \u00d3ptica a domicilio.","isPartOf":{"@id":"https:\/\/visiotruck.com\/es\/#website"},"primaryImageOfPage":{"@id":"https:\/\/visiotruck.com\/es\/optica-y-audicion-visiotruck\/#primaryimage"},"image":{"@id":"https:\/\/visiotruck.com\/es\/optica-y-audicion-visiotruck\/#primaryimage"},"thumbnailUrl":"https:\/\/visiotruck.com\/wp-content\/uploads\/2021\/10\/camion-opticien-1.jpg","datePublished":"2021-03-31T12:00:58+00:00","dateModified":"2025-01-16T12:13:03+00:00","description":"Visiotruck. Cami\u00f3n \u00f3ptico nuevo y usado. Cami\u00f3n \u00f3ptico m\u00f3vil. \u00d3ptica a domicilio. Cami\u00f3n \u00f3ptico m\u00f3vil. Cami\u00f3n \u00f3ptico","breadcrumb":{"@id":"https:\/\/visiotruck.com\/es\/optica-y-audicion-visiotruck\/#breadcrumb"},"inLanguage":"es","potentialAction":[{"@type":"ReadAction","target":["https:\/\/visiotruck.com\/es\/optica-y-audicion-visiotruck\/"]}]},{"@type":"ImageObject","inLanguage":"es","@id":"https:\/\/visiotruck.com\/es\/optica-y-audicion-visiotruck\/#primaryimage","url":"https:\/\/visiotruck.com\/wp-content\/uploads\/2021\/10\/camion-opticien-1.jpg","contentUrl":"https:\/\/visiotruck.com\/wp-content\/uploads\/2021\/10\/camion-opticien-1.jpg"},{"@type":"BreadcrumbList","@id":"https:\/\/visiotruck.com\/es\/optica-y-audicion-visiotruck\/#breadcrumb","itemListElement":[{"@type":"ListItem","position":1,"name":"Accueil","item":"https:\/\/visiotruck.com\/es\/?page_id=2309"},{"@type":"ListItem","position":2,"name":"\u00d3ptica y audici\u00f3n Visiotruck"}]},{"@type":"WebSite","@id":"https:\/\/visiotruck.com\/es\/#website","url":"https:\/\/visiotruck.com\/es\/","name":"VisioTruck","description":"Votre camion d\u2019opticien cl\u00e9 en main !","publisher":{"@id":"https:\/\/visiotruck.com\/es\/#organization"},"potentialAction":[{"@type":"SearchAction","target":{"@type":"EntryPoint","urlTemplate":"https:\/\/visiotruck.com\/es\/?s={search_term_string}"},"query-input":{"@type":"PropertyValueSpecification","valueRequired":true,"valueName":"search_term_string"}}],"inLanguage":"es"},{"@type":"Organization","@id":"https:\/\/visiotruck.com\/es\/#organization","name":"Visiotruck - Camion Opticien","url":"https:\/\/visiotruck.com\/es\/","logo":{"@type":"ImageObject","inLanguage":"es","@id":"https:\/\/visiotruck.com\/es\/#\/schema\/logo\/image\/","url":"https:\/\/visiotruck.com\/wp-content\/uploads\/2021\/03\/cropped-logo-visiotruck_Page_01-1.png","contentUrl":"https:\/\/visiotruck.com\/wp-content\/uploads\/2021\/03\/cropped-logo-visiotruck_Page_01-1.png","width":512,"height":512,"caption":"Visiotruck - Camion Opticien"},"image":{"@id":"https:\/\/visiotruck.com\/es\/#\/schema\/logo\/image\/"}}]}},"uagb_featured_image_src":{"full":null,"thumbnail":null,"medium":null,"medium_large":null,"large":null,"1536x1536":null,"2048x2048":null,"post-thumbnail":null,"wc-blog-page":null,"wc-blog-small":null,"wc-testimonial-thumb":null,"wc-service-small-thumb":null,"wc-doctor-thumbnail":null},"uagb_author_info":{"display_name":"Mathieu Jaubert","author_link":"https:\/\/visiotruck.com\/es\/author\/admin5466\/"},"uagb_comment_info":0,"uagb_excerpt":"Para afrontar este nuevo reto como \u00f3pticos itinerantes, trabajamos con fabricantes de \u00f3pticas de todo el mundo. Para disponer de camiones confortables y de una cabina totalmente adaptada y personalizada, contamos con el asesoramiento y las competencias de varios \u00f3pticos titulados, as\u00ed como con m\u00e1s de 15 a\u00f1os de experiencia Read More...","_links":{"self":[{"href":"https:\/\/visiotruck.com\/es\/wp-json\/wp\/v2\/pages\/2384","targetHints":{"allow":["GET"]}}],"collection":[{"href":"https:\/\/visiotruck.com\/es\/wp-json\/wp\/v2\/pages"}],"about":[{"href":"https:\/\/visiotruck.com\/es\/wp-json\/wp\/v2\/types\/page"}],"author":[{"embeddable":true,"href":"https:\/\/visiotruck.com\/es\/wp-json\/wp\/v2\/users\/1"}],"replies":[{"embeddable":true,"href":"https:\/\/visiotruck.com\/es\/wp-json\/wp\/v2\/comments?post=2384"}],"version-history":[{"count":1,"href":"https:\/\/visiotruck.com\/es\/wp-json\/wp\/v2\/pages\/2384\/revisions"}],"predecessor-version":[{"id":2387,"href":"https:\/\/visiotruck.com\/es\/wp-json\/wp\/v2\/pages\/2384\/revisions\/2387"}],"wp:attachment":[{"href":"https:\/\/visiotruck.com\/es\/wp-json\/wp\/v2\/media?parent=2384"}],"curies":[{"name":"wp","href":"https:\/\/api.w.org\/{rel}","templated":true}]}}