{"id":2380,"date":"2021-03-31T14:36:40","date_gmt":"2021-03-31T12:36:40","guid":{"rendered":"https:\/\/visiotruck.com\/camion-monopticien-jaubert\/"},"modified":"2025-01-16T13:13:01","modified_gmt":"2025-01-16T12:13:01","slug":"camion-monopticien-jaubert","status":"publish","type":"page","link":"https:\/\/visiotruck.com\/es\/camion-monopticien-jaubert\/","title":{"rendered":"Cami\u00f3n MonOpticien Jaubert"},"content":{"rendered":"<style type=\"text\/css\">@media only screen and (min-width: 1000px) and (max-width: 5000px){body.kc-css-system .kc-css-518805{width: 100%;}}<\/style>\n<div class=\"kc-elm kc-css-1954895 kc-row-container module\">\n<div class=\"wc-row row\">\n<div class=\"kc-wrap-columns\">\n<div class=\"kc-elm kc-css-3402035 small-12 columns small-12\">\n<div class=\"kc-col-container\">\n<div class=\"kc-elm kc-css-3188688 kc_text_block\">\n<p style=\"text-align: justify;\">Nuestro modelo de exposici\u00f3n SILMO 2022 est\u00e1 a la venta.<\/p>\n<h3 style=\"text-align: center;\"><strong>DESCUENTO &#8211; 25  <\/strong><\/h3>\n<h3 style=\"text-align: center;\"><strong>  GARANT\u00cdA DE 2 A\u00d1OS &#8211; Modelo de pantalla SILMO 2023<br \/><\/strong><\/h3>\n<p style=\"text-align: justify;\"><strong>Contacto: 06 87 81 90 09<\/strong><\/p>\n<\/div>\n<div class=\"kc-elm kc-css-1848108 kc-row-container\">\n<div class=\"row\">\n<div class=\"kc-wrap-columns\">\n<div class=\"kc-elm kc-css-518805 small-12 columns small-12\">\n<div class=\"kc_wrapper kc-col-inner-container\">\n<div class=\"kc-image-gallery kc-elm kc-css-2555094\">\n<div class=\"kc_image_gallery kc-carousel-image kc-grid \" data-image_masonry=\"yes\">\n<div class=\"item-grid grid-2\"><a href=\"https:\/\/visiotruck.com\/wp-content\/uploads\/2021\/09\/camion-optique.jpg\" target=\"_blank\"><img decoding=\"async\" src=\"https:\/\/visiotruck.com\/wp-content\/uploads\/2021\/09\/camion-optique.jpg\" alt=\"\"><\/a><\/div>\n<div class=\"item-grid grid-2\"><a href=\"https:\/\/visiotruck.com\/wp-content\/uploads\/2021\/09\/opticien-domicile.jpg\" target=\"_blank\"><img decoding=\"async\" src=\"https:\/\/visiotruck.com\/wp-content\/uploads\/2021\/09\/opticien-domicile.jpg\" alt=\"\"><\/a><\/div>\n<div class=\"item-grid grid-2\"><a href=\"https:\/\/visiotruck.com\/wp-content\/uploads\/2023\/10\/camion-optique-a-domicile-auch-gers.jpg\" target=\"_blank\"><img decoding=\"async\" src=\"https:\/\/visiotruck.com\/wp-content\/uploads\/2023\/10\/camion-optique-a-domicile-auch-gers.jpg\" alt=\"\"><\/a><\/div>\n<div class=\"item-grid grid-2\"><a href=\"https:\/\/visiotruck.com\/wp-content\/uploads\/2023\/10\/camion-opticien-optique.jpg\" target=\"_blank\"><img decoding=\"async\" src=\"https:\/\/visiotruck.com\/wp-content\/uploads\/2023\/10\/camion-opticien-optique.jpg\" alt=\"\"><\/a><\/div>\n<div class=\"item-grid grid-2\"><a href=\"https:\/\/visiotruck.com\/wp-content\/plugins\/kingcomposer\/assets\/images\/get_start.jpg\" target=\"_blank\"><img decoding=\"async\" src=\"https:\/\/visiotruck.com\/wp-content\/plugins\/kingcomposer\/assets\/images\/get_start.jpg\" alt=\"\"><\/a><\/div>\n<\/div>\n<\/div>\n<\/div>\n<\/div>\n<\/div>\n<\/div>\n<\/div>\n<\/div>\n<\/div>\n<\/div>\n<\/div>\n<\/div>\n","protected":false},"excerpt":{"rendered":"<p>Nuestro modelo de exposici\u00f3n SILMO 2022 est\u00e1 a la venta. DESCUENTO &#8211; 25 GARANT\u00cdA DE 2 A\u00d1OS &#8211; Modelo de pantalla SILMO 2023 Contacto: 06 87 81 90 09<\/p>\n","protected":false},"author":1,"featured_media":0,"parent":0,"menu_order":0,"comment_status":"closed","ping_status":"closed","template":"","meta":{"_uag_custom_page_level_css":"","footnotes":""},"class_list":["post-2380","page","type-page","status-publish","hentry"],"yoast_head":"<!-- This site is optimized with the Yoast SEO plugin v27.4 - https:\/\/yoast.com\/product\/yoast-seo-wordpress\/ -->\n<title>Visiotruck. Venta de camiones \u00f3pticos m\u00f3viles nuevos y usados.<\/title>\n<meta name=\"description\" content=\"Visiotruck. Venta de camiones para \u00f3pticos nuevos y usados. \u00d3ptica m\u00f3vil. Pantalla de optotipos, refract\u00f3metro port\u00e1til. Especialista\" \/>\n<meta name=\"robots\" content=\"index, follow, max-snippet:-1, max-image-preview:large, max-video-preview:-1\" \/>\n<link rel=\"canonical\" href=\"https:\/\/visiotruck.com\/es\/camion-monopticien-jaubert\/\" \/>\n<meta property=\"og:locale\" content=\"es_ES\" \/>\n<meta property=\"og:type\" content=\"article\" \/>\n<meta property=\"og:title\" content=\"Visiotruck. Venta de camiones \u00f3pticos m\u00f3viles nuevos y usados.\" \/>\n<meta property=\"og:description\" content=\"Visiotruck. Venta de camiones para \u00f3pticos nuevos y usados. \u00d3ptica m\u00f3vil. Pantalla de optotipos, refract\u00f3metro port\u00e1til. Especialista\" \/>\n<meta property=\"og:url\" content=\"https:\/\/visiotruck.com\/es\/camion-monopticien-jaubert\/\" \/>\n<meta property=\"og:site_name\" content=\"VisioTruck\" \/>\n<meta property=\"article:modified_time\" content=\"2025-01-16T12:13:01+00:00\" \/>\n<meta property=\"og:image\" content=\"https:\/\/visiotruck.com\/wp-content\/uploads\/2021\/09\/camion-optique.jpg\" \/>\n<meta name=\"twitter:card\" content=\"summary_large_image\" \/>\n<script type=\"application\/ld+json\" class=\"yoast-schema-graph\">{\"@context\":\"https:\\\/\\\/schema.org\",\"@graph\":[{\"@type\":\"WebPage\",\"@id\":\"https:\\\/\\\/visiotruck.com\\\/es\\\/camion-monopticien-jaubert\\\/\",\"url\":\"https:\\\/\\\/visiotruck.com\\\/es\\\/camion-monopticien-jaubert\\\/\",\"name\":\"Visiotruck. Venta de camiones \u00f3pticos m\u00f3viles nuevos y usados.\",\"isPartOf\":{\"@id\":\"https:\\\/\\\/visiotruck.com\\\/es\\\/#website\"},\"primaryImageOfPage\":{\"@id\":\"https:\\\/\\\/visiotruck.com\\\/es\\\/camion-monopticien-jaubert\\\/#primaryimage\"},\"image\":{\"@id\":\"https:\\\/\\\/visiotruck.com\\\/es\\\/camion-monopticien-jaubert\\\/#primaryimage\"},\"thumbnailUrl\":\"https:\\\/\\\/visiotruck.com\\\/wp-content\\\/uploads\\\/2021\\\/09\\\/camion-optique.jpg\",\"datePublished\":\"2021-03-31T12:36:40+00:00\",\"dateModified\":\"2025-01-16T12:13:01+00:00\",\"description\":\"Visiotruck. Venta de camiones para \u00f3pticos nuevos y usados. \u00d3ptica m\u00f3vil. Pantalla de optotipos, refract\u00f3metro port\u00e1til. Especialista\",\"breadcrumb\":{\"@id\":\"https:\\\/\\\/visiotruck.com\\\/es\\\/camion-monopticien-jaubert\\\/#breadcrumb\"},\"inLanguage\":\"es\",\"potentialAction\":[{\"@type\":\"ReadAction\",\"target\":[\"https:\\\/\\\/visiotruck.com\\\/es\\\/camion-monopticien-jaubert\\\/\"]}]},{\"@type\":\"ImageObject\",\"inLanguage\":\"es\",\"@id\":\"https:\\\/\\\/visiotruck.com\\\/es\\\/camion-monopticien-jaubert\\\/#primaryimage\",\"url\":\"https:\\\/\\\/visiotruck.com\\\/wp-content\\\/uploads\\\/2021\\\/09\\\/camion-optique.jpg\",\"contentUrl\":\"https:\\\/\\\/visiotruck.com\\\/wp-content\\\/uploads\\\/2021\\\/09\\\/camion-optique.jpg\"},{\"@type\":\"BreadcrumbList\",\"@id\":\"https:\\\/\\\/visiotruck.com\\\/es\\\/camion-monopticien-jaubert\\\/#breadcrumb\",\"itemListElement\":[{\"@type\":\"ListItem\",\"position\":1,\"name\":\"Accueil\",\"item\":\"https:\\\/\\\/visiotruck.com\\\/es\\\/?page_id=2309\"},{\"@type\":\"ListItem\",\"position\":2,\"name\":\"Cami\u00f3n MonOpticien Jaubert\"}]},{\"@type\":\"WebSite\",\"@id\":\"https:\\\/\\\/visiotruck.com\\\/es\\\/#website\",\"url\":\"https:\\\/\\\/visiotruck.com\\\/es\\\/\",\"name\":\"VisioTruck\",\"description\":\"Votre camion d\u2019opticien cl\u00e9 en main !\",\"publisher\":{\"@id\":\"https:\\\/\\\/visiotruck.com\\\/es\\\/#organization\"},\"potentialAction\":[{\"@type\":\"SearchAction\",\"target\":{\"@type\":\"EntryPoint\",\"urlTemplate\":\"https:\\\/\\\/visiotruck.com\\\/es\\\/?s={search_term_string}\"},\"query-input\":{\"@type\":\"PropertyValueSpecification\",\"valueRequired\":true,\"valueName\":\"search_term_string\"}}],\"inLanguage\":\"es\"},{\"@type\":\"Organization\",\"@id\":\"https:\\\/\\\/visiotruck.com\\\/es\\\/#organization\",\"name\":\"Visiotruck - Camion Opticien\",\"url\":\"https:\\\/\\\/visiotruck.com\\\/es\\\/\",\"logo\":{\"@type\":\"ImageObject\",\"inLanguage\":\"es\",\"@id\":\"https:\\\/\\\/visiotruck.com\\\/es\\\/#\\\/schema\\\/logo\\\/image\\\/\",\"url\":\"https:\\\/\\\/visiotruck.com\\\/wp-content\\\/uploads\\\/2021\\\/03\\\/cropped-logo-visiotruck_Page_01-1.png\",\"contentUrl\":\"https:\\\/\\\/visiotruck.com\\\/wp-content\\\/uploads\\\/2021\\\/03\\\/cropped-logo-visiotruck_Page_01-1.png\",\"width\":512,\"height\":512,\"caption\":\"Visiotruck - Camion Opticien\"},\"image\":{\"@id\":\"https:\\\/\\\/visiotruck.com\\\/es\\\/#\\\/schema\\\/logo\\\/image\\\/\"}}]}<\/script>\n<!-- \/ Yoast SEO plugin. -->","yoast_head_json":{"title":"Visiotruck. Venta de camiones \u00f3pticos m\u00f3viles nuevos y usados.","description":"Visiotruck. Venta de camiones para \u00f3pticos nuevos y usados. \u00d3ptica m\u00f3vil. Pantalla de optotipos, refract\u00f3metro port\u00e1til. Especialista","robots":{"index":"index","follow":"follow","max-snippet":"max-snippet:-1","max-image-preview":"max-image-preview:large","max-video-preview":"max-video-preview:-1"},"canonical":"https:\/\/visiotruck.com\/es\/camion-monopticien-jaubert\/","og_locale":"es_ES","og_type":"article","og_title":"Visiotruck. Venta de camiones \u00f3pticos m\u00f3viles nuevos y usados.","og_description":"Visiotruck. Venta de camiones para \u00f3pticos nuevos y usados. \u00d3ptica m\u00f3vil. Pantalla de optotipos, refract\u00f3metro port\u00e1til. Especialista","og_url":"https:\/\/visiotruck.com\/es\/camion-monopticien-jaubert\/","og_site_name":"VisioTruck","article_modified_time":"2025-01-16T12:13:01+00:00","og_image":[{"url":"https:\/\/visiotruck.com\/wp-content\/uploads\/2021\/09\/camion-optique.jpg","type":"","width":"","height":""}],"twitter_card":"summary_large_image","schema":{"@context":"https:\/\/schema.org","@graph":[{"@type":"WebPage","@id":"https:\/\/visiotruck.com\/es\/camion-monopticien-jaubert\/","url":"https:\/\/visiotruck.com\/es\/camion-monopticien-jaubert\/","name":"Visiotruck. Venta de camiones \u00f3pticos m\u00f3viles nuevos y usados.","isPartOf":{"@id":"https:\/\/visiotruck.com\/es\/#website"},"primaryImageOfPage":{"@id":"https:\/\/visiotruck.com\/es\/camion-monopticien-jaubert\/#primaryimage"},"image":{"@id":"https:\/\/visiotruck.com\/es\/camion-monopticien-jaubert\/#primaryimage"},"thumbnailUrl":"https:\/\/visiotruck.com\/wp-content\/uploads\/2021\/09\/camion-optique.jpg","datePublished":"2021-03-31T12:36:40+00:00","dateModified":"2025-01-16T12:13:01+00:00","description":"Visiotruck. Venta de camiones para \u00f3pticos nuevos y usados. \u00d3ptica m\u00f3vil. Pantalla de optotipos, refract\u00f3metro port\u00e1til. Especialista","breadcrumb":{"@id":"https:\/\/visiotruck.com\/es\/camion-monopticien-jaubert\/#breadcrumb"},"inLanguage":"es","potentialAction":[{"@type":"ReadAction","target":["https:\/\/visiotruck.com\/es\/camion-monopticien-jaubert\/"]}]},{"@type":"ImageObject","inLanguage":"es","@id":"https:\/\/visiotruck.com\/es\/camion-monopticien-jaubert\/#primaryimage","url":"https:\/\/visiotruck.com\/wp-content\/uploads\/2021\/09\/camion-optique.jpg","contentUrl":"https:\/\/visiotruck.com\/wp-content\/uploads\/2021\/09\/camion-optique.jpg"},{"@type":"BreadcrumbList","@id":"https:\/\/visiotruck.com\/es\/camion-monopticien-jaubert\/#breadcrumb","itemListElement":[{"@type":"ListItem","position":1,"name":"Accueil","item":"https:\/\/visiotruck.com\/es\/?page_id=2309"},{"@type":"ListItem","position":2,"name":"Cami\u00f3n MonOpticien Jaubert"}]},{"@type":"WebSite","@id":"https:\/\/visiotruck.com\/es\/#website","url":"https:\/\/visiotruck.com\/es\/","name":"VisioTruck","description":"Votre camion d\u2019opticien cl\u00e9 en main !","publisher":{"@id":"https:\/\/visiotruck.com\/es\/#organization"},"potentialAction":[{"@type":"SearchAction","target":{"@type":"EntryPoint","urlTemplate":"https:\/\/visiotruck.com\/es\/?s={search_term_string}"},"query-input":{"@type":"PropertyValueSpecification","valueRequired":true,"valueName":"search_term_string"}}],"inLanguage":"es"},{"@type":"Organization","@id":"https:\/\/visiotruck.com\/es\/#organization","name":"Visiotruck - Camion Opticien","url":"https:\/\/visiotruck.com\/es\/","logo":{"@type":"ImageObject","inLanguage":"es","@id":"https:\/\/visiotruck.com\/es\/#\/schema\/logo\/image\/","url":"https:\/\/visiotruck.com\/wp-content\/uploads\/2021\/03\/cropped-logo-visiotruck_Page_01-1.png","contentUrl":"https:\/\/visiotruck.com\/wp-content\/uploads\/2021\/03\/cropped-logo-visiotruck_Page_01-1.png","width":512,"height":512,"caption":"Visiotruck - Camion Opticien"},"image":{"@id":"https:\/\/visiotruck.com\/es\/#\/schema\/logo\/image\/"}}]}},"uagb_featured_image_src":{"full":null,"thumbnail":null,"medium":null,"medium_large":null,"large":null,"1536x1536":null,"2048x2048":null,"post-thumbnail":null,"wc-blog-page":null,"wc-blog-small":null,"wc-testimonial-thumb":null,"wc-service-small-thumb":null,"wc-doctor-thumbnail":null},"uagb_author_info":{"display_name":"Mathieu Jaubert","author_link":"https:\/\/visiotruck.com\/es\/author\/admin5466\/"},"uagb_comment_info":0,"uagb_excerpt":"Nuestro modelo de exposici\u00f3n SILMO 2022 est\u00e1 a la venta. DESCUENTO &#8211; 25 GARANT\u00cdA DE 2 A\u00d1OS &#8211; Modelo de pantalla SILMO 2023 Contacto: 06 87 81 90 09","_links":{"self":[{"href":"https:\/\/visiotruck.com\/es\/wp-json\/wp\/v2\/pages\/2380","targetHints":{"allow":["GET"]}}],"collection":[{"href":"https:\/\/visiotruck.com\/es\/wp-json\/wp\/v2\/pages"}],"about":[{"href":"https:\/\/visiotruck.com\/es\/wp-json\/wp\/v2\/types\/page"}],"author":[{"embeddable":true,"href":"https:\/\/visiotruck.com\/es\/wp-json\/wp\/v2\/users\/1"}],"replies":[{"embeddable":true,"href":"https:\/\/visiotruck.com\/es\/wp-json\/wp\/v2\/comments?post=2380"}],"version-history":[{"count":1,"href":"https:\/\/visiotruck.com\/es\/wp-json\/wp\/v2\/pages\/2380\/revisions"}],"predecessor-version":[{"id":2381,"href":"https:\/\/visiotruck.com\/es\/wp-json\/wp\/v2\/pages\/2380\/revisions\/2381"}],"wp:attachment":[{"href":"https:\/\/visiotruck.com\/es\/wp-json\/wp\/v2\/media?parent=2380"}],"curies":[{"name":"wp","href":"https:\/\/api.w.org\/{rel}","templated":true}]}}