{"id":2375,"date":"2021-04-14T09:19:26","date_gmt":"2021-04-14T07:19:26","guid":{"rendered":"https:\/\/visiotruck.com\/informacion-legal\/"},"modified":"2025-01-16T13:12:59","modified_gmt":"2025-01-16T12:12:59","slug":"informacion-legal","status":"publish","type":"page","link":"https:\/\/visiotruck.com\/es\/informacion-legal\/","title":{"rendered":"Informaci\u00f3n legal"},"content":{"rendered":"<style type=\"text\/css\"><\/style>\n<div class=\"kc-elm kc-css-1085344 kc-row-container module\">\n<div class=\"wc-row row\">\n<div class=\"kc-wrap-columns\">\n<div class=\"kc-elm kc-css-3075416 small-12 columns small-12\">\n<div class=\"kc-col-container\">\n<div class=\"kc-elm kc-css-3407824 kc_text_block\">\n<h1 style=\"text-align: justify;\">Informaci\u00f3n legal y cr\u00e9ditos del sitio<\/h1>\n<p style=\"text-align: justify;\">\n<p>&nbsp; P<strong>ropietario del sitio<\/strong> Visiotruck &#8211; Mathieu Jaubert 3 chemin des 4 ch\u00eanes &#8211; ZA Val de Gers &#8211; 32550 LASSEUBE PROPRE Tel. 06 87 81 90 09 &#8211; <a href=\"mailto:visiotruck@gmail.com\" target=\"_blank\" rel=\"noopener\">visiotruck@gmail.com<\/a>  <\/p>\n<p style=\"text-align: justify;\">\n<p>E<strong>ditor del sitio web<\/strong> Groupement d&#8217;Employeurs du Gers en Gascogne 97 Boulevard Sadi Carnot, 32000 Auch Tel: 05 62 05 08 40 <br \/><a href=\"https:\/\/www.gegg.fr\/\" target=\"_blank\" rel=\"noopener\">https:\/\/www.gegg.fr\/<\/a> <\/p>\n<p style=\"text-align: justify;\">\n<p>S<strong>itio de alojamiento<\/strong> OVH 2 rue Kellermann 59 100 Roubaix Francia<\/p>\n<p style=\"text-align: justify;\">C<strong>omisi\u00f3n Nacional de Inform\u00e1tica y Libertades (CNIL<\/strong>) Este sitio web ha sido declarado a la CNIL, de conformidad con la Ley n\u00ba 78-17 de 6 de enero de 1978 relativa a la inform\u00e1tica, los archivos y las libertades.<\/p>\n<p style=\"text-align: justify;\">D<strong>erecho de acceso al fichero informatizado<\/strong> Todo usuario que haya facilitado directa o indirectamente informaci\u00f3n nominativa a trav\u00e9s de este sitio de Internet puede solicitar la comunicaci\u00f3n de la informaci\u00f3n nominativa que le concierne al administrador del servicio y hacerla rectificar, si procede, de conformidad con la ley francesa n\u00ba 78-17 de 6 de enero de 1978 relativa a la inform\u00e1tica, los archivos y las libertades, presentando una solicitud por correo, a la atenci\u00f3n de Visiotruck.<\/p>\n<p style=\"text-align: justify;\">I<strong>nformaci\u00f3n disponible<\/strong> La informaci\u00f3n y los comunicados de prensa publicados en este servicio no son contractuales y los documentos legalmente vinculantes son los que han sido legalmente anunciados y\/o aprobados por las autoridades pertinentes. El contenido puesto a disposici\u00f3n en este sitio se proporciona \u00fanicamente con fines informativos. La existencia de un enlace desde el sitio Visiotruck a otro sitio no constituye una validaci\u00f3n de dicho sitio ni de su contenido. Corresponde al internauta utilizar esta informaci\u00f3n con discernimiento y esp\u00edritu cr\u00edtico. El editor no se hace responsable de las informaciones, opiniones y recomendaciones formuladas por estos terceros.    <\/p>\n<p style=\"text-align: justify;\">L<strong>icencia de uso y derechos de autor<\/strong> El conjunto de este sitio est\u00e1 sujeto a la legislaci\u00f3n francesa e internacional sobre derechos de autor y propiedad intelectual, tanto en lo que respecta a su forma (elecci\u00f3n de la presentaci\u00f3n, disposici\u00f3n de los materiales, medios de acceso a los datos, organizaci\u00f3n de los datos, etc.) como a cada uno de los elementos de su contenido (textos, im\u00e1genes, etc.). Toda reproducci\u00f3n total o parcial de este sitio, incluidos los documentos descargables y las representaciones iconogr\u00e1ficas y fotogr\u00e1ficas, est\u00e1 estrictamente prohibida sin la autorizaci\u00f3n expresa del administrador del sitio. La infracci\u00f3n de cualquiera de estos derechos constituye un delito penal de falsificaci\u00f3n (art. L 335-1 a 335-10 del C\u00f3digo de la Propiedad Intelectual franc\u00e9s) y se castiga con dos a\u00f1os de prisi\u00f3n y una multa de 150.000 euros.  <\/p>\n<p style=\"text-align: justify;\">C<strong>r\u00e9ditos de las fotos<\/strong> VisioTruck y MonOpticien Jaubert<\/p>\n<\/div>\n<\/div>\n<\/div>\n<\/div>\n<\/div>\n<\/div>\n","protected":false},"excerpt":{"rendered":"<p>Informaci\u00f3n legal y cr\u00e9ditos del sitio &nbsp; Propietario del sitio Visiotruck &#8211; Mathieu Jaubert 3 chemin des 4 ch\u00eanes &#8211; ZA Val de Gers &#8211; 32550 LASSEUBE PROPRE Tel. 06 87 81 90 09 &#8211; visiotruck@gmail.com Editor del sitio web Groupement d&#8217;Employeurs du Gers en Gascogne 97 Boulevard Sadi Carnot, <a class=\"read-more\" href=\"https:\/\/visiotruck.com\/es\/informacion-legal\/\">Read More&#8230;<\/a><\/p>\n","protected":false},"author":1,"featured_media":0,"parent":0,"menu_order":0,"comment_status":"closed","ping_status":"closed","template":"","meta":{"_uag_custom_page_level_css":"","footnotes":""},"class_list":["post-2375","page","type-page","status-publish","hentry"],"yoast_head":"<!-- This site is optimized with the Yoast SEO plugin v27.3 - https:\/\/yoast.com\/product\/yoast-seo-wordpress\/ -->\n<title>Visiotruck. Venta de camiones \u00f3pticos m\u00f3viles nuevos y usados.<\/title>\n<meta name=\"description\" content=\"Visiotruck. Venta de camiones para \u00f3pticos nuevos y usados. Cami\u00f3n \u00f3ptico m\u00f3vil. frontrofoc\u00f3metro, calefactor, unidad de optometr\u00eda port\u00e1til\" \/>\n<meta name=\"robots\" content=\"index, follow, max-snippet:-1, max-image-preview:large, max-video-preview:-1\" \/>\n<link rel=\"canonical\" href=\"https:\/\/visiotruck.com\/es\/informacion-legal\/\" \/>\n<meta property=\"og:locale\" content=\"es_ES\" \/>\n<meta property=\"og:type\" content=\"article\" \/>\n<meta property=\"og:title\" content=\"Visiotruck. Venta de camiones \u00f3pticos m\u00f3viles nuevos y usados.\" \/>\n<meta property=\"og:description\" content=\"Visiotruck. Venta de camiones para \u00f3pticos nuevos y usados. Cami\u00f3n \u00f3ptico m\u00f3vil. frontrofoc\u00f3metro, calefactor, unidad de optometr\u00eda port\u00e1til\" \/>\n<meta property=\"og:url\" content=\"https:\/\/visiotruck.com\/es\/informacion-legal\/\" \/>\n<meta property=\"og:site_name\" content=\"VisioTruck\" \/>\n<meta property=\"article:modified_time\" content=\"2025-01-16T12:12:59+00:00\" \/>\n<meta name=\"twitter:card\" content=\"summary_large_image\" \/>\n<meta name=\"twitter:label1\" content=\"Tiempo de lectura\" \/>\n\t<meta name=\"twitter:data1\" content=\"2 minutos\" \/>\n<script type=\"application\/ld+json\" class=\"yoast-schema-graph\">{\"@context\":\"https:\\\/\\\/schema.org\",\"@graph\":[{\"@type\":\"WebPage\",\"@id\":\"https:\\\/\\\/visiotruck.com\\\/es\\\/informacion-legal\\\/\",\"url\":\"https:\\\/\\\/visiotruck.com\\\/es\\\/informacion-legal\\\/\",\"name\":\"Visiotruck. Venta de camiones \u00f3pticos m\u00f3viles nuevos y usados.\",\"isPartOf\":{\"@id\":\"https:\\\/\\\/visiotruck.com\\\/es\\\/#website\"},\"datePublished\":\"2021-04-14T07:19:26+00:00\",\"dateModified\":\"2025-01-16T12:12:59+00:00\",\"description\":\"Visiotruck. Venta de camiones para \u00f3pticos nuevos y usados. Cami\u00f3n \u00f3ptico m\u00f3vil. frontrofoc\u00f3metro, calefactor, unidad de optometr\u00eda port\u00e1til\",\"breadcrumb\":{\"@id\":\"https:\\\/\\\/visiotruck.com\\\/es\\\/informacion-legal\\\/#breadcrumb\"},\"inLanguage\":\"es\",\"potentialAction\":[{\"@type\":\"ReadAction\",\"target\":[\"https:\\\/\\\/visiotruck.com\\\/es\\\/informacion-legal\\\/\"]}]},{\"@type\":\"BreadcrumbList\",\"@id\":\"https:\\\/\\\/visiotruck.com\\\/es\\\/informacion-legal\\\/#breadcrumb\",\"itemListElement\":[{\"@type\":\"ListItem\",\"position\":1,\"name\":\"Accueil\",\"item\":\"https:\\\/\\\/visiotruck.com\\\/es\\\/?page_id=2309\"},{\"@type\":\"ListItem\",\"position\":2,\"name\":\"Informaci\u00f3n legal\"}]},{\"@type\":\"WebSite\",\"@id\":\"https:\\\/\\\/visiotruck.com\\\/es\\\/#website\",\"url\":\"https:\\\/\\\/visiotruck.com\\\/es\\\/\",\"name\":\"VisioTruck\",\"description\":\"Votre camion d\u2019opticien cl\u00e9 en main !\",\"publisher\":{\"@id\":\"https:\\\/\\\/visiotruck.com\\\/es\\\/#organization\"},\"potentialAction\":[{\"@type\":\"SearchAction\",\"target\":{\"@type\":\"EntryPoint\",\"urlTemplate\":\"https:\\\/\\\/visiotruck.com\\\/es\\\/?s={search_term_string}\"},\"query-input\":{\"@type\":\"PropertyValueSpecification\",\"valueRequired\":true,\"valueName\":\"search_term_string\"}}],\"inLanguage\":\"es\"},{\"@type\":\"Organization\",\"@id\":\"https:\\\/\\\/visiotruck.com\\\/es\\\/#organization\",\"name\":\"Visiotruck - Camion Opticien\",\"url\":\"https:\\\/\\\/visiotruck.com\\\/es\\\/\",\"logo\":{\"@type\":\"ImageObject\",\"inLanguage\":\"es\",\"@id\":\"https:\\\/\\\/visiotruck.com\\\/es\\\/#\\\/schema\\\/logo\\\/image\\\/\",\"url\":\"https:\\\/\\\/visiotruck.com\\\/wp-content\\\/uploads\\\/2021\\\/03\\\/cropped-logo-visiotruck_Page_01-1.png\",\"contentUrl\":\"https:\\\/\\\/visiotruck.com\\\/wp-content\\\/uploads\\\/2021\\\/03\\\/cropped-logo-visiotruck_Page_01-1.png\",\"width\":512,\"height\":512,\"caption\":\"Visiotruck - Camion Opticien\"},\"image\":{\"@id\":\"https:\\\/\\\/visiotruck.com\\\/es\\\/#\\\/schema\\\/logo\\\/image\\\/\"}}]}<\/script>\n<!-- \/ Yoast SEO plugin. -->","yoast_head_json":{"title":"Visiotruck. Venta de camiones \u00f3pticos m\u00f3viles nuevos y usados.","description":"Visiotruck. Venta de camiones para \u00f3pticos nuevos y usados. Cami\u00f3n \u00f3ptico m\u00f3vil. frontrofoc\u00f3metro, calefactor, unidad de optometr\u00eda port\u00e1til","robots":{"index":"index","follow":"follow","max-snippet":"max-snippet:-1","max-image-preview":"max-image-preview:large","max-video-preview":"max-video-preview:-1"},"canonical":"https:\/\/visiotruck.com\/es\/informacion-legal\/","og_locale":"es_ES","og_type":"article","og_title":"Visiotruck. Venta de camiones \u00f3pticos m\u00f3viles nuevos y usados.","og_description":"Visiotruck. Venta de camiones para \u00f3pticos nuevos y usados. Cami\u00f3n \u00f3ptico m\u00f3vil. frontrofoc\u00f3metro, calefactor, unidad de optometr\u00eda port\u00e1til","og_url":"https:\/\/visiotruck.com\/es\/informacion-legal\/","og_site_name":"VisioTruck","article_modified_time":"2025-01-16T12:12:59+00:00","twitter_card":"summary_large_image","twitter_misc":{"Tiempo de lectura":"2 minutos"},"schema":{"@context":"https:\/\/schema.org","@graph":[{"@type":"WebPage","@id":"https:\/\/visiotruck.com\/es\/informacion-legal\/","url":"https:\/\/visiotruck.com\/es\/informacion-legal\/","name":"Visiotruck. Venta de camiones \u00f3pticos m\u00f3viles nuevos y usados.","isPartOf":{"@id":"https:\/\/visiotruck.com\/es\/#website"},"datePublished":"2021-04-14T07:19:26+00:00","dateModified":"2025-01-16T12:12:59+00:00","description":"Visiotruck. Venta de camiones para \u00f3pticos nuevos y usados. Cami\u00f3n \u00f3ptico m\u00f3vil. frontrofoc\u00f3metro, calefactor, unidad de optometr\u00eda port\u00e1til","breadcrumb":{"@id":"https:\/\/visiotruck.com\/es\/informacion-legal\/#breadcrumb"},"inLanguage":"es","potentialAction":[{"@type":"ReadAction","target":["https:\/\/visiotruck.com\/es\/informacion-legal\/"]}]},{"@type":"BreadcrumbList","@id":"https:\/\/visiotruck.com\/es\/informacion-legal\/#breadcrumb","itemListElement":[{"@type":"ListItem","position":1,"name":"Accueil","item":"https:\/\/visiotruck.com\/es\/?page_id=2309"},{"@type":"ListItem","position":2,"name":"Informaci\u00f3n legal"}]},{"@type":"WebSite","@id":"https:\/\/visiotruck.com\/es\/#website","url":"https:\/\/visiotruck.com\/es\/","name":"VisioTruck","description":"Votre camion d\u2019opticien cl\u00e9 en main !","publisher":{"@id":"https:\/\/visiotruck.com\/es\/#organization"},"potentialAction":[{"@type":"SearchAction","target":{"@type":"EntryPoint","urlTemplate":"https:\/\/visiotruck.com\/es\/?s={search_term_string}"},"query-input":{"@type":"PropertyValueSpecification","valueRequired":true,"valueName":"search_term_string"}}],"inLanguage":"es"},{"@type":"Organization","@id":"https:\/\/visiotruck.com\/es\/#organization","name":"Visiotruck - Camion Opticien","url":"https:\/\/visiotruck.com\/es\/","logo":{"@type":"ImageObject","inLanguage":"es","@id":"https:\/\/visiotruck.com\/es\/#\/schema\/logo\/image\/","url":"https:\/\/visiotruck.com\/wp-content\/uploads\/2021\/03\/cropped-logo-visiotruck_Page_01-1.png","contentUrl":"https:\/\/visiotruck.com\/wp-content\/uploads\/2021\/03\/cropped-logo-visiotruck_Page_01-1.png","width":512,"height":512,"caption":"Visiotruck - Camion Opticien"},"image":{"@id":"https:\/\/visiotruck.com\/es\/#\/schema\/logo\/image\/"}}]}},"uagb_featured_image_src":{"full":null,"thumbnail":null,"medium":null,"medium_large":null,"large":null,"1536x1536":null,"2048x2048":null,"post-thumbnail":null,"wc-blog-page":null,"wc-blog-small":null,"wc-testimonial-thumb":null,"wc-service-small-thumb":null,"wc-doctor-thumbnail":null},"uagb_author_info":{"display_name":"Mathieu Jaubert","author_link":"https:\/\/visiotruck.com\/es\/author\/admin5466\/"},"uagb_comment_info":0,"uagb_excerpt":"Informaci\u00f3n legal y cr\u00e9ditos del sitio &nbsp; Propietario del sitio Visiotruck &#8211; Mathieu Jaubert 3 chemin des 4 ch\u00eanes &#8211; ZA Val de Gers &#8211; 32550 LASSEUBE PROPRE Tel. 06 87 81 90 09 &#8211; visiotruck@gmail.com Editor del sitio web Groupement d&#8217;Employeurs du Gers en Gascogne 97 Boulevard Sadi Carnot, Read More...","_links":{"self":[{"href":"https:\/\/visiotruck.com\/es\/wp-json\/wp\/v2\/pages\/2375","targetHints":{"allow":["GET"]}}],"collection":[{"href":"https:\/\/visiotruck.com\/es\/wp-json\/wp\/v2\/pages"}],"about":[{"href":"https:\/\/visiotruck.com\/es\/wp-json\/wp\/v2\/types\/page"}],"author":[{"embeddable":true,"href":"https:\/\/visiotruck.com\/es\/wp-json\/wp\/v2\/users\/1"}],"replies":[{"embeddable":true,"href":"https:\/\/visiotruck.com\/es\/wp-json\/wp\/v2\/comments?post=2375"}],"version-history":[{"count":1,"href":"https:\/\/visiotruck.com\/es\/wp-json\/wp\/v2\/pages\/2375\/revisions"}],"predecessor-version":[{"id":2377,"href":"https:\/\/visiotruck.com\/es\/wp-json\/wp\/v2\/pages\/2375\/revisions\/2377"}],"wp:attachment":[{"href":"https:\/\/visiotruck.com\/es\/wp-json\/wp\/v2\/media?parent=2375"}],"curies":[{"name":"wp","href":"https:\/\/api.w.org\/{rel}","templated":true}]}}