{"id":2368,"date":"2021-04-21T15:31:10","date_gmt":"2021-04-21T13:31:10","guid":{"rendered":"https:\/\/visiotruck.com\/videos\/"},"modified":"2025-01-16T13:12:53","modified_gmt":"2025-01-16T12:12:53","slug":"videos","status":"publish","type":"page","link":"https:\/\/visiotruck.com\/es\/videos\/","title":{"rendered":"V\u00eddeos"},"content":{"rendered":"<style type=\"text\/css\"><\/style>\n<div class=\"kc-elm kc-css-1920221 kc-row-container module\">\n<div class=\"wc-row row\">\n<div class=\"kc-wrap-columns\">\n<div class=\"kc-elm kc-css-2238798 small-12 columns small-12\">\n<div class=\"kc-col-container\">\n<div class=\"kc-elm kc-css-3587323\" style=\"height: 20px; clear: both; width:100%;\"><\/div>\n<div class=\"kc-elm kc-css-516929 kc_text_block\">\n<p style=\"text-align: center;\">Mira el interior de nuestro Visiotruck aqu\u00ed<\/p>\n<\/div>\n<\/div>\n<\/div>\n<\/div>\n<\/div>\n<\/div>\n<div class=\"kc-elm kc-css-2329751 kc-row-container module\">\n<div class=\"wc-row row\">\n<div class=\"kc-wrap-columns\">\n<div class=\"kc-elm kc-css-1651704 small-12 columns small-12\">\n<div class=\"kc-col-container\">\n<div class=\"kc-elm kc-css-134914 kc_shortcode kc_video_play kc_video_wrapper\">\n\t\t\t\t\t\t\t\t<video width=\"1000\" height=\"564.97175141243\" controls=\"\"><source src=\"https:\/\/visiotruck.com\/wp-content\/uploads\/2021\/10\/visiotruck-opticiens-ambulant.mp4\" type=\"video\/mp4\">Tu navegador no admite la etiqueta de v\u00eddeo.  <\/source><\/video><\/p><\/div>\n<\/div>\n<\/div>\n<\/div>\n<\/div>\n<\/div>\n","protected":false},"excerpt":{"rendered":"<p>Mira el interior de nuestro Visiotruck aqu\u00ed Tu navegador no admite la etiqueta de v\u00eddeo.<\/p>\n","protected":false},"author":1,"featured_media":0,"parent":0,"menu_order":0,"comment_status":"closed","ping_status":"closed","template":"","meta":{"_uag_custom_page_level_css":"","footnotes":""},"class_list":["post-2368","page","type-page","status-publish","hentry"],"yoast_head":"<!-- This site is optimized with the Yoast SEO plugin v27.3 - https:\/\/yoast.com\/product\/yoast-seo-wordpress\/ -->\n<title>Visiotruck. Venta de camiones para \u00f3pticos nuevos y usados. V\u00eddeos.<\/title>\n<meta name=\"description\" content=\"Visiotruck. Venta de camiones para \u00f3pticos nuevos y usados. \u00d3ptico. pantalla de optotipos, refract\u00f3metro port\u00e1til, todos los v\u00eddeos\" \/>\n<meta name=\"robots\" content=\"index, follow, max-snippet:-1, max-image-preview:large, max-video-preview:-1\" \/>\n<link rel=\"canonical\" href=\"https:\/\/visiotruck.com\/es\/videos\/\" \/>\n<meta property=\"og:locale\" content=\"es_ES\" \/>\n<meta property=\"og:type\" content=\"article\" \/>\n<meta property=\"og:title\" content=\"Visiotruck. Venta de camiones para \u00f3pticos nuevos y usados. V\u00eddeos.\" \/>\n<meta property=\"og:description\" content=\"Visiotruck. Venta de camiones para \u00f3pticos nuevos y usados. \u00d3ptico. pantalla de optotipos, refract\u00f3metro port\u00e1til, todos los v\u00eddeos\" \/>\n<meta property=\"og:url\" content=\"https:\/\/visiotruck.com\/es\/videos\/\" \/>\n<meta property=\"og:site_name\" content=\"VisioTruck\" \/>\n<meta property=\"article:modified_time\" content=\"2025-01-16T12:12:53+00:00\" \/>\n<meta name=\"twitter:card\" content=\"summary_large_image\" \/>\n<script type=\"application\/ld+json\" class=\"yoast-schema-graph\">{\"@context\":\"https:\\\/\\\/schema.org\",\"@graph\":[{\"@type\":\"WebPage\",\"@id\":\"https:\\\/\\\/visiotruck.com\\\/es\\\/videos\\\/\",\"url\":\"https:\\\/\\\/visiotruck.com\\\/es\\\/videos\\\/\",\"name\":\"Visiotruck. Venta de camiones para \u00f3pticos nuevos y usados. V\u00eddeos.\",\"isPartOf\":{\"@id\":\"https:\\\/\\\/visiotruck.com\\\/es\\\/#website\"},\"datePublished\":\"2021-04-21T13:31:10+00:00\",\"dateModified\":\"2025-01-16T12:12:53+00:00\",\"description\":\"Visiotruck. Venta de camiones para \u00f3pticos nuevos y usados. \u00d3ptico. pantalla de optotipos, refract\u00f3metro port\u00e1til, todos los v\u00eddeos\",\"breadcrumb\":{\"@id\":\"https:\\\/\\\/visiotruck.com\\\/es\\\/videos\\\/#breadcrumb\"},\"inLanguage\":\"es\",\"potentialAction\":[{\"@type\":\"ReadAction\",\"target\":[\"https:\\\/\\\/visiotruck.com\\\/es\\\/videos\\\/\"]}]},{\"@type\":\"BreadcrumbList\",\"@id\":\"https:\\\/\\\/visiotruck.com\\\/es\\\/videos\\\/#breadcrumb\",\"itemListElement\":[{\"@type\":\"ListItem\",\"position\":1,\"name\":\"Accueil\",\"item\":\"https:\\\/\\\/visiotruck.com\\\/es\\\/?page_id=2309\"},{\"@type\":\"ListItem\",\"position\":2,\"name\":\"V\u00eddeos\"}]},{\"@type\":\"WebSite\",\"@id\":\"https:\\\/\\\/visiotruck.com\\\/es\\\/#website\",\"url\":\"https:\\\/\\\/visiotruck.com\\\/es\\\/\",\"name\":\"VisioTruck\",\"description\":\"Votre camion d\u2019opticien cl\u00e9 en main !\",\"publisher\":{\"@id\":\"https:\\\/\\\/visiotruck.com\\\/es\\\/#organization\"},\"potentialAction\":[{\"@type\":\"SearchAction\",\"target\":{\"@type\":\"EntryPoint\",\"urlTemplate\":\"https:\\\/\\\/visiotruck.com\\\/es\\\/?s={search_term_string}\"},\"query-input\":{\"@type\":\"PropertyValueSpecification\",\"valueRequired\":true,\"valueName\":\"search_term_string\"}}],\"inLanguage\":\"es\"},{\"@type\":\"Organization\",\"@id\":\"https:\\\/\\\/visiotruck.com\\\/es\\\/#organization\",\"name\":\"Visiotruck - Camion Opticien\",\"url\":\"https:\\\/\\\/visiotruck.com\\\/es\\\/\",\"logo\":{\"@type\":\"ImageObject\",\"inLanguage\":\"es\",\"@id\":\"https:\\\/\\\/visiotruck.com\\\/es\\\/#\\\/schema\\\/logo\\\/image\\\/\",\"url\":\"https:\\\/\\\/visiotruck.com\\\/wp-content\\\/uploads\\\/2021\\\/03\\\/cropped-logo-visiotruck_Page_01-1.png\",\"contentUrl\":\"https:\\\/\\\/visiotruck.com\\\/wp-content\\\/uploads\\\/2021\\\/03\\\/cropped-logo-visiotruck_Page_01-1.png\",\"width\":512,\"height\":512,\"caption\":\"Visiotruck - Camion Opticien\"},\"image\":{\"@id\":\"https:\\\/\\\/visiotruck.com\\\/es\\\/#\\\/schema\\\/logo\\\/image\\\/\"}}]}<\/script>\n<!-- \/ Yoast SEO plugin. -->","yoast_head_json":{"title":"Visiotruck. Venta de camiones para \u00f3pticos nuevos y usados. V\u00eddeos.","description":"Visiotruck. Venta de camiones para \u00f3pticos nuevos y usados. \u00d3ptico. pantalla de optotipos, refract\u00f3metro port\u00e1til, todos los v\u00eddeos","robots":{"index":"index","follow":"follow","max-snippet":"max-snippet:-1","max-image-preview":"max-image-preview:large","max-video-preview":"max-video-preview:-1"},"canonical":"https:\/\/visiotruck.com\/es\/videos\/","og_locale":"es_ES","og_type":"article","og_title":"Visiotruck. Venta de camiones para \u00f3pticos nuevos y usados. V\u00eddeos.","og_description":"Visiotruck. Venta de camiones para \u00f3pticos nuevos y usados. \u00d3ptico. pantalla de optotipos, refract\u00f3metro port\u00e1til, todos los v\u00eddeos","og_url":"https:\/\/visiotruck.com\/es\/videos\/","og_site_name":"VisioTruck","article_modified_time":"2025-01-16T12:12:53+00:00","twitter_card":"summary_large_image","schema":{"@context":"https:\/\/schema.org","@graph":[{"@type":"WebPage","@id":"https:\/\/visiotruck.com\/es\/videos\/","url":"https:\/\/visiotruck.com\/es\/videos\/","name":"Visiotruck. Venta de camiones para \u00f3pticos nuevos y usados. V\u00eddeos.","isPartOf":{"@id":"https:\/\/visiotruck.com\/es\/#website"},"datePublished":"2021-04-21T13:31:10+00:00","dateModified":"2025-01-16T12:12:53+00:00","description":"Visiotruck. Venta de camiones para \u00f3pticos nuevos y usados. \u00d3ptico. pantalla de optotipos, refract\u00f3metro port\u00e1til, todos los v\u00eddeos","breadcrumb":{"@id":"https:\/\/visiotruck.com\/es\/videos\/#breadcrumb"},"inLanguage":"es","potentialAction":[{"@type":"ReadAction","target":["https:\/\/visiotruck.com\/es\/videos\/"]}]},{"@type":"BreadcrumbList","@id":"https:\/\/visiotruck.com\/es\/videos\/#breadcrumb","itemListElement":[{"@type":"ListItem","position":1,"name":"Accueil","item":"https:\/\/visiotruck.com\/es\/?page_id=2309"},{"@type":"ListItem","position":2,"name":"V\u00eddeos"}]},{"@type":"WebSite","@id":"https:\/\/visiotruck.com\/es\/#website","url":"https:\/\/visiotruck.com\/es\/","name":"VisioTruck","description":"Votre camion d\u2019opticien cl\u00e9 en main !","publisher":{"@id":"https:\/\/visiotruck.com\/es\/#organization"},"potentialAction":[{"@type":"SearchAction","target":{"@type":"EntryPoint","urlTemplate":"https:\/\/visiotruck.com\/es\/?s={search_term_string}"},"query-input":{"@type":"PropertyValueSpecification","valueRequired":true,"valueName":"search_term_string"}}],"inLanguage":"es"},{"@type":"Organization","@id":"https:\/\/visiotruck.com\/es\/#organization","name":"Visiotruck - Camion Opticien","url":"https:\/\/visiotruck.com\/es\/","logo":{"@type":"ImageObject","inLanguage":"es","@id":"https:\/\/visiotruck.com\/es\/#\/schema\/logo\/image\/","url":"https:\/\/visiotruck.com\/wp-content\/uploads\/2021\/03\/cropped-logo-visiotruck_Page_01-1.png","contentUrl":"https:\/\/visiotruck.com\/wp-content\/uploads\/2021\/03\/cropped-logo-visiotruck_Page_01-1.png","width":512,"height":512,"caption":"Visiotruck - Camion Opticien"},"image":{"@id":"https:\/\/visiotruck.com\/es\/#\/schema\/logo\/image\/"}}]}},"uagb_featured_image_src":{"full":null,"thumbnail":null,"medium":null,"medium_large":null,"large":null,"1536x1536":null,"2048x2048":null,"post-thumbnail":null,"wc-blog-page":null,"wc-blog-small":null,"wc-testimonial-thumb":null,"wc-service-small-thumb":null,"wc-doctor-thumbnail":null},"uagb_author_info":{"display_name":"Mathieu Jaubert","author_link":"https:\/\/visiotruck.com\/es\/author\/admin5466\/"},"uagb_comment_info":0,"uagb_excerpt":"Mira el interior de nuestro Visiotruck aqu\u00ed Tu navegador no admite la etiqueta de v\u00eddeo.","_links":{"self":[{"href":"https:\/\/visiotruck.com\/es\/wp-json\/wp\/v2\/pages\/2368","targetHints":{"allow":["GET"]}}],"collection":[{"href":"https:\/\/visiotruck.com\/es\/wp-json\/wp\/v2\/pages"}],"about":[{"href":"https:\/\/visiotruck.com\/es\/wp-json\/wp\/v2\/types\/page"}],"author":[{"embeddable":true,"href":"https:\/\/visiotruck.com\/es\/wp-json\/wp\/v2\/users\/1"}],"replies":[{"embeddable":true,"href":"https:\/\/visiotruck.com\/es\/wp-json\/wp\/v2\/comments?post=2368"}],"version-history":[{"count":1,"href":"https:\/\/visiotruck.com\/es\/wp-json\/wp\/v2\/pages\/2368\/revisions"}],"predecessor-version":[{"id":2370,"href":"https:\/\/visiotruck.com\/es\/wp-json\/wp\/v2\/pages\/2368\/revisions\/2370"}],"wp:attachment":[{"href":"https:\/\/visiotruck.com\/es\/wp-json\/wp\/v2\/media?parent=2368"}],"curies":[{"name":"wp","href":"https:\/\/api.w.org\/{rel}","templated":true}]}}