{"id":2360,"date":"2021-10-14T10:50:50","date_gmt":"2021-10-14T08:50:50","guid":{"rendered":"https:\/\/visiotruck.com\/ciudad-visiotruck\/"},"modified":"2025-01-16T13:12:52","modified_gmt":"2025-01-16T12:12:52","slug":"ciudad-visiotruck","status":"publish","type":"page","link":"https:\/\/visiotruck.com\/es\/ciudad-visiotruck\/","title":{"rendered":"Ciudad Visiotruck"},"content":{"rendered":"<style type=\"text\/css\"><\/style>\n<div class=\"kc-elm kc-css-1719451 kc-row-container module\">\n<div class=\"wc-row row\">\n<div class=\"kc-wrap-columns\">\n<div class=\"kc-elm kc-css-3329322 small-12 columns small-12\">\n<div class=\"kc-col-container\">\n<div class=\"kc-elm kc-css-2501892 kc_text_block\">\n<p style=\"text-align: center;\"><strong>Visiotruck City es tu cami\u00f3n para grandes aglomeraciones  <\/strong><\/p>\n<p style=\"text-align: center;\"><strong>&#8211; Tama\u00f1o compacto<\/strong><\/p>\n<p style=\"text-align: center;\"><strong>&#8211; Aparca en una plaza de aparcamiento tradicional<\/strong><\/p>\n<p style=\"text-align: center;\"><strong>&#8211; Para entregas y ventas a domicilio<\/strong><\/p>\n<\/div>\n<div class=\"kc-image-gallery kc-elm kc-css-1300531\">\n<div class=\"kc_image_gallery kc-carousel-image kc-grid \" data-image_masonry=\"yes\">\n<div class=\"item-grid grid-3\"><a href=\"https:\/\/visiotruck.com\/wp-content\/uploads\/2022\/09\/camion-opticien-domicile-itinerant.jpg\" target=\"_blank\"><img decoding=\"async\" src=\"https:\/\/visiotruck.com\/wp-content\/uploads\/2022\/09\/camion-opticien-domicile-itinerant.jpg\" alt=\"cami\u00f3n \u00f3ptico m\u00f3vil\"><\/p>\n<div class=\"kc-image-overlay\"><i class=\"fa-plus\"><\/i><\/div>\n<p><\/a><\/div>\n<div class=\"item-grid grid-3\"><a href=\"https:\/\/visiotruck.com\/wp-content\/uploads\/2022\/09\/camion-opticien-domicile-1.jpg\" target=\"_blank\"><img decoding=\"async\" src=\"https:\/\/visiotruck.com\/wp-content\/uploads\/2022\/09\/camion-opticien-domicile-1.jpg\" alt=\"cami\u00f3n \u00f3ptico domicilio\"><\/p>\n<div class=\"kc-image-overlay\"><i class=\"fa-plus\"><\/i><\/div>\n<p><\/a><\/div>\n<div class=\"item-grid grid-3\"><a href=\"https:\/\/visiotruck.com\/wp-content\/uploads\/2022\/09\/camion-optique-1.jpg\" target=\"_blank\"><img decoding=\"async\" src=\"https:\/\/visiotruck.com\/wp-content\/uploads\/2022\/09\/camion-optique-1.jpg\" alt=\"cami\u00f3n \u00f3ptico\"><\/p>\n<div class=\"kc-image-overlay\"><i class=\"fa-plus\"><\/i><\/div>\n<p><\/a><\/div>\n<div class=\"item-grid grid-3\"><a href=\"https:\/\/visiotruck.com\/wp-content\/uploads\/2022\/09\/camion-doptique.jpg\" target=\"_blank\"><img decoding=\"async\" src=\"https:\/\/visiotruck.com\/wp-content\/uploads\/2022\/09\/camion-doptique.jpg\" alt=\"cami\u00f3n \u00f3ptico\"><\/p>\n<div class=\"kc-image-overlay\"><i class=\"fa-plus\"><\/i><\/div>\n<p><\/a><\/div>\n<div class=\"item-grid grid-3\"><a href=\"https:\/\/visiotruck.com\/wp-content\/uploads\/2022\/09\/camion-optique-domicile.jpg\" target=\"_blank\"><img decoding=\"async\" src=\"https:\/\/visiotruck.com\/wp-content\/uploads\/2022\/09\/camion-optique-domicile.jpg\" alt=\"cami\u00f3n home\u00f3ptico\"><\/p>\n<div class=\"kc-image-overlay\"><i class=\"fa-plus\"><\/i><\/div>\n<p><\/a><\/div>\n<div class=\"item-grid grid-3\"><a href=\"https:\/\/visiotruck.com\/wp-content\/uploads\/2022\/09\/vendeur-camion-opticien.jpg\" target=\"_blank\"><img decoding=\"async\" src=\"https:\/\/visiotruck.com\/wp-content\/uploads\/2022\/09\/vendeur-camion-opticien.jpg\" alt=\"\u00f3ptico vendedor de camiones\"><\/p>\n<div class=\"kc-image-overlay\"><i class=\"fa-plus\"><\/i><\/div>\n<p><\/a><\/div>\n<div class=\"item-grid grid-3\"><a href=\"https:\/\/visiotruck.com\/wp-content\/uploads\/2022\/09\/vendeur-de-camion-optique.jpg\" target=\"_blank\"><img decoding=\"async\" src=\"https:\/\/visiotruck.com\/wp-content\/uploads\/2022\/09\/vendeur-de-camion-optique.jpg\" alt=\"vendedor de camiones \u00f3pticos\"><\/p>\n<div class=\"kc-image-overlay\"><i class=\"fa-plus\"><\/i><\/div>\n<p><\/a><\/div>\n<div class=\"item-grid grid-3\"><a href=\"https:\/\/visiotruck.com\/wp-content\/uploads\/2022\/09\/vendeur-de-camion-opticien.jpg\" target=\"_blank\"><img decoding=\"async\" src=\"https:\/\/visiotruck.com\/wp-content\/uploads\/2022\/09\/vendeur-de-camion-opticien.jpg\" alt=\"\u00f3ptico vendedor de camiones\"><\/p>\n<div class=\"kc-image-overlay\"><i class=\"fa-plus\"><\/i><\/div>\n<p><\/a><\/div>\n<div class=\"item-grid grid-3\"><a href=\"https:\/\/visiotruck.com\/wp-content\/uploads\/2022\/09\/vendeur-camion-optique.jpg\" target=\"_blank\"><img decoding=\"async\" src=\"https:\/\/visiotruck.com\/wp-content\/uploads\/2022\/09\/vendeur-camion-optique.jpg\" alt=\"vendedor de camiones \u00f3pticos\"><\/p>\n<div class=\"kc-image-overlay\"><i class=\"fa-plus\"><\/i><\/div>\n<p><\/a><\/div>\n<div class=\"item-grid grid-3\"><a href=\"https:\/\/visiotruck.com\/wp-content\/uploads\/2022\/09\/camion-d-optique.jpg\" target=\"_blank\"><img decoding=\"async\" src=\"https:\/\/visiotruck.com\/wp-content\/uploads\/2022\/09\/camion-d-optique.jpg\" alt=\"cami\u00f3n \u00f3ptico\"><\/p>\n<div class=\"kc-image-overlay\"><i class=\"fa-plus\"><\/i><\/div>\n<p><\/a><\/div>\n<div class=\"item-grid grid-3\"><a href=\"https:\/\/visiotruck.com\/wp-content\/uploads\/2022\/09\/camion-opticien-itinerant.jpg\" target=\"_blank\"><img decoding=\"async\" src=\"https:\/\/visiotruck.com\/wp-content\/uploads\/2022\/09\/camion-opticien-itinerant.jpg\" alt=\"cami\u00f3n \u00f3ptico m\u00f3vil\"><\/p>\n<div class=\"kc-image-overlay\"><i class=\"fa-plus\"><\/i><\/div>\n<p><\/a><\/div>\n<\/div>\n<\/div>\n<\/div>\n<\/div>\n<\/div>\n<\/div>\n<\/div>\n<div class=\"kc-elm kc-css-3130445 kc-row-container module\">\n<div class=\"wc-row row\">\n<div class=\"kc-wrap-columns\">\n<div class=\"kc-elm kc-css-2998598 small-12 columns small-12\">\n<div class=\"kc-col-container\">\n<div class=\"kc-elm kc-css-705744 kc_shortcode kc_video_play kc_video_wrapper\" data-video=\"https:\/\/www.youtube.com\/watch?v=Q_KMF17tVb4\" data-width=\"400\" data-height=\"225.98870056497\" data-fullwidth=\"\" data-autoplay=\"yes\" data-loop=\"yes\" data-control=\"yes\" data-related=\"yes\" data-showinfo=\"yes\" data-kc-video-mute=\"\">\n\t\t\t<\/div>\n<\/div>\n<\/div>\n<\/div>\n<\/div>\n<\/div>\n","protected":false},"excerpt":{"rendered":"<p>Visiotruck City es tu cami\u00f3n para grandes aglomeraciones &#8211; Tama\u00f1o compacto &#8211; Aparca en una plaza de aparcamiento tradicional &#8211; Para entregas y ventas a domicilio<\/p>\n","protected":false},"author":1,"featured_media":0,"parent":0,"menu_order":0,"comment_status":"closed","ping_status":"closed","template":"","meta":{"_uag_custom_page_level_css":"","footnotes":""},"class_list":["post-2360","page","type-page","status-publish","hentry"],"yoast_head":"<!-- This site is optimized with the Yoast SEO plugin v27.4 - https:\/\/yoast.com\/product\/yoast-seo-wordpress\/ -->\n<title>Visiotruck. Vendedor de Camiones de \u00d3ptica Dom\u00e9stica.<\/title>\n<meta name=\"description\" content=\"Visiotruck. Distribuidor de camiones de \u00f3ptica dom\u00e9stica totalmente equipados para profesionales. Especialista franc\u00e9s desde hace m\u00e1s de 20 a\u00f1os. Profesional.\" \/>\n<meta name=\"robots\" content=\"index, follow, max-snippet:-1, max-image-preview:large, max-video-preview:-1\" \/>\n<link rel=\"canonical\" href=\"https:\/\/visiotruck.com\/es\/ciudad-visiotruck\/\" \/>\n<meta property=\"og:locale\" content=\"es_ES\" \/>\n<meta property=\"og:type\" content=\"article\" \/>\n<meta property=\"og:title\" content=\"Visiotruck. Vendedor de Camiones de \u00d3ptica Dom\u00e9stica.\" \/>\n<meta property=\"og:description\" content=\"Visiotruck. Distribuidor de camiones de \u00f3ptica dom\u00e9stica totalmente equipados para profesionales. Especialista franc\u00e9s desde hace m\u00e1s de 20 a\u00f1os. Profesional.\" \/>\n<meta property=\"og:url\" content=\"https:\/\/visiotruck.com\/es\/ciudad-visiotruck\/\" \/>\n<meta property=\"og:site_name\" content=\"VisioTruck\" \/>\n<meta property=\"article:modified_time\" content=\"2025-01-16T12:12:52+00:00\" \/>\n<meta property=\"og:image\" content=\"https:\/\/visiotruck.com\/wp-content\/uploads\/2022\/09\/camion-opticien-domicile-itinerant.jpg\" \/>\n<meta name=\"twitter:card\" content=\"summary_large_image\" \/>\n<script type=\"application\/ld+json\" class=\"yoast-schema-graph\">{\"@context\":\"https:\\\/\\\/schema.org\",\"@graph\":[{\"@type\":\"WebPage\",\"@id\":\"https:\\\/\\\/visiotruck.com\\\/es\\\/ciudad-visiotruck\\\/\",\"url\":\"https:\\\/\\\/visiotruck.com\\\/es\\\/ciudad-visiotruck\\\/\",\"name\":\"Visiotruck. Vendedor de Camiones de \u00d3ptica Dom\u00e9stica.\",\"isPartOf\":{\"@id\":\"https:\\\/\\\/visiotruck.com\\\/es\\\/#website\"},\"primaryImageOfPage\":{\"@id\":\"https:\\\/\\\/visiotruck.com\\\/es\\\/ciudad-visiotruck\\\/#primaryimage\"},\"image\":{\"@id\":\"https:\\\/\\\/visiotruck.com\\\/es\\\/ciudad-visiotruck\\\/#primaryimage\"},\"thumbnailUrl\":\"https:\\\/\\\/visiotruck.com\\\/wp-content\\\/uploads\\\/2022\\\/09\\\/camion-opticien-domicile-itinerant.jpg\",\"datePublished\":\"2021-10-14T08:50:50+00:00\",\"dateModified\":\"2025-01-16T12:12:52+00:00\",\"description\":\"Visiotruck. Distribuidor de camiones de \u00f3ptica dom\u00e9stica totalmente equipados para profesionales. Especialista franc\u00e9s desde hace m\u00e1s de 20 a\u00f1os. Profesional.\",\"breadcrumb\":{\"@id\":\"https:\\\/\\\/visiotruck.com\\\/es\\\/ciudad-visiotruck\\\/#breadcrumb\"},\"inLanguage\":\"es\",\"potentialAction\":[{\"@type\":\"ReadAction\",\"target\":[\"https:\\\/\\\/visiotruck.com\\\/es\\\/ciudad-visiotruck\\\/\"]}]},{\"@type\":\"ImageObject\",\"inLanguage\":\"es\",\"@id\":\"https:\\\/\\\/visiotruck.com\\\/es\\\/ciudad-visiotruck\\\/#primaryimage\",\"url\":\"https:\\\/\\\/visiotruck.com\\\/wp-content\\\/uploads\\\/2022\\\/09\\\/camion-opticien-domicile-itinerant.jpg\",\"contentUrl\":\"https:\\\/\\\/visiotruck.com\\\/wp-content\\\/uploads\\\/2022\\\/09\\\/camion-opticien-domicile-itinerant.jpg\"},{\"@type\":\"BreadcrumbList\",\"@id\":\"https:\\\/\\\/visiotruck.com\\\/es\\\/ciudad-visiotruck\\\/#breadcrumb\",\"itemListElement\":[{\"@type\":\"ListItem\",\"position\":1,\"name\":\"Accueil\",\"item\":\"https:\\\/\\\/visiotruck.com\\\/es\\\/?page_id=2309\"},{\"@type\":\"ListItem\",\"position\":2,\"name\":\"Ciudad Visiotruck\"}]},{\"@type\":\"WebSite\",\"@id\":\"https:\\\/\\\/visiotruck.com\\\/es\\\/#website\",\"url\":\"https:\\\/\\\/visiotruck.com\\\/es\\\/\",\"name\":\"VisioTruck\",\"description\":\"Votre camion d\u2019opticien cl\u00e9 en main !\",\"publisher\":{\"@id\":\"https:\\\/\\\/visiotruck.com\\\/es\\\/#organization\"},\"potentialAction\":[{\"@type\":\"SearchAction\",\"target\":{\"@type\":\"EntryPoint\",\"urlTemplate\":\"https:\\\/\\\/visiotruck.com\\\/es\\\/?s={search_term_string}\"},\"query-input\":{\"@type\":\"PropertyValueSpecification\",\"valueRequired\":true,\"valueName\":\"search_term_string\"}}],\"inLanguage\":\"es\"},{\"@type\":\"Organization\",\"@id\":\"https:\\\/\\\/visiotruck.com\\\/es\\\/#organization\",\"name\":\"Visiotruck - Camion Opticien\",\"url\":\"https:\\\/\\\/visiotruck.com\\\/es\\\/\",\"logo\":{\"@type\":\"ImageObject\",\"inLanguage\":\"es\",\"@id\":\"https:\\\/\\\/visiotruck.com\\\/es\\\/#\\\/schema\\\/logo\\\/image\\\/\",\"url\":\"https:\\\/\\\/visiotruck.com\\\/wp-content\\\/uploads\\\/2021\\\/03\\\/cropped-logo-visiotruck_Page_01-1.png\",\"contentUrl\":\"https:\\\/\\\/visiotruck.com\\\/wp-content\\\/uploads\\\/2021\\\/03\\\/cropped-logo-visiotruck_Page_01-1.png\",\"width\":512,\"height\":512,\"caption\":\"Visiotruck - Camion Opticien\"},\"image\":{\"@id\":\"https:\\\/\\\/visiotruck.com\\\/es\\\/#\\\/schema\\\/logo\\\/image\\\/\"}}]}<\/script>\n<!-- \/ Yoast SEO plugin. -->","yoast_head_json":{"title":"Visiotruck. Vendedor de Camiones de \u00d3ptica Dom\u00e9stica.","description":"Visiotruck. Distribuidor de camiones de \u00f3ptica dom\u00e9stica totalmente equipados para profesionales. Especialista franc\u00e9s desde hace m\u00e1s de 20 a\u00f1os. Profesional.","robots":{"index":"index","follow":"follow","max-snippet":"max-snippet:-1","max-image-preview":"max-image-preview:large","max-video-preview":"max-video-preview:-1"},"canonical":"https:\/\/visiotruck.com\/es\/ciudad-visiotruck\/","og_locale":"es_ES","og_type":"article","og_title":"Visiotruck. Vendedor de Camiones de \u00d3ptica Dom\u00e9stica.","og_description":"Visiotruck. Distribuidor de camiones de \u00f3ptica dom\u00e9stica totalmente equipados para profesionales. Especialista franc\u00e9s desde hace m\u00e1s de 20 a\u00f1os. Profesional.","og_url":"https:\/\/visiotruck.com\/es\/ciudad-visiotruck\/","og_site_name":"VisioTruck","article_modified_time":"2025-01-16T12:12:52+00:00","og_image":[{"url":"https:\/\/visiotruck.com\/wp-content\/uploads\/2022\/09\/camion-opticien-domicile-itinerant.jpg","type":"","width":"","height":""}],"twitter_card":"summary_large_image","schema":{"@context":"https:\/\/schema.org","@graph":[{"@type":"WebPage","@id":"https:\/\/visiotruck.com\/es\/ciudad-visiotruck\/","url":"https:\/\/visiotruck.com\/es\/ciudad-visiotruck\/","name":"Visiotruck. Vendedor de Camiones de \u00d3ptica Dom\u00e9stica.","isPartOf":{"@id":"https:\/\/visiotruck.com\/es\/#website"},"primaryImageOfPage":{"@id":"https:\/\/visiotruck.com\/es\/ciudad-visiotruck\/#primaryimage"},"image":{"@id":"https:\/\/visiotruck.com\/es\/ciudad-visiotruck\/#primaryimage"},"thumbnailUrl":"https:\/\/visiotruck.com\/wp-content\/uploads\/2022\/09\/camion-opticien-domicile-itinerant.jpg","datePublished":"2021-10-14T08:50:50+00:00","dateModified":"2025-01-16T12:12:52+00:00","description":"Visiotruck. Distribuidor de camiones de \u00f3ptica dom\u00e9stica totalmente equipados para profesionales. Especialista franc\u00e9s desde hace m\u00e1s de 20 a\u00f1os. Profesional.","breadcrumb":{"@id":"https:\/\/visiotruck.com\/es\/ciudad-visiotruck\/#breadcrumb"},"inLanguage":"es","potentialAction":[{"@type":"ReadAction","target":["https:\/\/visiotruck.com\/es\/ciudad-visiotruck\/"]}]},{"@type":"ImageObject","inLanguage":"es","@id":"https:\/\/visiotruck.com\/es\/ciudad-visiotruck\/#primaryimage","url":"https:\/\/visiotruck.com\/wp-content\/uploads\/2022\/09\/camion-opticien-domicile-itinerant.jpg","contentUrl":"https:\/\/visiotruck.com\/wp-content\/uploads\/2022\/09\/camion-opticien-domicile-itinerant.jpg"},{"@type":"BreadcrumbList","@id":"https:\/\/visiotruck.com\/es\/ciudad-visiotruck\/#breadcrumb","itemListElement":[{"@type":"ListItem","position":1,"name":"Accueil","item":"https:\/\/visiotruck.com\/es\/?page_id=2309"},{"@type":"ListItem","position":2,"name":"Ciudad Visiotruck"}]},{"@type":"WebSite","@id":"https:\/\/visiotruck.com\/es\/#website","url":"https:\/\/visiotruck.com\/es\/","name":"VisioTruck","description":"Votre camion d\u2019opticien cl\u00e9 en main !","publisher":{"@id":"https:\/\/visiotruck.com\/es\/#organization"},"potentialAction":[{"@type":"SearchAction","target":{"@type":"EntryPoint","urlTemplate":"https:\/\/visiotruck.com\/es\/?s={search_term_string}"},"query-input":{"@type":"PropertyValueSpecification","valueRequired":true,"valueName":"search_term_string"}}],"inLanguage":"es"},{"@type":"Organization","@id":"https:\/\/visiotruck.com\/es\/#organization","name":"Visiotruck - Camion Opticien","url":"https:\/\/visiotruck.com\/es\/","logo":{"@type":"ImageObject","inLanguage":"es","@id":"https:\/\/visiotruck.com\/es\/#\/schema\/logo\/image\/","url":"https:\/\/visiotruck.com\/wp-content\/uploads\/2021\/03\/cropped-logo-visiotruck_Page_01-1.png","contentUrl":"https:\/\/visiotruck.com\/wp-content\/uploads\/2021\/03\/cropped-logo-visiotruck_Page_01-1.png","width":512,"height":512,"caption":"Visiotruck - Camion Opticien"},"image":{"@id":"https:\/\/visiotruck.com\/es\/#\/schema\/logo\/image\/"}}]}},"uagb_featured_image_src":{"full":null,"thumbnail":null,"medium":null,"medium_large":null,"large":null,"1536x1536":null,"2048x2048":null,"post-thumbnail":null,"wc-blog-page":null,"wc-blog-small":null,"wc-testimonial-thumb":null,"wc-service-small-thumb":null,"wc-doctor-thumbnail":null},"uagb_author_info":{"display_name":"Mathieu Jaubert","author_link":"https:\/\/visiotruck.com\/es\/author\/admin5466\/"},"uagb_comment_info":0,"uagb_excerpt":"Visiotruck City es tu cami\u00f3n para grandes aglomeraciones &#8211; Tama\u00f1o compacto &#8211; Aparca en una plaza de aparcamiento tradicional &#8211; Para entregas y ventas a domicilio","_links":{"self":[{"href":"https:\/\/visiotruck.com\/es\/wp-json\/wp\/v2\/pages\/2360","targetHints":{"allow":["GET"]}}],"collection":[{"href":"https:\/\/visiotruck.com\/es\/wp-json\/wp\/v2\/pages"}],"about":[{"href":"https:\/\/visiotruck.com\/es\/wp-json\/wp\/v2\/types\/page"}],"author":[{"embeddable":true,"href":"https:\/\/visiotruck.com\/es\/wp-json\/wp\/v2\/users\/1"}],"replies":[{"embeddable":true,"href":"https:\/\/visiotruck.com\/es\/wp-json\/wp\/v2\/comments?post=2360"}],"version-history":[{"count":1,"href":"https:\/\/visiotruck.com\/es\/wp-json\/wp\/v2\/pages\/2360\/revisions"}],"predecessor-version":[{"id":2364,"href":"https:\/\/visiotruck.com\/es\/wp-json\/wp\/v2\/pages\/2360\/revisions\/2364"}],"wp:attachment":[{"href":"https:\/\/visiotruck.com\/es\/wp-json\/wp\/v2\/media?parent=2360"}],"curies":[{"name":"wp","href":"https:\/\/api.w.org\/{rel}","templated":true}]}}