{"id":2355,"date":"2023-04-12T09:10:28","date_gmt":"2023-04-12T07:10:28","guid":{"rendered":"https:\/\/visiotruck.com\/maletin-visiotruck\/"},"modified":"2025-01-16T13:12:49","modified_gmt":"2025-01-16T12:12:49","slug":"maletin-visiotruck","status":"publish","type":"page","link":"https:\/\/visiotruck.com\/es\/maletin-visiotruck\/","title":{"rendered":"Malet\u00edn Visiotruck"},"content":{"rendered":"<p>El malet\u00edn VISIOTRUCK ha sido dise\u00f1ado por un \u00f3ptico para \u00f3pticos que quieren empezar a trabajar desde casa. Consta de : &#8211; Malet\u00edn d\u00fao &#8211; Caja de prueba de 95 lentes &#8211; Gafa de prueba &#8211; Cilindro en cruz manual \u00b1 0,25 &#8211; Pupil\u00f3metro &#8211; Test de Parinaud &#8211; Escala de agudeza de 3 m &#8211; Autorefract\u00f3metro (opcional) &#8211; Fronto manual &#8211; Caja de tornillos + insertos &#8211; Destornillador &#8211; Alicates &#8211; Pistola de aire caliente &#8211; Spray &#8211; Microfibra &#8211; Espejo &#8211; Regla tipo C &#8211; 12 bandejas \u00f3pticas &#8211; 3 bandejas solares &#8211; Rotulador + bol\u00edgrafo.<\/p>\n<p><img loading=\"lazy\" decoding=\"async\" class=\"wp-image-1678 size-large\" src=\"https:\/\/visiotruck.com\/wp-content\/uploads\/2023\/07\/visiotruck-malette-710x1024.jpg\" alt=\"malet\u00edn visiotruck\" width=\"710\" height=\"1024\" srcset=\"https:\/\/visiotruck.com\/wp-content\/uploads\/2023\/07\/visiotruck-malette-710x1024.jpg 710w, https:\/\/visiotruck.com\/wp-content\/uploads\/2023\/07\/visiotruck-malette-208x300.jpg 208w, https:\/\/visiotruck.com\/wp-content\/uploads\/2023\/07\/visiotruck-malette-768x1107.jpg 768w, https:\/\/visiotruck.com\/wp-content\/uploads\/2023\/07\/visiotruck-malette-1065x1536.jpg 1065w, https:\/\/visiotruck.com\/wp-content\/uploads\/2023\/07\/visiotruck-malette-1420x2048.jpg 1420w, https:\/\/visiotruck.com\/wp-content\/uploads\/2023\/07\/visiotruck-malette-scaled.jpg 1776w\" sizes=\"auto, (max-width: 710px) 100vw, 710px\" \/><\/p>\n<p style=\"text-align: center;\">\u00a1Una selecci\u00f3n de 150 marcos!<\/p>\n","protected":false},"excerpt":{"rendered":"<p>El malet\u00edn VISIOTRUCK ha sido dise\u00f1ado por un \u00f3ptico para \u00f3pticos que quieren empezar a trabajar desde casa. Consta de : &#8211; Malet\u00edn d\u00fao &#8211; Caja de prueba de 95 lentes &#8211; Gafa de prueba &#8211; Cilindro en cruz manual \u00b1 0,25 &#8211; Pupil\u00f3metro &#8211; Test de Parinaud &#8211; Escala <a class=\"read-more\" href=\"https:\/\/visiotruck.com\/es\/maletin-visiotruck\/\">Read More&#8230;<\/a><\/p>\n","protected":false},"author":1,"featured_media":0,"parent":0,"menu_order":0,"comment_status":"closed","ping_status":"closed","template":"","meta":{"_uag_custom_page_level_css":"","footnotes":""},"class_list":["post-2355","page","type-page","status-publish","hentry"],"yoast_head":"<!-- This site is optimized with the Yoast SEO plugin v27.4 - https:\/\/yoast.com\/product\/yoast-seo-wordpress\/ -->\n<title>Visiotruck. Malet\u00edn de herramientas \u00f3pticas. Cami\u00f3n de \u00f3ptica m\u00f3vil.<\/title>\n<meta name=\"description\" content=\"Visiotruck. Malet\u00edn de herramientas \u00f3pticas. Cami\u00f3n de \u00f3ptica m\u00f3vil. Especialista en \u00f3ptica a domicilio para particulares y profesionales.\" \/>\n<meta name=\"robots\" content=\"index, follow, max-snippet:-1, max-image-preview:large, max-video-preview:-1\" \/>\n<link rel=\"canonical\" href=\"https:\/\/visiotruck.com\/es\/maletin-visiotruck\/\" \/>\n<meta property=\"og:locale\" content=\"es_ES\" \/>\n<meta property=\"og:type\" content=\"article\" \/>\n<meta property=\"og:title\" content=\"Visiotruck. Malet\u00edn de herramientas \u00f3pticas. Cami\u00f3n de \u00f3ptica m\u00f3vil.\" \/>\n<meta property=\"og:description\" content=\"Visiotruck. Malet\u00edn de herramientas \u00f3pticas. Cami\u00f3n de \u00f3ptica m\u00f3vil. Especialista en \u00f3ptica a domicilio para particulares y profesionales.\" \/>\n<meta property=\"og:url\" content=\"https:\/\/visiotruck.com\/es\/maletin-visiotruck\/\" \/>\n<meta property=\"og:site_name\" content=\"VisioTruck\" \/>\n<meta property=\"article:modified_time\" content=\"2025-01-16T12:12:49+00:00\" \/>\n<meta property=\"og:image\" content=\"https:\/\/visiotruck.com\/wp-content\/uploads\/2023\/07\/visiotruck-malette-710x1024.jpg\" \/>\n<meta name=\"twitter:card\" content=\"summary_large_image\" \/>\n<meta name=\"twitter:label1\" content=\"Tiempo de lectura\" \/>\n\t<meta name=\"twitter:data1\" content=\"1 minuto\" \/>\n<script type=\"application\/ld+json\" class=\"yoast-schema-graph\">{\"@context\":\"https:\\\/\\\/schema.org\",\"@graph\":[{\"@type\":\"WebPage\",\"@id\":\"https:\\\/\\\/visiotruck.com\\\/es\\\/maletin-visiotruck\\\/\",\"url\":\"https:\\\/\\\/visiotruck.com\\\/es\\\/maletin-visiotruck\\\/\",\"name\":\"Visiotruck. Malet\u00edn de herramientas \u00f3pticas. Cami\u00f3n de \u00f3ptica m\u00f3vil.\",\"isPartOf\":{\"@id\":\"https:\\\/\\\/visiotruck.com\\\/es\\\/#website\"},\"primaryImageOfPage\":{\"@id\":\"https:\\\/\\\/visiotruck.com\\\/es\\\/maletin-visiotruck\\\/#primaryimage\"},\"image\":{\"@id\":\"https:\\\/\\\/visiotruck.com\\\/es\\\/maletin-visiotruck\\\/#primaryimage\"},\"thumbnailUrl\":\"https:\\\/\\\/visiotruck.com\\\/wp-content\\\/uploads\\\/2023\\\/07\\\/visiotruck-malette-710x1024.jpg\",\"datePublished\":\"2023-04-12T07:10:28+00:00\",\"dateModified\":\"2025-01-16T12:12:49+00:00\",\"description\":\"Visiotruck. Malet\u00edn de herramientas \u00f3pticas. Cami\u00f3n de \u00f3ptica m\u00f3vil. Especialista en \u00f3ptica a domicilio para particulares y profesionales.\",\"breadcrumb\":{\"@id\":\"https:\\\/\\\/visiotruck.com\\\/es\\\/maletin-visiotruck\\\/#breadcrumb\"},\"inLanguage\":\"es\",\"potentialAction\":[{\"@type\":\"ReadAction\",\"target\":[\"https:\\\/\\\/visiotruck.com\\\/es\\\/maletin-visiotruck\\\/\"]}]},{\"@type\":\"ImageObject\",\"inLanguage\":\"es\",\"@id\":\"https:\\\/\\\/visiotruck.com\\\/es\\\/maletin-visiotruck\\\/#primaryimage\",\"url\":\"https:\\\/\\\/visiotruck.com\\\/wp-content\\\/uploads\\\/2023\\\/07\\\/visiotruck-malette-710x1024.jpg\",\"contentUrl\":\"https:\\\/\\\/visiotruck.com\\\/wp-content\\\/uploads\\\/2023\\\/07\\\/visiotruck-malette-710x1024.jpg\"},{\"@type\":\"BreadcrumbList\",\"@id\":\"https:\\\/\\\/visiotruck.com\\\/es\\\/maletin-visiotruck\\\/#breadcrumb\",\"itemListElement\":[{\"@type\":\"ListItem\",\"position\":1,\"name\":\"Accueil\",\"item\":\"https:\\\/\\\/visiotruck.com\\\/es\\\/?page_id=2309\"},{\"@type\":\"ListItem\",\"position\":2,\"name\":\"Malet\u00edn Visiotruck\"}]},{\"@type\":\"WebSite\",\"@id\":\"https:\\\/\\\/visiotruck.com\\\/es\\\/#website\",\"url\":\"https:\\\/\\\/visiotruck.com\\\/es\\\/\",\"name\":\"VisioTruck\",\"description\":\"Votre camion d\u2019opticien cl\u00e9 en main !\",\"publisher\":{\"@id\":\"https:\\\/\\\/visiotruck.com\\\/es\\\/#organization\"},\"potentialAction\":[{\"@type\":\"SearchAction\",\"target\":{\"@type\":\"EntryPoint\",\"urlTemplate\":\"https:\\\/\\\/visiotruck.com\\\/es\\\/?s={search_term_string}\"},\"query-input\":{\"@type\":\"PropertyValueSpecification\",\"valueRequired\":true,\"valueName\":\"search_term_string\"}}],\"inLanguage\":\"es\"},{\"@type\":\"Organization\",\"@id\":\"https:\\\/\\\/visiotruck.com\\\/es\\\/#organization\",\"name\":\"Visiotruck - Camion Opticien\",\"url\":\"https:\\\/\\\/visiotruck.com\\\/es\\\/\",\"logo\":{\"@type\":\"ImageObject\",\"inLanguage\":\"es\",\"@id\":\"https:\\\/\\\/visiotruck.com\\\/es\\\/#\\\/schema\\\/logo\\\/image\\\/\",\"url\":\"https:\\\/\\\/visiotruck.com\\\/wp-content\\\/uploads\\\/2021\\\/03\\\/cropped-logo-visiotruck_Page_01-1.png\",\"contentUrl\":\"https:\\\/\\\/visiotruck.com\\\/wp-content\\\/uploads\\\/2021\\\/03\\\/cropped-logo-visiotruck_Page_01-1.png\",\"width\":512,\"height\":512,\"caption\":\"Visiotruck - Camion Opticien\"},\"image\":{\"@id\":\"https:\\\/\\\/visiotruck.com\\\/es\\\/#\\\/schema\\\/logo\\\/image\\\/\"}}]}<\/script>\n<!-- \/ Yoast SEO plugin. -->","yoast_head_json":{"title":"Visiotruck. Malet\u00edn de herramientas \u00f3pticas. Cami\u00f3n de \u00f3ptica m\u00f3vil.","description":"Visiotruck. Malet\u00edn de herramientas \u00f3pticas. Cami\u00f3n de \u00f3ptica m\u00f3vil. Especialista en \u00f3ptica a domicilio para particulares y profesionales.","robots":{"index":"index","follow":"follow","max-snippet":"max-snippet:-1","max-image-preview":"max-image-preview:large","max-video-preview":"max-video-preview:-1"},"canonical":"https:\/\/visiotruck.com\/es\/maletin-visiotruck\/","og_locale":"es_ES","og_type":"article","og_title":"Visiotruck. Malet\u00edn de herramientas \u00f3pticas. Cami\u00f3n de \u00f3ptica m\u00f3vil.","og_description":"Visiotruck. Malet\u00edn de herramientas \u00f3pticas. Cami\u00f3n de \u00f3ptica m\u00f3vil. Especialista en \u00f3ptica a domicilio para particulares y profesionales.","og_url":"https:\/\/visiotruck.com\/es\/maletin-visiotruck\/","og_site_name":"VisioTruck","article_modified_time":"2025-01-16T12:12:49+00:00","og_image":[{"url":"https:\/\/visiotruck.com\/wp-content\/uploads\/2023\/07\/visiotruck-malette-710x1024.jpg","type":"","width":"","height":""}],"twitter_card":"summary_large_image","twitter_misc":{"Tiempo de lectura":"1 minuto"},"schema":{"@context":"https:\/\/schema.org","@graph":[{"@type":"WebPage","@id":"https:\/\/visiotruck.com\/es\/maletin-visiotruck\/","url":"https:\/\/visiotruck.com\/es\/maletin-visiotruck\/","name":"Visiotruck. Malet\u00edn de herramientas \u00f3pticas. Cami\u00f3n de \u00f3ptica m\u00f3vil.","isPartOf":{"@id":"https:\/\/visiotruck.com\/es\/#website"},"primaryImageOfPage":{"@id":"https:\/\/visiotruck.com\/es\/maletin-visiotruck\/#primaryimage"},"image":{"@id":"https:\/\/visiotruck.com\/es\/maletin-visiotruck\/#primaryimage"},"thumbnailUrl":"https:\/\/visiotruck.com\/wp-content\/uploads\/2023\/07\/visiotruck-malette-710x1024.jpg","datePublished":"2023-04-12T07:10:28+00:00","dateModified":"2025-01-16T12:12:49+00:00","description":"Visiotruck. Malet\u00edn de herramientas \u00f3pticas. Cami\u00f3n de \u00f3ptica m\u00f3vil. Especialista en \u00f3ptica a domicilio para particulares y profesionales.","breadcrumb":{"@id":"https:\/\/visiotruck.com\/es\/maletin-visiotruck\/#breadcrumb"},"inLanguage":"es","potentialAction":[{"@type":"ReadAction","target":["https:\/\/visiotruck.com\/es\/maletin-visiotruck\/"]}]},{"@type":"ImageObject","inLanguage":"es","@id":"https:\/\/visiotruck.com\/es\/maletin-visiotruck\/#primaryimage","url":"https:\/\/visiotruck.com\/wp-content\/uploads\/2023\/07\/visiotruck-malette-710x1024.jpg","contentUrl":"https:\/\/visiotruck.com\/wp-content\/uploads\/2023\/07\/visiotruck-malette-710x1024.jpg"},{"@type":"BreadcrumbList","@id":"https:\/\/visiotruck.com\/es\/maletin-visiotruck\/#breadcrumb","itemListElement":[{"@type":"ListItem","position":1,"name":"Accueil","item":"https:\/\/visiotruck.com\/es\/?page_id=2309"},{"@type":"ListItem","position":2,"name":"Malet\u00edn Visiotruck"}]},{"@type":"WebSite","@id":"https:\/\/visiotruck.com\/es\/#website","url":"https:\/\/visiotruck.com\/es\/","name":"VisioTruck","description":"Votre camion d\u2019opticien cl\u00e9 en main !","publisher":{"@id":"https:\/\/visiotruck.com\/es\/#organization"},"potentialAction":[{"@type":"SearchAction","target":{"@type":"EntryPoint","urlTemplate":"https:\/\/visiotruck.com\/es\/?s={search_term_string}"},"query-input":{"@type":"PropertyValueSpecification","valueRequired":true,"valueName":"search_term_string"}}],"inLanguage":"es"},{"@type":"Organization","@id":"https:\/\/visiotruck.com\/es\/#organization","name":"Visiotruck - Camion Opticien","url":"https:\/\/visiotruck.com\/es\/","logo":{"@type":"ImageObject","inLanguage":"es","@id":"https:\/\/visiotruck.com\/es\/#\/schema\/logo\/image\/","url":"https:\/\/visiotruck.com\/wp-content\/uploads\/2021\/03\/cropped-logo-visiotruck_Page_01-1.png","contentUrl":"https:\/\/visiotruck.com\/wp-content\/uploads\/2021\/03\/cropped-logo-visiotruck_Page_01-1.png","width":512,"height":512,"caption":"Visiotruck - Camion Opticien"},"image":{"@id":"https:\/\/visiotruck.com\/es\/#\/schema\/logo\/image\/"}}]}},"uagb_featured_image_src":{"full":null,"thumbnail":null,"medium":null,"medium_large":null,"large":null,"1536x1536":null,"2048x2048":null,"post-thumbnail":null,"wc-blog-page":null,"wc-blog-small":null,"wc-testimonial-thumb":null,"wc-service-small-thumb":null,"wc-doctor-thumbnail":null},"uagb_author_info":{"display_name":"Mathieu Jaubert","author_link":"https:\/\/visiotruck.com\/es\/author\/admin5466\/"},"uagb_comment_info":0,"uagb_excerpt":"El malet\u00edn VISIOTRUCK ha sido dise\u00f1ado por un \u00f3ptico para \u00f3pticos que quieren empezar a trabajar desde casa. Consta de : &#8211; Malet\u00edn d\u00fao &#8211; Caja de prueba de 95 lentes &#8211; Gafa de prueba &#8211; Cilindro en cruz manual \u00b1 0,25 &#8211; Pupil\u00f3metro &#8211; Test de Parinaud &#8211; Escala Read More...","_links":{"self":[{"href":"https:\/\/visiotruck.com\/es\/wp-json\/wp\/v2\/pages\/2355","targetHints":{"allow":["GET"]}}],"collection":[{"href":"https:\/\/visiotruck.com\/es\/wp-json\/wp\/v2\/pages"}],"about":[{"href":"https:\/\/visiotruck.com\/es\/wp-json\/wp\/v2\/types\/page"}],"author":[{"embeddable":true,"href":"https:\/\/visiotruck.com\/es\/wp-json\/wp\/v2\/users\/1"}],"replies":[{"embeddable":true,"href":"https:\/\/visiotruck.com\/es\/wp-json\/wp\/v2\/comments?post=2355"}],"version-history":[{"count":1,"href":"https:\/\/visiotruck.com\/es\/wp-json\/wp\/v2\/pages\/2355\/revisions"}],"predecessor-version":[{"id":2357,"href":"https:\/\/visiotruck.com\/es\/wp-json\/wp\/v2\/pages\/2355\/revisions\/2357"}],"wp:attachment":[{"href":"https:\/\/visiotruck.com\/es\/wp-json\/wp\/v2\/media?parent=2355"}],"curies":[{"name":"wp","href":"https:\/\/api.w.org\/{rel}","templated":true}]}}