{"id":2314,"date":"2017-01-18T22:14:31","date_gmt":"2017-01-18T21:14:31","guid":{"rendered":"https:\/\/visiotruck.com\/ponte-en-contacto-con\/"},"modified":"2025-01-16T13:11:26","modified_gmt":"2025-01-16T12:11:26","slug":"ponte-en-contacto-con","status":"publish","type":"page","link":"https:\/\/visiotruck.com\/es\/ponte-en-contacto-con\/","title":{"rendered":"Ponte en contacto con"},"content":{"rendered":"<style type=\"text\/css\">@media only screen and (min-width: 1000px) and (max-width: 5000px){body.kc-css-system .kc-css-139787{width: 25%;}body.kc-css-system .kc-css-1067847{width: 75%;}}<\/style>\n<div class=\"kc-elm kc-css-1166779 kc-row-container module\">\n<div class=\"wc-row row\">\n<div class=\"kc-wrap-columns\">\n<div class=\"kc-elm kc-css-139787 small-12 columns small-12\">\n<div class=\"kc-col-container\">\n<div class=\"kc-elm kc-css-1335011 kc_shortcode kc_single_image\">\n<p>        <img decoding=\"async\" src=\"https:\/\/visiotruck.com\/wp-content\/uploads\/2021\/10\/visiotruck-scaled.jpg\" class=\"\" alt=\"\">    <\/div>\n<div class=\"kc-elm kc-css-1732357 kc-raw-code\">\n<h4>Reun\u00e1monos<\/h4>\n<p>3 chemin des 4 ch\u00eanes &#8211; Za Val de Gers &#8211; 32550 Lasseube Propre<\/p>\n<h4>Atenci\u00f3n al cliente<\/h4>\n<p>Tel: +336 87 81 90 09  <\/p>\n<h4>S\u00edguenos en<\/h4>\n<div class=\"socialicons\">\n                        <a href=\"#\"><i class=\"fa fa-facebook\"><\/i><\/a>\n                    <\/div>\n<\/div>\n<\/div>\n<\/div>\n<div class=\"kc-elm kc-css-1067847 small-12 columns small-12\">\n<div class=\"kc-col-container\">\n<div class=\"kc-elm kc-css-3159266 kc-raw-code\">\n<div class=\"contact-map\">\n     <iframe src=\"https:\/\/www.google.com\/maps\/embed?pb=!1m18!1m12!1m3!1d2890.5060424150597!2d0.6079082654114466!3d43.57517482912405!2m3!1f0!2f0!3f0!3m2!1i1024!2i768!4f13.1!3m3!1m2!1s0x12a97752082ebec5%3A0x1784bf57f3f1d381!2sVisioTruck%20-%20Camion%20d'opticien%20et%20mat%C3%A9riel%20d'optique!5e0!3m2!1sfr!2sfr!4v1670365460839!5m2!1sfr!2sfr\" width=\"600\" height=\"450\" style=\"border:0;\" allowfullscreen=\"\" loading=\"lazy\" referrerpolicy=\"no-referrer-when-downgrade\"><\/iframe>\n                    <\/div>\n<\/div>\n<div class=\"kc-elm kc-css-3074029\" style=\"height: 25px; clear: both; width:100%;\"><\/div>\n<div class=\"kc-elm kc-css-3082695 kc-raw-code\">\n<div class=\"wpforms-container wpforms-container-full wpforms-render-modern\" id=\"wpforms-1765\">\n<form id=\"wpforms-form-1765\" class=\"wpforms-validate wpforms-form wpforms-ajax-form\" data-formid=\"1765\" method=\"post\" enctype=\"multipart\/form-data\" action=\"\/wp-admin\/post.php\" data-token=\"46103239393c7dcd2cd64f35a345e9b9\" data-token-time=\"1715089533\"><noscript class=\"wpforms-error-noscript\">Por favor, activa JavaScript en tu navegador para completar este formulario.<\/noscript><\/p>\n<div class=\"wpforms-hidden\" id=\"wpforms-error-noscript\">Por favor, activa JavaScript en tu navegador para completar este formulario.<\/div>\n<div class=\"wpforms-field-container\">\n<div id=\"wpforms-1765-field_3-container\" class=\"wpforms-field wpforms-field-text\" data-field-id=\"3\"><label class=\"wpforms-field-label\" for=\"wpforms-1765-field_3\">Nombre y apellidos <span class=\"wpforms-required-label\" aria-hidden=\"true\">*<\/span><\/label><input type=\"text\" id=\"wpforms-1765-field_3\" class=\"wpforms-field-medium wpforms-field-required\" name=\"wpforms[fields][3]\" aria-errormessage=\"wpforms-1765-field_3-error\" required=\"\"><\/div>\n<div id=\"wpforms-1765-field_1-container\" class=\"wpforms-field wpforms-field-email\" data-field-id=\"1\"><label class=\"wpforms-field-label\" for=\"wpforms-1765-field_1\">Correo electr\u00f3nico <span class=\"wpforms-required-label\" aria-hidden=\"true\">*<\/span><\/label><input type=\"email\" id=\"wpforms-1765-field_1\" class=\"wpforms-field-medium wpforms-field-required\" name=\"wpforms[fields][1]\" spellcheck=\"false\" aria-errormessage=\"wpforms-1765-field_1-error\" required=\"\"><\/div>\n<div id=\"wpforms-1765-field_4-container\" class=\"wpforms-field wpforms-field-text\" data-field-id=\"4\"><label class=\"wpforms-field-label\" for=\"wpforms-1765-field_4\">N\u00famero de tel\u00e9fono<\/label><input type=\"text\" id=\"wpforms-1765-field_4\" class=\"wpforms-field-medium wpforms-field-required\" name=\"wpforms[fields][4]\" aria-errormessage=\"wpforms-1765-field_4-error\" required=\"\"><\/div>\n<div id=\"wpforms-1765-field_5-container\" class=\"wpforms-field wpforms-field-text\" data-field-id=\"5\"><label class=\"wpforms-field-label\" for=\"wpforms-1765-field_5\">Localizaci\u00f3n<\/label><input type=\"text\" id=\"wpforms-1765-field_5\" class=\"wpforms-field-medium wpforms-field-required\" name=\"wpforms[fields][5]\" aria-errormessage=\"wpforms-1765-field_5-error\" required=\"\"><\/div>\n<div id=\"wpforms-1765-field_2-container\" class=\"wpforms-field wpforms-field-textarea\" data-field-id=\"2\"><label class=\"wpforms-field-label\" for=\"wpforms-1765-field_2\">Tu mensaje <span class=\"wpforms-required-label\" aria-hidden=\"true\">*<\/span><\/label><textarea id=\"wpforms-1765-field_2\" class=\"wpforms-field-medium wpforms-field-required\" name=\"wpforms[fields][2]\" aria-errormessage=\"wpforms-1765-field_2-error\" required=\"\"><\/textarea><\/div>\n<\/div>\n<p><!-- .wpforms-field-container --><\/p>\n<div class=\"wpforms-submit-container\"><input type=\"hidden\" name=\"wpforms[id]\" value=\"1765\">\t\t\t<input type=\"hidden\" name=\"wpforms[nonce]\" value=\"a692541b7d\"><br \/>\n\t\t\t<input type=\"hidden\" name=\"page_title\" value=\"\"><input type=\"hidden\" name=\"page_url\" value=\"https:\/\/visiotruck.com\/wp-admin\/post.php\"><button type=\"submit\" name=\"wpforms[submit]\" id=\"wpforms-submit-1765\" class=\"wpforms-submit\" data-alt-text=\"Envoi...\" data-submit-text=\"Envoyer\" aria-live=\"assertive\" value=\"wpforms-submit\">Env\u00eda<\/button><img loading=\"lazy\" decoding=\"async\" src=\"https:\/\/visiotruck.com\/wp-content\/plugins\/wpforms-lite\/assets\/images\/submit-spin.svg\" class=\"wpforms-submit-spinner\" style=\"display: none;\" width=\"26\" height=\"26\" alt=\"Carga en curso\"><\/div>\n<\/form>\n<\/div>\n<p>  <!-- .wpforms-container --><\/div>\n<\/div>\n<\/div>\n<\/div>\n<\/div>\n<\/div>\n","protected":false},"excerpt":{"rendered":"<p>Reun\u00e1monos 3 chemin des 4 ch\u00eanes &#8211; Za Val de Gers &#8211; 32550 Lasseube Propre Atenci\u00f3n al cliente Tel: +336 87 81 90 09 S\u00edguenos en Por favor, activa JavaScript en tu navegador para completar este formulario. Por favor, activa JavaScript en tu navegador para completar este formulario. Nombre y <a class=\"read-more\" href=\"https:\/\/visiotruck.com\/es\/ponte-en-contacto-con\/\">Read More&#8230;<\/a><\/p>\n","protected":false},"author":1,"featured_media":0,"parent":0,"menu_order":0,"comment_status":"closed","ping_status":"closed","template":"template-modules.php","meta":{"_uag_custom_page_level_css":"","footnotes":""},"class_list":["post-2314","page","type-page","status-publish","hentry"],"yoast_head":"<!-- This site is optimized with the Yoast SEO plugin v27.4 - https:\/\/yoast.com\/product\/yoast-seo-wordpress\/ -->\n<title>Visiotruck. Venta de camiones para \u00f3pticos nuevos y usados.<\/title>\n<meta name=\"description\" content=\"Visiotruck. Venta de camiones para \u00f3pticos nuevos y usados. Cami\u00f3n \u00f3ptico. Cami\u00f3n \u00f3ptico. \u00d3ptica m\u00f3vil. Profesional\" \/>\n<meta name=\"robots\" content=\"index, follow, max-snippet:-1, max-image-preview:large, max-video-preview:-1\" \/>\n<link rel=\"canonical\" href=\"https:\/\/visiotruck.com\/es\/ponte-en-contacto-con\/\" \/>\n<meta property=\"og:locale\" content=\"es_ES\" \/>\n<meta property=\"og:type\" content=\"article\" \/>\n<meta property=\"og:title\" content=\"Visiotruck. Venta de camiones para \u00f3pticos nuevos y usados.\" \/>\n<meta property=\"og:description\" content=\"Visiotruck. Venta de camiones para \u00f3pticos nuevos y usados. Cami\u00f3n \u00f3ptico. Cami\u00f3n \u00f3ptico. \u00d3ptica m\u00f3vil. Profesional\" \/>\n<meta property=\"og:url\" content=\"https:\/\/visiotruck.com\/es\/ponte-en-contacto-con\/\" \/>\n<meta property=\"og:site_name\" content=\"VisioTruck\" \/>\n<meta property=\"article:modified_time\" content=\"2025-01-16T12:11:26+00:00\" \/>\n<meta property=\"og:image\" content=\"https:\/\/visiotruck.com\/wp-content\/uploads\/2021\/10\/visiotruck-scaled.jpg\" \/>\n<meta name=\"twitter:card\" content=\"summary_large_image\" \/>\n<script type=\"application\/ld+json\" class=\"yoast-schema-graph\">{\"@context\":\"https:\\\/\\\/schema.org\",\"@graph\":[{\"@type\":\"WebPage\",\"@id\":\"https:\\\/\\\/visiotruck.com\\\/es\\\/ponte-en-contacto-con\\\/\",\"url\":\"https:\\\/\\\/visiotruck.com\\\/es\\\/ponte-en-contacto-con\\\/\",\"name\":\"Visiotruck. Venta de camiones para \u00f3pticos nuevos y usados.\",\"isPartOf\":{\"@id\":\"https:\\\/\\\/visiotruck.com\\\/es\\\/#website\"},\"primaryImageOfPage\":{\"@id\":\"https:\\\/\\\/visiotruck.com\\\/es\\\/ponte-en-contacto-con\\\/#primaryimage\"},\"image\":{\"@id\":\"https:\\\/\\\/visiotruck.com\\\/es\\\/ponte-en-contacto-con\\\/#primaryimage\"},\"thumbnailUrl\":\"https:\\\/\\\/visiotruck.com\\\/wp-content\\\/uploads\\\/2021\\\/10\\\/visiotruck-scaled.jpg\",\"datePublished\":\"2017-01-18T21:14:31+00:00\",\"dateModified\":\"2025-01-16T12:11:26+00:00\",\"description\":\"Visiotruck. Venta de camiones para \u00f3pticos nuevos y usados. Cami\u00f3n \u00f3ptico. Cami\u00f3n \u00f3ptico. \u00d3ptica m\u00f3vil. Profesional\",\"breadcrumb\":{\"@id\":\"https:\\\/\\\/visiotruck.com\\\/es\\\/ponte-en-contacto-con\\\/#breadcrumb\"},\"inLanguage\":\"es\",\"potentialAction\":[{\"@type\":\"ReadAction\",\"target\":[\"https:\\\/\\\/visiotruck.com\\\/es\\\/ponte-en-contacto-con\\\/\"]}]},{\"@type\":\"ImageObject\",\"inLanguage\":\"es\",\"@id\":\"https:\\\/\\\/visiotruck.com\\\/es\\\/ponte-en-contacto-con\\\/#primaryimage\",\"url\":\"https:\\\/\\\/visiotruck.com\\\/wp-content\\\/uploads\\\/2021\\\/10\\\/visiotruck-scaled.jpg\",\"contentUrl\":\"https:\\\/\\\/visiotruck.com\\\/wp-content\\\/uploads\\\/2021\\\/10\\\/visiotruck-scaled.jpg\"},{\"@type\":\"BreadcrumbList\",\"@id\":\"https:\\\/\\\/visiotruck.com\\\/es\\\/ponte-en-contacto-con\\\/#breadcrumb\",\"itemListElement\":[{\"@type\":\"ListItem\",\"position\":1,\"name\":\"Accueil\",\"item\":\"https:\\\/\\\/visiotruck.com\\\/es\\\/?page_id=2309\"},{\"@type\":\"ListItem\",\"position\":2,\"name\":\"Ponte en contacto con\"}]},{\"@type\":\"WebSite\",\"@id\":\"https:\\\/\\\/visiotruck.com\\\/es\\\/#website\",\"url\":\"https:\\\/\\\/visiotruck.com\\\/es\\\/\",\"name\":\"VisioTruck\",\"description\":\"Votre camion d\u2019opticien cl\u00e9 en main !\",\"publisher\":{\"@id\":\"https:\\\/\\\/visiotruck.com\\\/es\\\/#organization\"},\"potentialAction\":[{\"@type\":\"SearchAction\",\"target\":{\"@type\":\"EntryPoint\",\"urlTemplate\":\"https:\\\/\\\/visiotruck.com\\\/es\\\/?s={search_term_string}\"},\"query-input\":{\"@type\":\"PropertyValueSpecification\",\"valueRequired\":true,\"valueName\":\"search_term_string\"}}],\"inLanguage\":\"es\"},{\"@type\":\"Organization\",\"@id\":\"https:\\\/\\\/visiotruck.com\\\/es\\\/#organization\",\"name\":\"Visiotruck - Camion Opticien\",\"url\":\"https:\\\/\\\/visiotruck.com\\\/es\\\/\",\"logo\":{\"@type\":\"ImageObject\",\"inLanguage\":\"es\",\"@id\":\"https:\\\/\\\/visiotruck.com\\\/es\\\/#\\\/schema\\\/logo\\\/image\\\/\",\"url\":\"https:\\\/\\\/visiotruck.com\\\/wp-content\\\/uploads\\\/2021\\\/03\\\/cropped-logo-visiotruck_Page_01-1.png\",\"contentUrl\":\"https:\\\/\\\/visiotruck.com\\\/wp-content\\\/uploads\\\/2021\\\/03\\\/cropped-logo-visiotruck_Page_01-1.png\",\"width\":512,\"height\":512,\"caption\":\"Visiotruck - Camion Opticien\"},\"image\":{\"@id\":\"https:\\\/\\\/visiotruck.com\\\/es\\\/#\\\/schema\\\/logo\\\/image\\\/\"}}]}<\/script>\n<!-- \/ Yoast SEO plugin. -->","yoast_head_json":{"title":"Visiotruck. Venta de camiones para \u00f3pticos nuevos y usados.","description":"Visiotruck. Venta de camiones para \u00f3pticos nuevos y usados. Cami\u00f3n \u00f3ptico. Cami\u00f3n \u00f3ptico. \u00d3ptica m\u00f3vil. Profesional","robots":{"index":"index","follow":"follow","max-snippet":"max-snippet:-1","max-image-preview":"max-image-preview:large","max-video-preview":"max-video-preview:-1"},"canonical":"https:\/\/visiotruck.com\/es\/ponte-en-contacto-con\/","og_locale":"es_ES","og_type":"article","og_title":"Visiotruck. Venta de camiones para \u00f3pticos nuevos y usados.","og_description":"Visiotruck. Venta de camiones para \u00f3pticos nuevos y usados. Cami\u00f3n \u00f3ptico. Cami\u00f3n \u00f3ptico. \u00d3ptica m\u00f3vil. Profesional","og_url":"https:\/\/visiotruck.com\/es\/ponte-en-contacto-con\/","og_site_name":"VisioTruck","article_modified_time":"2025-01-16T12:11:26+00:00","og_image":[{"url":"https:\/\/visiotruck.com\/wp-content\/uploads\/2021\/10\/visiotruck-scaled.jpg","type":"","width":"","height":""}],"twitter_card":"summary_large_image","schema":{"@context":"https:\/\/schema.org","@graph":[{"@type":"WebPage","@id":"https:\/\/visiotruck.com\/es\/ponte-en-contacto-con\/","url":"https:\/\/visiotruck.com\/es\/ponte-en-contacto-con\/","name":"Visiotruck. Venta de camiones para \u00f3pticos nuevos y usados.","isPartOf":{"@id":"https:\/\/visiotruck.com\/es\/#website"},"primaryImageOfPage":{"@id":"https:\/\/visiotruck.com\/es\/ponte-en-contacto-con\/#primaryimage"},"image":{"@id":"https:\/\/visiotruck.com\/es\/ponte-en-contacto-con\/#primaryimage"},"thumbnailUrl":"https:\/\/visiotruck.com\/wp-content\/uploads\/2021\/10\/visiotruck-scaled.jpg","datePublished":"2017-01-18T21:14:31+00:00","dateModified":"2025-01-16T12:11:26+00:00","description":"Visiotruck. Venta de camiones para \u00f3pticos nuevos y usados. Cami\u00f3n \u00f3ptico. Cami\u00f3n \u00f3ptico. \u00d3ptica m\u00f3vil. Profesional","breadcrumb":{"@id":"https:\/\/visiotruck.com\/es\/ponte-en-contacto-con\/#breadcrumb"},"inLanguage":"es","potentialAction":[{"@type":"ReadAction","target":["https:\/\/visiotruck.com\/es\/ponte-en-contacto-con\/"]}]},{"@type":"ImageObject","inLanguage":"es","@id":"https:\/\/visiotruck.com\/es\/ponte-en-contacto-con\/#primaryimage","url":"https:\/\/visiotruck.com\/wp-content\/uploads\/2021\/10\/visiotruck-scaled.jpg","contentUrl":"https:\/\/visiotruck.com\/wp-content\/uploads\/2021\/10\/visiotruck-scaled.jpg"},{"@type":"BreadcrumbList","@id":"https:\/\/visiotruck.com\/es\/ponte-en-contacto-con\/#breadcrumb","itemListElement":[{"@type":"ListItem","position":1,"name":"Accueil","item":"https:\/\/visiotruck.com\/es\/?page_id=2309"},{"@type":"ListItem","position":2,"name":"Ponte en contacto con"}]},{"@type":"WebSite","@id":"https:\/\/visiotruck.com\/es\/#website","url":"https:\/\/visiotruck.com\/es\/","name":"VisioTruck","description":"Votre camion d\u2019opticien cl\u00e9 en main !","publisher":{"@id":"https:\/\/visiotruck.com\/es\/#organization"},"potentialAction":[{"@type":"SearchAction","target":{"@type":"EntryPoint","urlTemplate":"https:\/\/visiotruck.com\/es\/?s={search_term_string}"},"query-input":{"@type":"PropertyValueSpecification","valueRequired":true,"valueName":"search_term_string"}}],"inLanguage":"es"},{"@type":"Organization","@id":"https:\/\/visiotruck.com\/es\/#organization","name":"Visiotruck - Camion Opticien","url":"https:\/\/visiotruck.com\/es\/","logo":{"@type":"ImageObject","inLanguage":"es","@id":"https:\/\/visiotruck.com\/es\/#\/schema\/logo\/image\/","url":"https:\/\/visiotruck.com\/wp-content\/uploads\/2021\/03\/cropped-logo-visiotruck_Page_01-1.png","contentUrl":"https:\/\/visiotruck.com\/wp-content\/uploads\/2021\/03\/cropped-logo-visiotruck_Page_01-1.png","width":512,"height":512,"caption":"Visiotruck - Camion Opticien"},"image":{"@id":"https:\/\/visiotruck.com\/es\/#\/schema\/logo\/image\/"}}]}},"uagb_featured_image_src":{"full":null,"thumbnail":null,"medium":null,"medium_large":null,"large":null,"1536x1536":null,"2048x2048":null,"post-thumbnail":null,"wc-blog-page":null,"wc-blog-small":null,"wc-testimonial-thumb":null,"wc-service-small-thumb":null,"wc-doctor-thumbnail":null},"uagb_author_info":{"display_name":"Mathieu Jaubert","author_link":"https:\/\/visiotruck.com\/es\/author\/admin5466\/"},"uagb_comment_info":0,"uagb_excerpt":"Reun\u00e1monos 3 chemin des 4 ch\u00eanes &#8211; Za Val de Gers &#8211; 32550 Lasseube Propre Atenci\u00f3n al cliente Tel: +336 87 81 90 09 S\u00edguenos en Por favor, activa JavaScript en tu navegador para completar este formulario. Por favor, activa JavaScript en tu navegador para completar este formulario. Nombre y Read More...","_links":{"self":[{"href":"https:\/\/visiotruck.com\/es\/wp-json\/wp\/v2\/pages\/2314","targetHints":{"allow":["GET"]}}],"collection":[{"href":"https:\/\/visiotruck.com\/es\/wp-json\/wp\/v2\/pages"}],"about":[{"href":"https:\/\/visiotruck.com\/es\/wp-json\/wp\/v2\/types\/page"}],"author":[{"embeddable":true,"href":"https:\/\/visiotruck.com\/es\/wp-json\/wp\/v2\/users\/1"}],"replies":[{"embeddable":true,"href":"https:\/\/visiotruck.com\/es\/wp-json\/wp\/v2\/comments?post=2314"}],"version-history":[{"count":1,"href":"https:\/\/visiotruck.com\/es\/wp-json\/wp\/v2\/pages\/2314\/revisions"}],"predecessor-version":[{"id":2315,"href":"https:\/\/visiotruck.com\/es\/wp-json\/wp\/v2\/pages\/2314\/revisions\/2315"}],"wp:attachment":[{"href":"https:\/\/visiotruck.com\/es\/wp-json\/wp\/v2\/media?parent=2314"}],"curies":[{"name":"wp","href":"https:\/\/api.w.org\/{rel}","templated":true}]}}