{"id":2309,"date":"2017-01-18T22:11:34","date_gmt":"2017-01-18T21:11:34","guid":{"rendered":"https:\/\/visiotruck.com\/inicio\/"},"modified":"2025-01-16T13:11:24","modified_gmt":"2025-01-16T12:11:24","slug":"inicio","status":"publish","type":"page","link":"https:\/\/visiotruck.com\/es\/","title":{"rendered":"Inicio"},"content":{"rendered":"<style type=\"text\/css\">@media only screen and (min-width: 1000px) and (max-width: 5000px){body.kc-css-system .kc-css-4123113{width: 50%;}body.kc-css-system .kc-css-3206704{width: 50%;}}body.kc-css-system .kc-css-42190{margin: -1px 0px 0px 0px;padding: 0px 0px 0px 0px;}body.kc-css-system .kc-css-3185774{margin: 0px 0px 0px 0px;padding: 0px 0px 0px 0px;}body.kc-css-system .kc-css-1002400{color: #ffffff;background: #ffffff;}body.kc-css-system .kc-css-2561978{margin-bottom: 80px;}<\/style>\n<div class=\"kc-elm kc-css-42190 kc-row-container module\">\n<div class=\"wc-row row\">\n<div class=\"kc-wrap-columns\">\n<div class=\"kc-elm kc-css-3185774 small-12 columns small-12\">\n<div class=\"kc-col-container\">\n<div class=\"widget widget_revslider kc-elm kc-css-1002400\">\n\t\t\t<!-- START Home 1 REVOLUTION SLIDER 6.3.4 --><\/p>\n<p class=\"rs-p-wp-fix\">\n<p>\t\t\t<rs-module-wrap id=\"rev_slider_1_2_wrapper\" data-alias=\"home1\" data-source=\"gallery\" style=\"background:transparent;padding:0;\"><br \/>\n\t\t\t\t<rs-module id=\"rev_slider_1_2\" style=\"\" data-version=\"6.3.4\"><br \/>\n\t\t\t\t\t<rs-slides><br \/>\n\t\t\t\t\t\t<rs-slide data-key=\"rs-5\" data-title=\"Slide\" data-thumb=\"\/\/visiotruck.com\/wp-content\/uploads\/2021\/03\/silmo-2023-copie-70x50.png\" data-anim=\"ei:d;eo:d;s:1000;r:0;t:fade;sl:0;\" data-firstanim=\"t:fade;s:300;sl:7;\"><br \/>\n\t\t\t\t\t\t\t<img loading=\"lazy\" decoding=\"async\" src=\"\/\/visiotruck.com\/wp-content\/plugins\/revslider\/public\/assets\/assets\/dummy.png\" alt=\"silmo 2023\" title=\"silmo 2023\" width=\"1233\" height=\"646\" data-lazyload=\"\/\/visiotruck.com\/wp-content\/uploads\/2021\/03\/silmo-2023-copie.png\" data-parallax=\"off\" class=\"rev-slidebg\" data-no-retina=\"\"><br \/>\n<!---->\t\t\t\t\t\t<\/rs-slide><br \/>\n\t\t\t\t\t\t<rs-slide data-key=\"rs-1\" data-title=\"Slide\" data-thumb=\"\/\/visiotruck.com\/wp-content\/uploads\/2021\/03\/visiotruck-70x50.jpg\" data-anim=\"ei:d;eo:d;s:d;r:0;t:slotzoom-horizontal;sl:d;\" data-mediafilter=\"gingham\"><br \/>\n\t\t\t\t\t\t\t<img loading=\"lazy\" decoding=\"async\" src=\"\/\/visiotruck.com\/wp-content\/plugins\/revslider\/public\/assets\/assets\/dummy.png\" alt=\"visiotruck\" title=\"sdr\" width=\"2000\" height=\"999\" data-lazyload=\"\/\/visiotruck.com\/wp-content\/uploads\/2021\/03\/visiotruck.jpg\" data-parallax=\"3\" class=\"rev-slidebg\" data-no-retina=\"\"><br \/>\n<!-- --><rs-layer id=\"slider-1-slide-1-layer-1\" data-type=\"text\" data-color=\"rgba(255, 255, 255, 1)\" data-xy=\"x:l,c,c,c;xo:15px,0,0,0;y:m;yo:-109px,-70px,-70px,-100px;\" data-text=\"w:normal;s:52,60,40,20;l:65,70,50,30;ls:10px;fw:300,700,700,700;a:left,center,center,center;\" data-dim=\"w:883px,640px,480px,300px;\" data-rsp_o=\"off\" data-rsp_bd=\"off\" data-frame_0=\"y:20px;sX:0.9;sY:0.9;\" data-frame_1=\"e:power4.out;st:500;sp:1000;sR:500;\" data-frame_999=\"o:0;e:nothing;st:w;sR:7500;\" style=\"z-index:5;font-family:Roboto Slab;text-transform:uppercase;\"><br \/>\nL\u00edder en venta de camiones para \u00f3pticas<\/rs-layer><!-- --><rs-layer id=\"slider-1-slide-1-layer-2\" data-type=\"text\" data-color=\"rgba(255, 255, 255, 1)\" data-xy=\"x:l,c,c,c;xo:15px,3px,0,0;y:m;yo:7px,82px,39px,0;\" data-text=\"w:normal;s:30,17,17,15;l:43,26,26,24;a:left,center,center,center;\" data-dim=\"w:770px,480px,480px,300px;\" data-rsp_o=\"off\" data-rsp_bd=\"off\" data-frame_0=\"o:1;\" data-frame_1=\"e:power4.out;st:700;sp:1000;sR:700;\" data-frame_999=\"e:nothing;st:w;sR:7300;\" style=\"z-index:6;font-family:Roboto Slab;\"><br \/>\nCamiones usados y nuevos<\/rs-layer><!-- -->\t\t\t\t\t\t<\/rs-slide><br \/>\n\t\t\t\t\t\t<rs-slide data-key=\"rs-2\" data-title=\"Slide\" data-thumb=\"\/\/visiotruck.com\/wp-content\/uploads\/2021\/03\/camion-opticien-neuf-70x50.jpg\" data-anim=\"ei:d;eo:d;s:d;r:0;t:slotzoom-horizontal;sl:d;\" data-mediafilter=\"gingham\"><br \/>\n\t\t\t\t\t\t\t<img loading=\"lazy\" decoding=\"async\" src=\"\/\/visiotruck.com\/wp-content\/plugins\/revslider\/public\/assets\/assets\/dummy.png\" alt=\"nuevo cami\u00f3n \u00f3ptico\" title=\"nuevo cami\u00f3n \u00f3ptico\" width=\"1920\" height=\"889\" data-lazyload=\"\/\/visiotruck.com\/wp-content\/uploads\/2021\/03\/camion-opticien-neuf.jpg\" data-parallax=\"3\" class=\"rev-slidebg\" data-no-retina=\"\"><br \/>\n<!-- --><rs-layer id=\"slider-1-slide-2-layer-1\" data-type=\"text\" data-color=\"#000000||rgba(255, 255, 255, 1)||rgba(255, 255, 255, 1)||rgba(255, 255, 255, 1)\" data-xy=\"x:l,c,c,c;xo:15px,2px,0,0;y:m;yo:-109px,-38px,-70px,-100px;\" data-text=\"w:normal;s:52,60,40,20;l:65,70,50,30;ls:10px;fw:300,700,700,700;a:left,center,center,center;\" data-dim=\"w:927px,720px,480px,300px;h:auto,212px,auto,auto;\" data-rsp_o=\"off\" data-rsp_bd=\"off\" data-frame_0=\"y:20px;sX:0.9;sY:0.9;\" data-frame_1=\"e:power4.out;st:500;sp:1000;sR:500;\" data-frame_999=\"o:0;e:nothing;st:w;sR:7500;\" style=\"z-index:5;font-family:Roboto Slab;text-transform:uppercase;\"><br \/>\nTu cami\u00f3n para \u00f3pticos llave en mano<\/rs-layer><!-- --><rs-layer id=\"slider-1-slide-2-layer-2\" data-type=\"text\" data-color=\"#000000||rgba(255, 255, 255, 1)||rgba(255, 255, 255, 1)||rgba(255, 255, 255, 1)\" data-xy=\"x:l,c,c,c;xo:15px,0,0,0;y:m;yo:7px,73px,39px,0;\" data-text=\"w:normal;s:30,17,17,15;l:43,26,26,24;a:left,center,center,center;\" data-dim=\"w:770px,480px,480px,300px;\" data-rsp_o=\"off\" data-rsp_bd=\"off\" data-frame_0=\"o:1;\" data-frame_1=\"e:power4.out;st:700;sp:1000;sR:700;\" data-frame_999=\"e:nothing;st:w;sR:7300;\" style=\"z-index:6;font-family:Roboto Slab;text-transform:capitalize;\"><br \/>\nUn cami\u00f3n de profesionales para profesionales<\/rs-layer><!-- -->\t\t\t\t\t\t<\/rs-slide><br \/>\n\t\t\t\t\t\t<rs-slide data-key=\"rs-3\" data-title=\"Slide\" data-thumb=\"\/\/visiotruck.com\/wp-content\/uploads\/2021\/03\/camion-opticien-occasion-70x50.jpg\" data-anim=\"ei:d;eo:d;s:d;r:0;t:slotzoom-horizontal;sl:d;\" data-mediafilter=\"gingham\"><br \/>\n\t\t\t\t\t\t\t<img loading=\"lazy\" decoding=\"async\" src=\"\/\/visiotruck.com\/wp-content\/plugins\/revslider\/public\/assets\/assets\/dummy.png\" alt=\"cami\u00f3n \u00f3ptico usado\" title=\"cami\u00f3n \u00f3ptico usado\" width=\"1920\" height=\"889\" data-lazyload=\"\/\/visiotruck.com\/wp-content\/uploads\/2021\/03\/camion-opticien-occasion.jpg\" data-parallax=\"3\" class=\"rev-slidebg\" data-no-retina=\"\"><br \/>\n<!-- --><rs-layer id=\"slider-1-slide-3-layer-1\" data-type=\"text\" data-color=\"#000000||rgba(255, 255, 255, 1)||rgba(255, 255, 255, 1)||rgba(255, 255, 255, 1)\" data-xy=\"x:l,c,c,c;xo:15px,0,0,0;y:m;yo:-109px,-70px,-70px,-100px;\" data-text=\"w:normal;s:52,60,40,20;l:65,70,50,30;ls:10px;fw:300,700,700,700;a:left,center,center,center;\" data-dim=\"w:973px,640px,480px,300px;\" data-rsp_o=\"off\" data-rsp_bd=\"off\" data-frame_0=\"y:20px;sX:0.9;sY:0.9;\" data-frame_1=\"e:power4.out;st:500;sp:1000;sR:500;\" data-frame_999=\"o:0;e:nothing;st:w;sR:7500;\" style=\"z-index:5;font-family:Roboto Slab;text-transform:uppercase;\"><br \/>\nUn cami\u00f3n \u00f3ptico totalmente equipado<\/rs-layer><!-- --><rs-layer id=\"slider-1-slide-3-layer-2\" data-type=\"text\" data-color=\"#000000||rgba(255, 255, 255, 1)||rgba(255, 255, 255, 1)||rgba(255, 255, 255, 1)\" data-xy=\"x:l,c,c,c;xo:15px,3px,0,0;y:m;yo:7px,82px,39px,0;\" data-text=\"w:normal;s:30,17,17,15;l:43,26,26,24;a:left,center,center,center;\" data-dim=\"w:770px,480px,480px,300px;\" data-rsp_o=\"off\" data-rsp_bd=\"off\" data-frame_0=\"o:1;\" data-frame_1=\"e:power4.out;st:700;sp:1000;sR:700;\" data-frame_999=\"e:nothing;st:w;sR:7300;\" style=\"z-index:6;font-family:Roboto Slab;text-transform:capitalize;\"><br \/>\nCamiones equipados con la \u00faltima tecnolog\u00eda<\/rs-layer><!-- -->\t\t\t\t\t\t<\/rs-slide><br \/>\n\t\t\t\t\t\t<rs-slide data-key=\"rs-4\" data-title=\"Slide\" data-thumb=\"\/\/visiotruck.com\/wp-content\/uploads\/2023\/06\/visiotruck-malette-scaled-70x50.jpg\" data-anim=\"ei:d;eo:d;s:d;r:0;t:slotzoom-horizontal;sl:d;\" data-mediafilter=\"gingham\"><br \/>\n\t\t\t\t\t\t\t<img loading=\"lazy\" decoding=\"async\" src=\"\/\/visiotruck.com\/wp-content\/plugins\/revslider\/public\/assets\/assets\/dummy.png\" alt=\"malet\u00edn visiotruck\" title=\"malet\u00edn visiotruck\" width=\"2560\" height=\"1049\" data-lazyload=\"\/\/visiotruck.com\/wp-content\/uploads\/2023\/06\/visiotruck-malette-scaled.jpg\" data-parallax=\"3\" class=\"rev-slidebg\" data-no-retina=\"\"><br \/>\n<!-- --><rs-layer id=\"slider-1-slide-4-layer-1\" data-type=\"text\" data-color=\"#000000||rgba(255, 255, 255, 1)||rgba(255, 255, 255, 1)||rgba(255, 255, 255, 1)\" data-xy=\"x:l,c,c,c;xo:15px,0,0,0;y:m;yo:-109px,-70px,-70px,-100px;\" data-text=\"w:normal;s:52,60,40,20;l:65,70,50,30;ls:10px;fw:300,700,700,700;a:left,center,center,center;\" data-dim=\"w:973px,640px,480px,300px;\" data-rsp_o=\"off\" data-rsp_bd=\"off\" data-frame_0=\"y:20px;sX:0.9;sY:0.9;\" data-frame_1=\"e:power4.out;st:500;sp:1000;sR:500;\" data-frame_999=\"o:0;e:nothing;st:w;sR:7500;\" style=\"z-index:5;font-family:Roboto Slab;text-transform:uppercase;\"><br \/>\n\t\t\t\t\t\t\t<\/rs-layer><!-- --><rs-layer id=\"slider-1-slide-4-layer-2\" data-type=\"text\" data-color=\"#000000||rgba(255, 255, 255, 1)||rgba(255, 255, 255, 1)||rgba(255, 255, 255, 1)\" data-xy=\"x:l,c,c,c;xo:15px,3px,0,0;y:m;yo:7px,82px,39px,0;\" data-text=\"w:normal;s:30,17,17,15;l:43,26,26,24;a:left,center,center,center;\" data-dim=\"w:770px,480px,480px,300px;\" data-rsp_o=\"off\" data-rsp_bd=\"off\" data-frame_0=\"o:1;\" data-frame_1=\"e:power4.out;st:700;sp:1000;sR:700;\" data-frame_999=\"e:nothing;st:w;sR:7300;\" style=\"z-index:6;font-family:Roboto Slab;text-transform:capitalize;\"><br \/>\n\t\t\t\t\t\t\t<\/rs-layer><!-- -->\t\t\t\t\t\t<\/rs-slide><br \/>\n\t\t\t\t\t<\/rs-slides><br \/>\n\t\t\t\t<\/rs-module><br \/>\n\t\t\t\t<script type=\"text\/javascript\">\n\t\t\t\t\tsetREVStartSize({c: 'rev_slider_1_2',rl:[1240,1024,778,480],el:[550,600,500,400],gw:[1200,1200,778,480],gh:[550,600,500,400],type:'standard',justify:'',layout:'fullscreen',offsetContainer:'',offset:'60px',mh:\"0\"});\n\t\t\t\t\tvar\trevapi1,\n\t\t\t\t\t\ttpj;\n\t\t\t\t\tfunction revinit_revslider12() {\n\t\t\t\t\tjQuery(function() {\n\t\t\t\t\t\ttpj = jQuery;\n\t\t\t\t\t\trevapi1 = tpj(\"#rev_slider_1_2\");\n\t\t\t\t\t\tif(revapi1==undefined || revapi1.revolution == undefined){\n\t\t\t\t\t\t\trevslider_showDoubleJqueryError(\"rev_slider_1_2\");\n\t\t\t\t\t\t}else{\n\t\t\t\t\t\t\trevapi1.revolution({\n\t\t\t\t\t\t\t\tsliderLayout:\"fullscreen\",\n\t\t\t\t\t\t\t\tduration:\"3500ms\",\n\t\t\t\t\t\t\t\tvisibilityLevels:\"1240,1024,778,480\",\n\t\t\t\t\t\t\t\tgridwidth:\"1200,1200,778,480\",\n\t\t\t\t\t\t\t\tgridheight:\"550,600,500,400\",\n\t\t\t\t\t\t\t\tlazyType:\"smart\",\n\t\t\t\t\t\t\t\tperspective:600,\n\t\t\t\t\t\t\t\tperspectiveType:\"local\",\n\t\t\t\t\t\t\t\teditorheight:\"550,600,500,400\",\n\t\t\t\t\t\t\t\tresponsiveLevels:\"1240,1024,778,480\",\n\t\t\t\t\t\t\t\tfullScreenOffset:\"60px\",\n\t\t\t\t\t\t\t\tprogressBar: {\n\t\t\t\t\t\t\t\t\tcolor:\"rgba(255,255,255,0.25)\",\n\t\t\t\t\t\t\t\t\tvertical:\"top\",\n\t\t\t\t\t\t\t\t\tsize:8,\n\t\t\t\t\t\t\t\t\tx:0,\n\t\t\t\t\t\t\t\t\ty:0\n\t\t\t\t\t\t\t\t},\n\t\t\t\t\t\t\t\tnavigation: {\n\t\t\t\t\t\t\t\t\tmouseScrollNavigation:false,\n\t\t\t\t\t\t\t\t\twheelCallDelay:1000,\n\t\t\t\t\t\t\t\t\tonHoverStop:false,\n\t\t\t\t\t\t\t\t\ttouch: {\n\t\t\t\t\t\t\t\t\t\ttouchenabled:true,\n\t\t\t\t\t\t\t\t\t\tswipe_min_touches:50\n\t\t\t\t\t\t\t\t\t},\n\t\t\t\t\t\t\t\t\tbullets: {\n\t\t\t\t\t\t\t\t\t\tenable:true,\n\t\t\t\t\t\t\t\t\t\ttmp:\"\",\n\t\t\t\t\t\t\t\t\t\tstyle:\"hermes\",\n\t\t\t\t\t\t\t\t\t\thide_onmobile:true,\n\t\t\t\t\t\t\t\t\t\thide_under:600,\n\t\t\t\t\t\t\t\t\t\th_align:\"right\",\n\t\t\t\t\t\t\t\t\t\tv_align:\"center\",\n\t\t\t\t\t\t\t\t\t\th_offset:20,\n\t\t\t\t\t\t\t\t\t\tv_offset:0,\n\t\t\t\t\t\t\t\t\t\tdirection:\"vertical\"\n\t\t\t\t\t\t\t\t\t}\n\t\t\t\t\t\t\t\t},\n\t\t\t\t\t\t\t\tparallax: {\n\t\t\t\t\t\t\t\t\tlevels:[2,3,4,5,6,7,12,16,10,50,0,0,0,0,0,55],\n\t\t\t\t\t\t\t\t\ttype:\"mouse\",\n\t\t\t\t\t\t\t\t\torigo:\"slidercenter\",\n\t\t\t\t\t\t\t\t\tspeed:2000\n\t\t\t\t\t\t\t\t},\n\t\t\t\t\t\t\t\tfallbacks: {\n\t\t\t\t\t\t\t\t\tallowHTML5AutoPlayOnAndroid:true\n\t\t\t\t\t\t\t\t},\n\t\t\t\t\t\t\t});\n\t\t\t\t\t\t}<\/p>\n<p>\t\t\t\t\t});\n\t\t\t\t\t} \/\/ End of RevInitScript\n\t\t\t\tvar once_revslider12 = false;\n\t\t\t\tif (document.readyState === \"loading\") {document.addEventListener('readystatechange',function() { if((document.readyState === \"interactive\" || document.readyState === \"complete\") && !once_revslider12 ) { once_revslider12 = true; revinit_revslider12();>;} else {once_revslider12 = true; revinit_revslider12();}\n\t\t\t\t<\/script><\/p>\n<style type=\"text\/css\">.rev_slider,.rev_slider_wrapper{overflow:hidden !important}.rev_slider rs-sbg-wrap:after{width:100%;  height:100%;  content:\"\";  position:absolute;  left:0;  top:0;  pointer-events:none; background:rgba(0,0,0,0.25);  z-index:99}<\/style>\n<style type=\"text\/css\">#rev_slider_1_2_wrapper .hermes.tp-bullets{}#rev_slider_1_2_wrapper .hermes .tp-bullet{overflow:hidden;  border-radius:50%;  width:16px;  height:16px;  background-color:rgba(0,0,0,0);  box-shadow:inset 0 0 0 2px #ffffff;  -webkit-transition:background 0.3s ease;  transition:background 0.3s ease;  position:absolute}#rev_slider_1_2_wrapper .hermes .tp-bullet:hover{background-color:rgba(0,0,0,0.21)}#rev_slider_1_2_wrapper .hermes .tp-bullet:after{content:' '; position:absolute; bottom:0; height:0; left:0; width:100%; background-color:#ffffff; box-shadow:0 0 1px #ffffff; -webkit-transition:height 0.3s ease; transition:height 0.3s ease}#rev_slider_1_2_wrapper .hermes .tp-bullet.selected:after{height:100%}<\/style>\n<style type=\"text\/css\"><\/style>\n<p>\t\t\t<\/rs-module-wrap><br \/>\n\t\t\t<!-- END REVOLUTION SLIDER -->\n<\/div>\n<div class=\"kc-elm kc-css-1299983\" style=\"height: 20px; clear: both; width:100%;\"><\/div>\n<\/div>\n<\/div>\n<\/div>\n<\/div>\n<\/div>\n<div class=\"kc-elm kc-css-2561978 kc-row-container module\">\n<div class=\"wc-row row welcome-message home\">\n<div class=\"kc-wrap-columns\">\n<div class=\"kc-elm kc-css-4123113 small-12 columns small-12\">\n<div class=\"kc-col-container\">\n<div class=\"kc-elm kc-css-2127248 kc_text_block\">\n<h2><strong>Bienvenido a Visiotruck<\/strong><strong>el cami\u00f3n de tu \u00f3ptico<\/strong><\/h2>\n<p style=\"text-align: justify;\">\u00bfEres <strong>\u00d3PTICO<\/strong> y buscas un <strong>VISIOTRUCK<\/strong>?<\/p>\n<p style=\"text-align: justify;\">Como nosotros, eres consciente de que <strong>la MOVILIDAD<\/strong> es un activo comercial cada vez m\u00e1s importante. Poder estar lo m\u00e1s cerca posible de nuestros clientes es una de las ventajas que ofrece el <strong>Visiotruck<\/strong>, una <strong>furgoneta transformada y equipada como tienda \u00f3ptica<\/strong>. <\/p>\n<p style=\"text-align: justify;\">Un visiotruck para comprobar la agudeza visual, revisar las gafas, venderlas, entregarlas, ofrecer lentillas, hacer <strong>nuestro trabajo lo m\u00e1s cerca posible de los clientes que no pueden o no quieren desplazarse<\/strong>&#8230;<\/p>\n<p>Visiotruck est\u00e1 especializado en el equipamiento de furgonetas para \u00f3pticas y ofrece 2 tipos de<strong>\u00ab\u00f3ptica sobre ruedas<\/strong>\u00ab.<\/p>\n<\/div>\n<\/div>\n<\/div>\n<div class=\"kc-elm kc-css-3206704 small-12 columns small-12\">\n<div class=\"kc-col-container\">\n<div class=\"kc-elm kc-css-807155 kc_shortcode kc_single_image\">\n<p>        <img decoding=\"async\" src=\"https:\/\/visiotruck.com\/wp-content\/uploads\/2021\/07\/camion-opticien.png\" class=\"\" alt=\"cami\u00f3n \u00f3ptico\">    <\/div>\n<\/div>\n<\/div>\n<\/div>\n<\/div>\n<\/div>\n","protected":false},"excerpt":{"rendered":"<p>L\u00edder en venta de camiones para \u00f3pticas Camiones usados y nuevos Tu cami\u00f3n para \u00f3pticos llave en mano Un cami\u00f3n de profesionales para profesionales Un cami\u00f3n \u00f3ptico totalmente equipado Camiones equipados con la \u00faltima tecnolog\u00eda Bienvenido a Visiotruckel cami\u00f3n de tu \u00f3ptico \u00bfEres \u00d3PTICO y buscas un VISIOTRUCK? Como nosotros, <a class=\"read-more\" href=\"https:\/\/visiotruck.com\/es\/\">Read More&#8230;<\/a><\/p>\n","protected":false},"author":1,"featured_media":0,"parent":0,"menu_order":0,"comment_status":"closed","ping_status":"closed","template":"template-modules.php","meta":{"_uag_custom_page_level_css":"","footnotes":""},"class_list":["post-2309","page","type-page","status-publish","hentry"],"yoast_head":"<!-- This site is optimized with the Yoast SEO plugin v27.3 - https:\/\/yoast.com\/product\/yoast-seo-wordpress\/ -->\n<title>Visiotruck. Venta de camiones para \u00f3pticos nuevos y usados.<\/title>\n<meta name=\"description\" content=\"Visiotruck. Venta de camiones para \u00f3pticas nuevos y usados. \u00d3ptica m\u00f3vil. \u00d3ptico en movimiento. Pantalla Optotipo, Especialista Profesional\" \/>\n<meta name=\"robots\" content=\"index, follow, max-snippet:-1, max-image-preview:large, max-video-preview:-1\" \/>\n<link rel=\"canonical\" href=\"https:\/\/visiotruck.com\/es\/\" \/>\n<meta property=\"og:locale\" content=\"es_ES\" \/>\n<meta property=\"og:type\" content=\"article\" \/>\n<meta property=\"og:title\" content=\"Visiotruck. Venta de camiones para \u00f3pticos nuevos y usados.\" \/>\n<meta property=\"og:description\" content=\"Visiotruck. Venta de camiones para \u00f3pticas nuevos y usados. \u00d3ptica m\u00f3vil. \u00d3ptico en movimiento. Pantalla Optotipo, Especialista Profesional\" \/>\n<meta property=\"og:url\" content=\"https:\/\/visiotruck.com\/es\/\" \/>\n<meta property=\"og:site_name\" content=\"VisioTruck\" \/>\n<meta property=\"article:modified_time\" content=\"2025-01-16T12:11:24+00:00\" \/>\n<meta property=\"og:image\" content=\"https:\/\/visiotruck.com\/wp-content\/uploads\/2021\/07\/camion-opticien.png\" \/>\n<meta name=\"twitter:card\" content=\"summary_large_image\" \/>\n<meta name=\"twitter:label1\" content=\"Tiempo de lectura\" \/>\n\t<meta name=\"twitter:data1\" content=\"1 minuto\" \/>\n<script type=\"application\/ld+json\" class=\"yoast-schema-graph\">{\"@context\":\"https:\\\/\\\/schema.org\",\"@graph\":[{\"@type\":\"WebPage\",\"@id\":\"https:\\\/\\\/visiotruck.com\\\/es\\\/\",\"url\":\"https:\\\/\\\/visiotruck.com\\\/es\\\/\",\"name\":\"Visiotruck. Venta de camiones para \u00f3pticos nuevos y usados.\",\"isPartOf\":{\"@id\":\"https:\\\/\\\/visiotruck.com\\\/es\\\/#website\"},\"primaryImageOfPage\":{\"@id\":\"https:\\\/\\\/visiotruck.com\\\/es\\\/#primaryimage\"},\"image\":{\"@id\":\"https:\\\/\\\/visiotruck.com\\\/es\\\/#primaryimage\"},\"thumbnailUrl\":\"https:\\\/\\\/visiotruck.com\\\/wp-content\\\/uploads\\\/2021\\\/07\\\/camion-opticien.png\",\"datePublished\":\"2017-01-18T21:11:34+00:00\",\"dateModified\":\"2025-01-16T12:11:24+00:00\",\"description\":\"Visiotruck. Venta de camiones para \u00f3pticas nuevos y usados. \u00d3ptica m\u00f3vil. \u00d3ptico en movimiento. Pantalla Optotipo, Especialista Profesional\",\"breadcrumb\":{\"@id\":\"https:\\\/\\\/visiotruck.com\\\/es\\\/#breadcrumb\"},\"inLanguage\":\"es\",\"potentialAction\":[{\"@type\":\"ReadAction\",\"target\":[\"https:\\\/\\\/visiotruck.com\\\/es\\\/\"]}]},{\"@type\":\"ImageObject\",\"inLanguage\":\"es\",\"@id\":\"https:\\\/\\\/visiotruck.com\\\/es\\\/#primaryimage\",\"url\":\"https:\\\/\\\/visiotruck.com\\\/wp-content\\\/uploads\\\/2021\\\/07\\\/camion-opticien.png\",\"contentUrl\":\"https:\\\/\\\/visiotruck.com\\\/wp-content\\\/uploads\\\/2021\\\/07\\\/camion-opticien.png\"},{\"@type\":\"BreadcrumbList\",\"@id\":\"https:\\\/\\\/visiotruck.com\\\/es\\\/#breadcrumb\",\"itemListElement\":[{\"@type\":\"ListItem\",\"position\":1,\"name\":\"Accueil\",\"item\":\"https:\\\/\\\/visiotruck.com\\\/es\\\/?page_id=2309\"},{\"@type\":\"ListItem\",\"position\":2,\"name\":\"Inicio\"}]},{\"@type\":\"WebSite\",\"@id\":\"https:\\\/\\\/visiotruck.com\\\/es\\\/#website\",\"url\":\"https:\\\/\\\/visiotruck.com\\\/es\\\/\",\"name\":\"VisioTruck\",\"description\":\"Votre camion d\u2019opticien cl\u00e9 en main !\",\"publisher\":{\"@id\":\"https:\\\/\\\/visiotruck.com\\\/es\\\/#organization\"},\"potentialAction\":[{\"@type\":\"SearchAction\",\"target\":{\"@type\":\"EntryPoint\",\"urlTemplate\":\"https:\\\/\\\/visiotruck.com\\\/es\\\/?s={search_term_string}\"},\"query-input\":{\"@type\":\"PropertyValueSpecification\",\"valueRequired\":true,\"valueName\":\"search_term_string\"}}],\"inLanguage\":\"es\"},{\"@type\":\"Organization\",\"@id\":\"https:\\\/\\\/visiotruck.com\\\/es\\\/#organization\",\"name\":\"Visiotruck - Camion Opticien\",\"url\":\"https:\\\/\\\/visiotruck.com\\\/es\\\/\",\"logo\":{\"@type\":\"ImageObject\",\"inLanguage\":\"es\",\"@id\":\"https:\\\/\\\/visiotruck.com\\\/es\\\/#\\\/schema\\\/logo\\\/image\\\/\",\"url\":\"https:\\\/\\\/visiotruck.com\\\/wp-content\\\/uploads\\\/2021\\\/03\\\/cropped-logo-visiotruck_Page_01-1.png\",\"contentUrl\":\"https:\\\/\\\/visiotruck.com\\\/wp-content\\\/uploads\\\/2021\\\/03\\\/cropped-logo-visiotruck_Page_01-1.png\",\"width\":512,\"height\":512,\"caption\":\"Visiotruck - Camion Opticien\"},\"image\":{\"@id\":\"https:\\\/\\\/visiotruck.com\\\/es\\\/#\\\/schema\\\/logo\\\/image\\\/\"}}]}<\/script>\n<!-- \/ Yoast SEO plugin. -->","yoast_head_json":{"title":"Visiotruck. Venta de camiones para \u00f3pticos nuevos y usados.","description":"Visiotruck. Venta de camiones para \u00f3pticas nuevos y usados. \u00d3ptica m\u00f3vil. \u00d3ptico en movimiento. Pantalla Optotipo, Especialista Profesional","robots":{"index":"index","follow":"follow","max-snippet":"max-snippet:-1","max-image-preview":"max-image-preview:large","max-video-preview":"max-video-preview:-1"},"canonical":"https:\/\/visiotruck.com\/es\/","og_locale":"es_ES","og_type":"article","og_title":"Visiotruck. Venta de camiones para \u00f3pticos nuevos y usados.","og_description":"Visiotruck. Venta de camiones para \u00f3pticas nuevos y usados. \u00d3ptica m\u00f3vil. \u00d3ptico en movimiento. Pantalla Optotipo, Especialista Profesional","og_url":"https:\/\/visiotruck.com\/es\/","og_site_name":"VisioTruck","article_modified_time":"2025-01-16T12:11:24+00:00","og_image":[{"url":"https:\/\/visiotruck.com\/wp-content\/uploads\/2021\/07\/camion-opticien.png","type":"","width":"","height":""}],"twitter_card":"summary_large_image","twitter_misc":{"Tiempo de lectura":"1 minuto"},"schema":{"@context":"https:\/\/schema.org","@graph":[{"@type":"WebPage","@id":"https:\/\/visiotruck.com\/es\/","url":"https:\/\/visiotruck.com\/es\/","name":"Visiotruck. Venta de camiones para \u00f3pticos nuevos y usados.","isPartOf":{"@id":"https:\/\/visiotruck.com\/es\/#website"},"primaryImageOfPage":{"@id":"https:\/\/visiotruck.com\/es\/#primaryimage"},"image":{"@id":"https:\/\/visiotruck.com\/es\/#primaryimage"},"thumbnailUrl":"https:\/\/visiotruck.com\/wp-content\/uploads\/2021\/07\/camion-opticien.png","datePublished":"2017-01-18T21:11:34+00:00","dateModified":"2025-01-16T12:11:24+00:00","description":"Visiotruck. Venta de camiones para \u00f3pticas nuevos y usados. \u00d3ptica m\u00f3vil. \u00d3ptico en movimiento. Pantalla Optotipo, Especialista Profesional","breadcrumb":{"@id":"https:\/\/visiotruck.com\/es\/#breadcrumb"},"inLanguage":"es","potentialAction":[{"@type":"ReadAction","target":["https:\/\/visiotruck.com\/es\/"]}]},{"@type":"ImageObject","inLanguage":"es","@id":"https:\/\/visiotruck.com\/es\/#primaryimage","url":"https:\/\/visiotruck.com\/wp-content\/uploads\/2021\/07\/camion-opticien.png","contentUrl":"https:\/\/visiotruck.com\/wp-content\/uploads\/2021\/07\/camion-opticien.png"},{"@type":"BreadcrumbList","@id":"https:\/\/visiotruck.com\/es\/#breadcrumb","itemListElement":[{"@type":"ListItem","position":1,"name":"Accueil","item":"https:\/\/visiotruck.com\/es\/?page_id=2309"},{"@type":"ListItem","position":2,"name":"Inicio"}]},{"@type":"WebSite","@id":"https:\/\/visiotruck.com\/es\/#website","url":"https:\/\/visiotruck.com\/es\/","name":"VisioTruck","description":"Votre camion d\u2019opticien cl\u00e9 en main !","publisher":{"@id":"https:\/\/visiotruck.com\/es\/#organization"},"potentialAction":[{"@type":"SearchAction","target":{"@type":"EntryPoint","urlTemplate":"https:\/\/visiotruck.com\/es\/?s={search_term_string}"},"query-input":{"@type":"PropertyValueSpecification","valueRequired":true,"valueName":"search_term_string"}}],"inLanguage":"es"},{"@type":"Organization","@id":"https:\/\/visiotruck.com\/es\/#organization","name":"Visiotruck - Camion Opticien","url":"https:\/\/visiotruck.com\/es\/","logo":{"@type":"ImageObject","inLanguage":"es","@id":"https:\/\/visiotruck.com\/es\/#\/schema\/logo\/image\/","url":"https:\/\/visiotruck.com\/wp-content\/uploads\/2021\/03\/cropped-logo-visiotruck_Page_01-1.png","contentUrl":"https:\/\/visiotruck.com\/wp-content\/uploads\/2021\/03\/cropped-logo-visiotruck_Page_01-1.png","width":512,"height":512,"caption":"Visiotruck - Camion Opticien"},"image":{"@id":"https:\/\/visiotruck.com\/es\/#\/schema\/logo\/image\/"}}]}},"uagb_featured_image_src":{"full":null,"thumbnail":null,"medium":null,"medium_large":null,"large":null,"1536x1536":null,"2048x2048":null,"post-thumbnail":null,"wc-blog-page":null,"wc-blog-small":null,"wc-testimonial-thumb":null,"wc-service-small-thumb":null,"wc-doctor-thumbnail":null},"uagb_author_info":{"display_name":"Mathieu Jaubert","author_link":"https:\/\/visiotruck.com\/es\/author\/admin5466\/"},"uagb_comment_info":0,"uagb_excerpt":"L\u00edder en venta de camiones para \u00f3pticas Camiones usados y nuevos Tu cami\u00f3n para \u00f3pticos llave en mano Un cami\u00f3n de profesionales para profesionales Un cami\u00f3n \u00f3ptico totalmente equipado Camiones equipados con la \u00faltima tecnolog\u00eda Bienvenido a Visiotruckel cami\u00f3n de tu \u00f3ptico \u00bfEres \u00d3PTICO y buscas un VISIOTRUCK? Como nosotros, Read More...","_links":{"self":[{"href":"https:\/\/visiotruck.com\/es\/wp-json\/wp\/v2\/pages\/2309","targetHints":{"allow":["GET"]}}],"collection":[{"href":"https:\/\/visiotruck.com\/es\/wp-json\/wp\/v2\/pages"}],"about":[{"href":"https:\/\/visiotruck.com\/es\/wp-json\/wp\/v2\/types\/page"}],"author":[{"embeddable":true,"href":"https:\/\/visiotruck.com\/es\/wp-json\/wp\/v2\/users\/1"}],"replies":[{"embeddable":true,"href":"https:\/\/visiotruck.com\/es\/wp-json\/wp\/v2\/comments?post=2309"}],"version-history":[{"count":1,"href":"https:\/\/visiotruck.com\/es\/wp-json\/wp\/v2\/pages\/2309\/revisions"}],"predecessor-version":[{"id":2312,"href":"https:\/\/visiotruck.com\/es\/wp-json\/wp\/v2\/pages\/2309\/revisions\/2312"}],"wp:attachment":[{"href":"https:\/\/visiotruck.com\/es\/wp-json\/wp\/v2\/media?parent=2309"}],"curies":[{"name":"wp","href":"https:\/\/api.w.org\/{rel}","templated":true}]}}