{"id":2304,"date":"2017-01-18T22:12:31","date_gmt":"2017-01-18T21:12:31","guid":{"rendered":"https:\/\/visiotruck.com\/sobre-nosotros\/"},"modified":"2025-01-16T13:11:21","modified_gmt":"2025-01-16T12:11:21","slug":"sobre-nosotros","status":"publish","type":"page","link":"https:\/\/visiotruck.com\/es\/sobre-nosotros\/","title":{"rendered":"Sobre nosotros"},"content":{"rendered":"<style type=\"text\/css\">@media only screen and (min-width: 1000px) and (max-width: 5000px){body.kc-css-system .kc-css-451074{width: 50%;}body.kc-css-system .kc-css-2401368{width: 50%;}body.kc-css-system .kc-css-1248670{width: 25%;}body.kc-css-system .kc-css-3527749{width: 25%;}body.kc-css-system .kc-css-1369728{width: 25%;}body.kc-css-system .kc-css-1093506{width: 25%;}}<\/style>\n<div class=\"kc-elm kc-css-2759485 kc-row-container module\">\n<div class=\"wc-row row welcome-message\">\n<div class=\"kc-wrap-columns\">\n<div class=\"kc-elm kc-css-451074 small-12 columns small-12\">\n<div class=\"kc-col-container\">\n<div class=\"kc-elm kc-css-1274774 kc_shortcode kc_single_image\">\n<p>        <img decoding=\"async\" src=\"https:\/\/visiotruck.com\/wp-content\/uploads\/2023\/05\/magasin-opticien-camion.jpg\" class=\"\" alt=\"\">    <\/div>\n<\/div>\n<\/div>\n<div class=\"kc-elm kc-css-2401368 small-12 columns small-12\">\n<div class=\"kc-col-container\">\n<div class=\"kc-elm kc-css-3972964 kc-raw-code\">\n<h2>Acerca de Visiotruck  <\/h2>\n<h3>\u00a1Ofrece un servicio local y facilita el acceso a la asistencia sanitaria!<\/h3>\n<p>Como \u00f3ptico en Auch desde hace m\u00e1s de 15 a\u00f1os, Mathieu Jaubert es experto en salud visual y aporta soluciones \u00f3pticas a cada uno de sus clientes gracias a una escucha activa y un acompa\u00f1amiento personalizado.  <\/p>\n<p>Somos conscientes de las dificultades actuales de movilidad y de las desigualdades en el acceso a la asistencia, y queremos responder a las necesidades m\u00e1s espec\u00edficas de las residencias de ancianos, asilos, asociaciones, comit\u00e9s de empresa y comunidades rurales aisladas. Por eso hemos creado VisioTruck, un servicio innovador dise\u00f1ado para responder cada vez mejor a la demanda.  <\/p>\n<p>VisioTruck es un veh\u00edculo totalmente equipado con equipos de alta tecnolog\u00eda para ventas y entregas a domicilio. VisioTruck es una tienda m\u00f3vil de \u00faltima generaci\u00f3n que ofrece una amplia gama de monturas \u00f3pticas y gafas de sol, as\u00ed como equipos para baja visi\u00f3n y accesorios para gafas.  <\/p>\n<p>  Visiotruck es tambi\u00e9n un equipo de profesionales; nuestros \u00f3pticos y optometristas cualificados est\u00e1n a tu disposici\u00f3n para ofrecerte todos los servicios y conocimientos que necesites, \u00a1est\u00e9s donde est\u00e9s! Con Visiotruck, ofrecemos la ampliaci\u00f3n de garant\u00eda de Renault a 5 a\u00f1os y 100.000 km.  <\/p><\/div>\n<\/div>\n<\/div>\n<\/div>\n<\/div>\n<\/div>\n<div class=\"kc-elm kc-css-547266 kc-row-container module\">\n<div class=\"wc-row row\">\n<div class=\"kc-wrap-columns\">\n<div class=\"kc-elm kc-css-1248670 small-12 columns small-12\">\n<div class=\"kc-col-container\">\n<div id=\"4176934\" class=\"icon-box\">\n<div class=\"icon-side float-left\"><i class=\"fa fa-eye\" aria-hidden=\"true\"><\/i>\n\t\t\t\t\t<\/div>\n<div class=\"info-side float-left\">\n<p><strong>Escucha activa y apoyo personalizado.<\/strong><br \/>En funci\u00f3n de tus necesidades, podemos ofrecerte carretillas personalizadas y el equipo \u00f3ptico adecuado.<\/p>\n<\/p><\/div>\n<div class=\"clearfix\"><\/div>\n<\/p><\/div>\n<\/div>\n<\/div>\n<div class=\"kc-elm kc-css-3527749 small-12 columns small-12\">\n<div class=\"kc-col-container\">\n<div id=\"302441\" class=\"icon-box\">\n<div class=\"icon-side float-left\"><i class=\"fa fa-stethoscope\" aria-hidden=\"true\"><\/i>\n\t\t\t\t\t<\/div>\n<div class=\"info-side float-left\">\n<p><a href=\"https:\/\/visiotruck.com\/\"><strong>Equipos \u00f3pticos de vanguardia<\/strong><\/a><br \/>Equipos \u00f3pticos totalmente personalizados que instalamos para ti o que t\u00fa instalas para nosotros. Todo ello con opciones<\/p>\n<\/p><\/div>\n<div class=\"clearfix\"><\/div>\n<\/p><\/div>\n<\/div>\n<\/div>\n<div class=\"kc-elm kc-css-1369728 small-12 columns small-12\">\n<div class=\"kc-col-container\">\n<div id=\"4045672\" class=\"icon-box\">\n<div class=\"icon-side float-left\"><i class=\"fa fa-user-md\" aria-hidden=\"true\"><\/i>\n\t\t\t\t\t<\/div>\n<div class=\"info-side float-left\">\n<p>2<strong>0 a\u00f1os de experiencia en<\/strong> \u00f3ptica Experiencia demostrada en \u00f3ptica y equipos \u00f3pticos<\/p>\n<\/p><\/div>\n<div class=\"clearfix\"><\/div>\n<\/p><\/div>\n<\/div>\n<\/div>\n<div class=\"kc-elm kc-css-1093506 small-12 columns small-12\">\n<div class=\"kc-col-container\">\n<div id=\"3160536\" class=\"icon-box\">\n<div class=\"icon-side float-left\"><i class=\"fa fa-phone\" aria-hidden=\"true\"><\/i>\n\t\t\t\t\t<\/div>\n<div class=\"info-side float-left\">\n<p>R<strong>eactividad<\/strong> Respondemos a tu solicitud en 24 horas para ofrecerte un cami\u00f3n y un equipo \u00f3ptico a medida.<\/p>\n<\/p><\/div>\n<div class=\"clearfix\"><\/div>\n<\/p><\/div>\n<\/div>\n<\/div>\n<\/div>\n<\/div>\n<\/div>\n","protected":false},"excerpt":{"rendered":"<p>Acerca de Visiotruck \u00a1Ofrece un servicio local y facilita el acceso a la asistencia sanitaria! Como \u00f3ptico en Auch desde hace m\u00e1s de 15 a\u00f1os, Mathieu Jaubert es experto en salud visual y aporta soluciones \u00f3pticas a cada uno de sus clientes gracias a una escucha activa y un acompa\u00f1amiento <a class=\"read-more\" href=\"https:\/\/visiotruck.com\/es\/sobre-nosotros\/\">Read More&#8230;<\/a><\/p>\n","protected":false},"author":1,"featured_media":0,"parent":0,"menu_order":0,"comment_status":"closed","ping_status":"closed","template":"","meta":{"_uag_custom_page_level_css":"","footnotes":""},"class_list":["post-2304","page","type-page","status-publish","hentry"],"yoast_head":"<!-- This site is optimized with the Yoast SEO plugin v27.4 - https:\/\/yoast.com\/product\/yoast-seo-wordpress\/ -->\n<title>Visiotruck. Venta de camiones para \u00f3pticos nuevos y usados.<\/title>\n<meta name=\"description\" content=\"Visiotruck. Venta de camiones para \u00f3pticos nuevos y usados. Especialista Renault Master. \u00d3ptico. Cami\u00f3n \u00f3ptico itinerante.\" \/>\n<meta name=\"robots\" content=\"index, follow, max-snippet:-1, max-image-preview:large, max-video-preview:-1\" \/>\n<link rel=\"canonical\" href=\"https:\/\/visiotruck.com\/es\/sobre-nosotros\/\" \/>\n<meta property=\"og:locale\" content=\"es_ES\" \/>\n<meta property=\"og:type\" content=\"article\" \/>\n<meta property=\"og:title\" content=\"Visiotruck. Venta de camiones para \u00f3pticos nuevos y usados.\" \/>\n<meta property=\"og:description\" content=\"Visiotruck. Venta de camiones para \u00f3pticos nuevos y usados. Especialista Renault Master. \u00d3ptico. Cami\u00f3n \u00f3ptico itinerante.\" \/>\n<meta property=\"og:url\" content=\"https:\/\/visiotruck.com\/es\/sobre-nosotros\/\" \/>\n<meta property=\"og:site_name\" content=\"VisioTruck\" \/>\n<meta property=\"article:modified_time\" content=\"2025-01-16T12:11:21+00:00\" \/>\n<meta property=\"og:image\" content=\"https:\/\/visiotruck.com\/wp-content\/uploads\/2023\/05\/magasin-opticien-camion.jpg\" \/>\n<meta name=\"twitter:card\" content=\"summary_large_image\" \/>\n<meta name=\"twitter:label1\" content=\"Tiempo de lectura\" \/>\n\t<meta name=\"twitter:data1\" content=\"1 minuto\" \/>\n<script type=\"application\/ld+json\" class=\"yoast-schema-graph\">{\"@context\":\"https:\\\/\\\/schema.org\",\"@graph\":[{\"@type\":\"WebPage\",\"@id\":\"https:\\\/\\\/visiotruck.com\\\/es\\\/sobre-nosotros\\\/\",\"url\":\"https:\\\/\\\/visiotruck.com\\\/es\\\/sobre-nosotros\\\/\",\"name\":\"Visiotruck. Venta de camiones para \u00f3pticos nuevos y usados.\",\"isPartOf\":{\"@id\":\"https:\\\/\\\/visiotruck.com\\\/es\\\/#website\"},\"primaryImageOfPage\":{\"@id\":\"https:\\\/\\\/visiotruck.com\\\/es\\\/sobre-nosotros\\\/#primaryimage\"},\"image\":{\"@id\":\"https:\\\/\\\/visiotruck.com\\\/es\\\/sobre-nosotros\\\/#primaryimage\"},\"thumbnailUrl\":\"https:\\\/\\\/visiotruck.com\\\/wp-content\\\/uploads\\\/2023\\\/05\\\/magasin-opticien-camion.jpg\",\"datePublished\":\"2017-01-18T21:12:31+00:00\",\"dateModified\":\"2025-01-16T12:11:21+00:00\",\"description\":\"Visiotruck. Venta de camiones para \u00f3pticos nuevos y usados. Especialista Renault Master. \u00d3ptico. Cami\u00f3n \u00f3ptico itinerante.\",\"breadcrumb\":{\"@id\":\"https:\\\/\\\/visiotruck.com\\\/es\\\/sobre-nosotros\\\/#breadcrumb\"},\"inLanguage\":\"es\",\"potentialAction\":[{\"@type\":\"ReadAction\",\"target\":[\"https:\\\/\\\/visiotruck.com\\\/es\\\/sobre-nosotros\\\/\"]}]},{\"@type\":\"ImageObject\",\"inLanguage\":\"es\",\"@id\":\"https:\\\/\\\/visiotruck.com\\\/es\\\/sobre-nosotros\\\/#primaryimage\",\"url\":\"https:\\\/\\\/visiotruck.com\\\/wp-content\\\/uploads\\\/2023\\\/05\\\/magasin-opticien-camion.jpg\",\"contentUrl\":\"https:\\\/\\\/visiotruck.com\\\/wp-content\\\/uploads\\\/2023\\\/05\\\/magasin-opticien-camion.jpg\"},{\"@type\":\"BreadcrumbList\",\"@id\":\"https:\\\/\\\/visiotruck.com\\\/es\\\/sobre-nosotros\\\/#breadcrumb\",\"itemListElement\":[{\"@type\":\"ListItem\",\"position\":1,\"name\":\"Accueil\",\"item\":\"https:\\\/\\\/visiotruck.com\\\/es\\\/?page_id=2309\"},{\"@type\":\"ListItem\",\"position\":2,\"name\":\"Sobre nosotros\"}]},{\"@type\":\"WebSite\",\"@id\":\"https:\\\/\\\/visiotruck.com\\\/es\\\/#website\",\"url\":\"https:\\\/\\\/visiotruck.com\\\/es\\\/\",\"name\":\"VisioTruck\",\"description\":\"Votre camion d\u2019opticien cl\u00e9 en main !\",\"publisher\":{\"@id\":\"https:\\\/\\\/visiotruck.com\\\/es\\\/#organization\"},\"potentialAction\":[{\"@type\":\"SearchAction\",\"target\":{\"@type\":\"EntryPoint\",\"urlTemplate\":\"https:\\\/\\\/visiotruck.com\\\/es\\\/?s={search_term_string}\"},\"query-input\":{\"@type\":\"PropertyValueSpecification\",\"valueRequired\":true,\"valueName\":\"search_term_string\"}}],\"inLanguage\":\"es\"},{\"@type\":\"Organization\",\"@id\":\"https:\\\/\\\/visiotruck.com\\\/es\\\/#organization\",\"name\":\"Visiotruck - Camion Opticien\",\"url\":\"https:\\\/\\\/visiotruck.com\\\/es\\\/\",\"logo\":{\"@type\":\"ImageObject\",\"inLanguage\":\"es\",\"@id\":\"https:\\\/\\\/visiotruck.com\\\/es\\\/#\\\/schema\\\/logo\\\/image\\\/\",\"url\":\"https:\\\/\\\/visiotruck.com\\\/wp-content\\\/uploads\\\/2021\\\/03\\\/cropped-logo-visiotruck_Page_01-1.png\",\"contentUrl\":\"https:\\\/\\\/visiotruck.com\\\/wp-content\\\/uploads\\\/2021\\\/03\\\/cropped-logo-visiotruck_Page_01-1.png\",\"width\":512,\"height\":512,\"caption\":\"Visiotruck - Camion Opticien\"},\"image\":{\"@id\":\"https:\\\/\\\/visiotruck.com\\\/es\\\/#\\\/schema\\\/logo\\\/image\\\/\"}}]}<\/script>\n<!-- \/ Yoast SEO plugin. -->","yoast_head_json":{"title":"Visiotruck. Venta de camiones para \u00f3pticos nuevos y usados.","description":"Visiotruck. Venta de camiones para \u00f3pticos nuevos y usados. Especialista Renault Master. \u00d3ptico. Cami\u00f3n \u00f3ptico itinerante.","robots":{"index":"index","follow":"follow","max-snippet":"max-snippet:-1","max-image-preview":"max-image-preview:large","max-video-preview":"max-video-preview:-1"},"canonical":"https:\/\/visiotruck.com\/es\/sobre-nosotros\/","og_locale":"es_ES","og_type":"article","og_title":"Visiotruck. Venta de camiones para \u00f3pticos nuevos y usados.","og_description":"Visiotruck. Venta de camiones para \u00f3pticos nuevos y usados. Especialista Renault Master. \u00d3ptico. Cami\u00f3n \u00f3ptico itinerante.","og_url":"https:\/\/visiotruck.com\/es\/sobre-nosotros\/","og_site_name":"VisioTruck","article_modified_time":"2025-01-16T12:11:21+00:00","og_image":[{"url":"https:\/\/visiotruck.com\/wp-content\/uploads\/2023\/05\/magasin-opticien-camion.jpg","type":"","width":"","height":""}],"twitter_card":"summary_large_image","twitter_misc":{"Tiempo de lectura":"1 minuto"},"schema":{"@context":"https:\/\/schema.org","@graph":[{"@type":"WebPage","@id":"https:\/\/visiotruck.com\/es\/sobre-nosotros\/","url":"https:\/\/visiotruck.com\/es\/sobre-nosotros\/","name":"Visiotruck. Venta de camiones para \u00f3pticos nuevos y usados.","isPartOf":{"@id":"https:\/\/visiotruck.com\/es\/#website"},"primaryImageOfPage":{"@id":"https:\/\/visiotruck.com\/es\/sobre-nosotros\/#primaryimage"},"image":{"@id":"https:\/\/visiotruck.com\/es\/sobre-nosotros\/#primaryimage"},"thumbnailUrl":"https:\/\/visiotruck.com\/wp-content\/uploads\/2023\/05\/magasin-opticien-camion.jpg","datePublished":"2017-01-18T21:12:31+00:00","dateModified":"2025-01-16T12:11:21+00:00","description":"Visiotruck. Venta de camiones para \u00f3pticos nuevos y usados. Especialista Renault Master. \u00d3ptico. Cami\u00f3n \u00f3ptico itinerante.","breadcrumb":{"@id":"https:\/\/visiotruck.com\/es\/sobre-nosotros\/#breadcrumb"},"inLanguage":"es","potentialAction":[{"@type":"ReadAction","target":["https:\/\/visiotruck.com\/es\/sobre-nosotros\/"]}]},{"@type":"ImageObject","inLanguage":"es","@id":"https:\/\/visiotruck.com\/es\/sobre-nosotros\/#primaryimage","url":"https:\/\/visiotruck.com\/wp-content\/uploads\/2023\/05\/magasin-opticien-camion.jpg","contentUrl":"https:\/\/visiotruck.com\/wp-content\/uploads\/2023\/05\/magasin-opticien-camion.jpg"},{"@type":"BreadcrumbList","@id":"https:\/\/visiotruck.com\/es\/sobre-nosotros\/#breadcrumb","itemListElement":[{"@type":"ListItem","position":1,"name":"Accueil","item":"https:\/\/visiotruck.com\/es\/?page_id=2309"},{"@type":"ListItem","position":2,"name":"Sobre nosotros"}]},{"@type":"WebSite","@id":"https:\/\/visiotruck.com\/es\/#website","url":"https:\/\/visiotruck.com\/es\/","name":"VisioTruck","description":"Votre camion d\u2019opticien cl\u00e9 en main !","publisher":{"@id":"https:\/\/visiotruck.com\/es\/#organization"},"potentialAction":[{"@type":"SearchAction","target":{"@type":"EntryPoint","urlTemplate":"https:\/\/visiotruck.com\/es\/?s={search_term_string}"},"query-input":{"@type":"PropertyValueSpecification","valueRequired":true,"valueName":"search_term_string"}}],"inLanguage":"es"},{"@type":"Organization","@id":"https:\/\/visiotruck.com\/es\/#organization","name":"Visiotruck - Camion Opticien","url":"https:\/\/visiotruck.com\/es\/","logo":{"@type":"ImageObject","inLanguage":"es","@id":"https:\/\/visiotruck.com\/es\/#\/schema\/logo\/image\/","url":"https:\/\/visiotruck.com\/wp-content\/uploads\/2021\/03\/cropped-logo-visiotruck_Page_01-1.png","contentUrl":"https:\/\/visiotruck.com\/wp-content\/uploads\/2021\/03\/cropped-logo-visiotruck_Page_01-1.png","width":512,"height":512,"caption":"Visiotruck - Camion Opticien"},"image":{"@id":"https:\/\/visiotruck.com\/es\/#\/schema\/logo\/image\/"}}]}},"uagb_featured_image_src":{"full":null,"thumbnail":null,"medium":null,"medium_large":null,"large":null,"1536x1536":null,"2048x2048":null,"post-thumbnail":null,"wc-blog-page":null,"wc-blog-small":null,"wc-testimonial-thumb":null,"wc-service-small-thumb":null,"wc-doctor-thumbnail":null},"uagb_author_info":{"display_name":"Mathieu Jaubert","author_link":"https:\/\/visiotruck.com\/es\/author\/admin5466\/"},"uagb_comment_info":0,"uagb_excerpt":"Acerca de Visiotruck \u00a1Ofrece un servicio local y facilita el acceso a la asistencia sanitaria! Como \u00f3ptico en Auch desde hace m\u00e1s de 15 a\u00f1os, Mathieu Jaubert es experto en salud visual y aporta soluciones \u00f3pticas a cada uno de sus clientes gracias a una escucha activa y un acompa\u00f1amiento Read More...","_links":{"self":[{"href":"https:\/\/visiotruck.com\/es\/wp-json\/wp\/v2\/pages\/2304","targetHints":{"allow":["GET"]}}],"collection":[{"href":"https:\/\/visiotruck.com\/es\/wp-json\/wp\/v2\/pages"}],"about":[{"href":"https:\/\/visiotruck.com\/es\/wp-json\/wp\/v2\/types\/page"}],"author":[{"embeddable":true,"href":"https:\/\/visiotruck.com\/es\/wp-json\/wp\/v2\/users\/1"}],"replies":[{"embeddable":true,"href":"https:\/\/visiotruck.com\/es\/wp-json\/wp\/v2\/comments?post=2304"}],"version-history":[{"count":1,"href":"https:\/\/visiotruck.com\/es\/wp-json\/wp\/v2\/pages\/2304\/revisions"}],"predecessor-version":[{"id":2306,"href":"https:\/\/visiotruck.com\/es\/wp-json\/wp\/v2\/pages\/2304\/revisions\/2306"}],"wp:attachment":[{"href":"https:\/\/visiotruck.com\/es\/wp-json\/wp\/v2\/media?parent=2304"}],"curies":[{"name":"wp","href":"https:\/\/api.w.org\/{rel}","templated":true}]}}